{"id":16,"date":"2011-08-07T21:22:07","date_gmt":"2011-08-07T19:22:07","guid":{"rendered":"http:\/\/www.airsoft.nu\/guider\/?page_id=16"},"modified":"2015-01-14T00:01:31","modified_gmt":"2015-01-13T23:01:31","slug":"installation-av-mosfet-ascu-ii","status":"publish","type":"page","link":"http:\/\/www.airsoft.nu\/guider\/installation-av-mosfet-ascu-ii\/","title":{"rendered":"Installation av mosfet ASCU II"},"content":{"rendered":"<p>Mosfetkretsen ASCU II \u00e4r en efterf\u00f6ljare till den popul\u00e4ra ASCU.\u00a0 B\u00e5da kretsarna \u00e4r tillverkade av det Bulgariska f\u00f6retaget Airsoft Systems. ASCU st\u00e5r f\u00f6r Airsoft Smart Control Unit och \u00e4r mosfet.<\/p>\n<blockquote><p><strong>Kort om vad en MOSFET \u00e4r:<\/strong><\/p>\n<p>En traditionell AEG tar all str\u00f6m fr\u00e5n batteriet och leder den igenom avtryckarens mekanism (switchassembly) vilket g\u00f6r att det \u00e4r ganska mycket motst\u00e5nd f\u00f6r str\u00f6mmen som d\u00e5 \u00e4r svagare n\u00e4r den kommer fram till motorn. Detta \u00e4r d\u00e5 ett sl\u00f6seri av energi som d\u00e5 kommer ut i form av v\u00e4rme, som i sin tur g\u00f6r att blecken i switchassemblyt igensotade. En MOSFET \u00e4r d\u00e5 tanken att den skapar en sluten krets mellan batteri och motor och den str\u00f6m som g\u00e5r igenom avtryckaren \u00e4r mycket svagare \u00e4n traditionellt. D\u00e5 fungerar avtryckaren som en signal att det \u00e4r klart att sl\u00e4ppa igenom str\u00f6mmen till motorn. En MOSFET med aktiv bromsning \u00e4r att den ser till att kuggarna har gjort en hel rotation s\u00e5 att pistongen sl\u00e4pps fram innan den st\u00e4nger av str\u00f6mmen. D\u00e5 genom att du tryckte snabbt p\u00e5 avtryckaren och sl\u00e4ppte innan avfyrningen var klar.<\/p>\n<p>Sedan har vi kretsar som \u00e4r programmerade f\u00f6r vissa funktioner som just ASCU d\u00e4r du kan f\u00e5 ut specella funktioner s\u00e5 som 3 skottsburst. ASCU kommer ju d\u00e5 \u00e4ven med en signaldel som man byter ut mot den traditionella swithassemblyt. P\u00e5 s\u00e5 s\u00e4tt f\u00e5r du \u00e4ven h\u00f6gre respons d\u00e5 \u00e4ven avtryckaren \u00e4r elektronisk \u00e4n mekanisk. Se det som att du trycker p\u00e5 en ljus knapp som fj\u00e4drar tillbaka \u00e4n att du ska plocka upp 2 sladdar och h\u00e5lla dem mot varandra.<\/p>\n<p>Airsoft Systems har nu ytterligare h\u00f6jt ribban genom att g\u00f6ra kretsen i sig mindre och programmerbar av anv\u00e4ndaren f\u00f6r att denne ska f\u00e5 ut den funktion de vill ha av sin AEG. Och i en snar framtid kommer de \u00e4ven sl\u00e4ppa ett hop-uphus som har en sista-skott sp\u00e4rr. Men mer om det n\u00e4r den v\u00e4l har lanserats.<\/p><\/blockquote>\n<p>F\u00f6rutom den utvecklade kretsen som att den \u00e4r mer effektiv s\u00e5 \u00e4r det ett par andra nyheter. Rent utseendem\u00e4ssigt \u00e4r nu sj\u00e4lva kretsen b\u00e4ttre l\u00e4mpad att dra igenom kolvr\u00f6r som i vissa fall var en v\u00e4ldigt tight-fit f\u00f6r de flesta. Sladdarna \u00e4r utbytta fr\u00e5n den h\u00e5rda och l\u00e4tt-att-bryta plasten till en silikonsladd som \u00e4ven hj\u00e4lper till extra vid installationen (mer om det senare) samt att l\u00e4ngden p\u00e5 ena kabeln \u00e4r l\u00e4ngre f\u00f6r enklare installation. En utbytbar datakabel.<\/p>\n<p>Kretsen kan installeras p\u00e5 alla gearbox version 2 (tex M16-serien och MP5-serien) bortsett fr\u00e5n ICS och tillverkaren h\u00e5ller p\u00e5 att ta fram en passande f\u00f6r det fabrikatet.<\/p>\n<p><a title=\"Kretsen, Signalmodulen, Datakabel och Klisterlapp (f\u00f6r insidan av lowern s\u00e5 att Selectorplatens metall inte kommer i kontakt med kroppen).\" href=\"http:\/\/www.airsoft.nu\/guider\/files\/2011\/07\/IMGP16651.jpg\" rel=\"lightbox\"><img decoding=\"async\" class=\"size-full wp-image-51\" title=\"Kretsen, Signalmodulen, Datakabel och Klisterlapp (f\u00f6r insidan av lowern s\u00e5 att Selectorplatens metall inte kommer i kontakt med kroppen).\" src=\"http:\/\/www.airsoft.nu\/guider\/files\/2011\/07\/IMGP16651.jpg\" alt=\"\" width=\"310\" height=\"207\" \/><\/a><a title=\"ASCU II Manual\" href=\"http:\/\/www.airsoft.nu\/guider\/files\/2011\/07\/ascu2manual.jpg\" rel=\"lightbox\"><img decoding=\"async\" class=\"alignright size-full wp-image-74\" title=\"ASCU II manual\" src=\"http:\/\/www.airsoft.nu\/guider\/files\/2011\/07\/ascu2manual.jpg\" alt=\"\" width=\"310\" height=\"207\" srcset=\"http:\/\/www.airsoft.nu\/guider\/files\/2011\/07\/ascu2manual.jpg 620w, http:\/\/www.airsoft.nu\/guider\/files\/2011\/07\/ascu2manual-300x200.jpg 300w\" sizes=\"(max-width: 310px) 100vw, 310px\" \/><\/a><\/p>\n<h1><strong>Inneh\u00e5ll<\/strong><\/h1>\n<p>Kretsen,\u00a0Signalmodulen,\u00a0Datakabel,\u00a0Klisterlapp (f\u00f6r insidan av lowern s\u00e5 att Selectorplatens metall inte kommer i kontakt med kroppen) och\u00a0Bruksanvisning med installationsmanual.<\/p>\n<p>&nbsp;<\/p>\n<h1><strong>Mitt testsystem<a title=\"Vapnet som ASCU II installerades i\" href=\"http:\/\/www.airsoft.nu\/guider\/files\/2011\/07\/ascu2-testvapen.jpg\" rel=\"lightbox\"><img decoding=\"async\" class=\"size-full wp-image-71 alignright\" title=\"Vapnet som ASCU II installerades i\" src=\"http:\/\/www.airsoft.nu\/guider\/files\/2011\/07\/ascu2-testvapen.jpg\" alt=\"\" width=\"300\" height=\"176\" srcset=\"http:\/\/www.airsoft.nu\/guider\/files\/2011\/07\/ascu2-testvapen.jpg 620w, http:\/\/www.airsoft.nu\/guider\/files\/2011\/07\/ascu2-testvapen-300x175.jpg 300w\" sizes=\"(max-width: 300px) 100vw, 300px\" \/><\/a><br \/>\n<\/strong><\/h1>\n<p><strong>Vapen:<\/strong> VFC M416<br \/>\n<strong>Gearbox:<\/strong> Systema Energy<br \/>\n<strong>Motor:<\/strong> VFC Original<br \/>\n<strong>Batteri:<\/strong> 7,4V LiPo 2000mAh och 11,1 V LiPo 1200 mAh<\/p>\n<p>&nbsp;<\/p>\n<h1>Installation<\/h1>\n<h2>1.\u00a0<span class=\"Apple-style-span\" style=\"font-size: 13px; font-weight: normal;\">F\u00f6rsta steget \u00e4r att man tar ut sin gearbox fr\u00e5n vapnet. Mitt tips n\u00e4r du redan h\u00e4r \u00e4r att markera den kortare sladden som kommer ut fr\u00e5n gearboxen till motorn f\u00f6r att sedan kunna anv\u00e4nda den som l\u00e4ngdh\u00e4nvisning senare.<\/span><\/h2>\n<h2>2.\u00a0<span class=\"Apple-style-span\" style=\"font-size: 13px; font-weight: normal;\">\u00d6ppna din gearbox och ta loss i princip allting ur den.<\/span><\/h2>\n<p><img decoding=\"async\" class=\"aligncenter size-full wp-image-57\" title=\"Gearbox helt t\u00f6md p\u00e5 inneh\u00e5ll\" src=\"http:\/\/www.airsoft.nu\/guider\/files\/2011\/07\/IMGP1675.jpg\" alt=\"\" width=\"620\" height=\"477\" srcset=\"http:\/\/www.airsoft.nu\/guider\/files\/2011\/07\/IMGP1675.jpg 620w, http:\/\/www.airsoft.nu\/guider\/files\/2011\/07\/IMGP1675-300x230.jpg 300w\" sizes=\"(max-width: 620px) 100vw, 620px\" \/><\/p>\n<p><span class=\"Apple-style-span\" style=\"font-size: 20px; font-weight: bold;\">3.\u00a0<span class=\"Apple-style-span\" style=\"font-size: 13px; font-weight: normal;\">Ta ut AR-latchen och triggerblockern (bild) d\u00e5 de inte kommer beh\u00f6vas l\u00e4ngre, samt fj\u00e4dern f\u00f6r cut-off levern. Se till att boxen \u00e4r r\u00e4tt shimmad och allt \u00e4r fixat och fint insmort innan du forts\u00e4tter s\u00e5 att ihops\u00e4ttningen g\u00e5r s\u00e5 smidigt som m\u00f6jligt. Gl\u00f6m inte att testa kompressionen och allt s\u00e5dant innan du b\u00f6rjar med installationen. F\u00f6rbered din gearbox med att fila de skarpa kanterna som kan finnas d\u00e4r kablarna ska dras. Bild finns i manualen vart de mest t\u00e4nkbara platserna \u00e4r. Den gamla switchassemblyn beh\u00f6vs ej.<img decoding=\"async\" class=\"alignright size-full wp-image-89\" title=\"Inkoppling av ASCU II\" src=\"http:\/\/www.airsoft.nu\/guider\/files\/2011\/07\/IMGP1688.jpg\" alt=\"\" width=\"620\" height=\"465\" srcset=\"http:\/\/www.airsoft.nu\/guider\/files\/2011\/07\/IMGP1688.jpg 620w, http:\/\/www.airsoft.nu\/guider\/files\/2011\/07\/IMGP1688-300x225.jpg 300w\" sizes=\"(max-width: 620px) 100vw, 620px\" \/><del><br \/>\n<\/del><\/span><\/span><\/p>\n<h2>4.\u00a0<span class=\"Apple-style-span\" style=\"font-size: 13px; font-weight: normal;\">Kontrollera din ASCU V.2 och framf\u00f6rallt datasladden. D\u00e5 utbytbar sladd \u00e4r v\u00e4ldigt bra d\u00e5 den \u00e4r utbytbar ifall olyckan skulle vara framme. Dock det stora negativa \u00e4r att dessa<\/span><\/h2>\n<h2><span class=\"Apple-style-span\" style=\"font-size: 13px; font-weight: normal;\"> \u00e4r lite mer sk\u00f6ra vid just kontakterna s\u00e5 kontrollera dessa noga. <a title=\"Felaktig inkopplad datasladd i signalmodulen\" href=\"http:\/\/www.airsoft.nu\/guider\/files\/2011\/07\/IMGP1682.jpg\" rel=\"lightbox\"><img decoding=\"async\" class=\"size-full wp-image-60 alignright\" title=\"Felaktig inkopplad datasladd i signalmodulen\" src=\"http:\/\/www.airsoft.nu\/guider\/files\/2011\/07\/IMGP1682.jpg\" alt=\"\" width=\"150\" height=\"85\" srcset=\"http:\/\/www.airsoft.nu\/guider\/files\/2011\/07\/IMGP1682.jpg 620w, http:\/\/www.airsoft.nu\/guider\/files\/2011\/07\/IMGP1682-300x169.jpg 300w\" sizes=\"(max-width: 150px) 100vw, 150px\" \/><\/a> <\/span><\/h2>\n<h2><span class=\"Apple-style-span\" style=\"font-size: 13px; font-weight: normal;\">S\u00e5h\u00e4r ska det INTE se ut n\u00e4r du installerar din. Tryck d\u00e5 inte vidare utan tryck in de sm\u00e5 metallkontakterna ordentligt in i sin h\u00e5llare.<\/span><\/h2>\n<h2>5.\u00a0<span class=\"Apple-style-span\" style=\"font-size: 13px; font-weight: normal;\">Enligt manualen vill dem att du ska skruva fast sensorn f\u00f6rst och sedan ansluta datakabeln. Dock efter att jag hade gjort precis s\u00e5 m\u00e4rkte jag att skruvens &#8221;brickhatt&#8221; gick under datakabeln som gjorde att den var sv\u00e5r att koppla in och att det inte blev r\u00e4tt kontakt.\u00a0<\/span><\/h2>\n<h2><span class=\"Apple-style-span\" style=\"font-size: 13px; font-weight: normal;\"><a title=\"F\u00f6r h\u00e5rdh\u00e4nt?\" href=\"http:\/\/www.airsoft.nu\/guider\/files\/2011\/07\/IMGP1722.jpg\" rel=\"lightbox\"><img decoding=\"async\" class=\"alignright size-full wp-image-82\" title=\"F\u00f6r h\u00e5rdh\u00e4nt?\" src=\"http:\/\/www.airsoft.nu\/guider\/files\/2011\/07\/IMGP1722.jpg\" alt=\"\" width=\"130\" srcset=\"http:\/\/www.airsoft.nu\/guider\/files\/2011\/07\/IMGP1722.jpg 620w, http:\/\/www.airsoft.nu\/guider\/files\/2011\/07\/IMGP1722-300x225.jpg 300w\" sizes=\"(max-width: 620px) 100vw, 620px\" \/><\/a>Kr\u00e4vde d\u00e5 att jag tog ut datakabeln igen, vilket inte \u00e4r konstruerad att tas ut igen utan en kraftm\u00e4tning, som gjorde att sj\u00e4lva h\u00e5llaren p\u00e5 datakabeln gick s\u00f6nder. S\u00e5 f\u00f6r att du ska slippa detta g\u00f6r s\u00e5h\u00e4r:<\/span><\/h2>\n<p>Koppla in datasladden i sensorn. S\u00e4tt den p\u00e5 sin plats och ta en skruv som inte beh\u00f6ver g\u00e5 under kontakten.<\/p>\n<h2>6.\u00a0<span class=\"Apple-style-span\" style=\"font-size: 13px; font-weight: normal;\">Modifiera din box f\u00f6r att fungera med ASCU V.2. Egentligen l\u00e5ter det sv\u00e5rare \u00e4n vad det \u00e4r. Se bara till att det inte finns vassa kanter d\u00e4r du ska dra sladdarna d\u00e5 pga datasladdens sk\u00f6ra natur. Du ska \u00e4ven fila bort lite av din selectorplate f\u00f6r att cut-off-levern ska ta emot p\u00e5 den. Du ska d\u00e5 ta och fila bort cirka 5mm fram p\u00e5 den. En v\u00e4ldigt detaljerad bild finns i manualen att tillg\u00e5 s\u00e5 att du inte g\u00f6r fel p\u00e5 just den.<\/span><\/h2>\n<h2>7.\u00a0<span class=\"Apple-style-span\" style=\"font-size: 13px; font-weight: normal;\">Testa din krets. Montera in sensorn, selectorplaten och datasladden i gearboxen. Dra sedan datasladden och koppla in den i sj\u00e4lva kretsen. S\u00e4tt fast motorkablarna i motorn. Kontrollera att selectorplaten inte skapar kontakt mellan blecken. Koppla i batteriet och lyssna att motorn g\u00f6r pipljudet som s\u00e4ger att allt \u00e4r inkopplat. H\u00e5ll i din motor ordentligt s\u00e5 att n\u00e4r den v\u00e4l snurrar s\u00e5 att du inte tappar den. Flytta din selectorplate till l\u00e4get s\u00e5 att den skapar kontakt mellan blecken p\u00e5 sensorkretsen. Notera!! att om det \u00e4r fel p\u00e5 datakabeln s\u00e5 kommer det &#8221;skjuta&#8221; direkt n\u00e4r du f\u00f6r \u00f6ver selectorplaten fr\u00e5n safe till semi vilket g\u00f6r att motorn snurrar direkt och sedan ger ett dubbelpip felmeddelande. Om du inte f\u00e5r detta s\u00e5 \u00e4r det bra.\u00a0 H\u00e5ll i din motor och tryck d\u00e4refter p\u00e5 knappen p\u00e5 sensorenheten. Snurrar motorn efter trycket och sedan ger ett dubbelpip \u00e4r det bra. Felmeddelandet beror p\u00e5 att cut-off levern inte hade flyttat p\u00e5 sig efter det den tror var ett helt varv.<\/span><\/h2>\n<p>F\u00e5r du fel kommer det med all sannolikhet vara datakabeln.<\/p>\n<h2>8.\u00a0<span class=\"Apple-style-span\" style=\"font-size: 13px; font-weight: normal;\">N\u00e4r du provat ut att allt fungerar \u00e4r det dags f\u00f6r kabeldragningen.\u00a0<\/span><\/h2>\n<h2><a title=\"Kablar\" href=\"http:\/\/www.airsoft.nu\/guider\/files\/2011\/08\/IMGP1684.jpg\" rel=\"lightbox\"><img decoding=\"async\" class=\"alignright size-full wp-image-133\" style=\"border-style: initial; border-color: initial;\" title=\"Kablar\" src=\"http:\/\/www.airsoft.nu\/guider\/files\/2011\/08\/IMGP1684.jpg\" alt=\"\" width=\"310\" height=\"233\" srcset=\"http:\/\/www.airsoft.nu\/guider\/files\/2011\/08\/IMGP1684.jpg 600w, http:\/\/www.airsoft.nu\/guider\/files\/2011\/08\/IMGP1684-300x225.jpg 300w\" sizes=\"(max-width: 310px) 100vw, 310px\" \/><\/a><\/h2>\n<h2><span class=\"Apple-style-span\" style=\"font-size: 13px; font-weight: normal;\">Minns att jag n\u00e4mnde i b\u00f6rjan att det \u00e4r bra om du s\u00e4tter en liten tejpbit vid den kortaste av motorsladdarna? F\u00f6r nu kommer det till anv\u00e4ndning. \u00c4ven en uppdatering fr\u00e5n gamla version 1 \u00e4r att man numera inte m\u00e5ste g\u00f6ra den d\u00e4r lilla knorren som kr\u00e4vdes innan som \u00e4ven gjorde att vissa spr\u00e4ckte sina sladdar. Utan nu ska man dra sladden en bit fram mot triggern och sedan g\u00f6ra en helomv\u00e4ndning. Se till att du g\u00f6r v\u00e4ndningen f\u00f6re triggern s\u00e5 den inte r\u00e5kar vila p\u00e5 sladden. H\u00e4r beh\u00f6ver du inte vara superf\u00f6rsiktig, men var inte alldeles f\u00f6r h\u00e5rdh\u00e4nt. N\u00e4r motorsladdarna \u00e4r tillr\u00e4ckligt l\u00e5ngt ute och kablarna \u00e4r dragna s\u00e5 att det \u00e4r ungef\u00e4r lika l\u00e5nga till sj\u00e4lva kretsen.<\/span><\/h2>\n<p><strong>Viktigast med kabeldragningen \u00e4r;<\/strong><\/p>\n<p>1. att kablarna inte skaver emot en vass kant.<\/p>\n<table style=\"width: 625;\" cellspacing=\"0\" cellpadding=\"0\">\n<tbody>\n<tr>\n<td><a title=\"Datakabel i gearbox\" href=\"http:\/\/www.airsoft.nu\/guider\/files\/2011\/08\/IMGP1683.jpg\" rel=\"lightbox\"><img decoding=\"async\" class=\"alignright size-full wp-image-129\" style=\"border-style: initial; border-color: initial;\" title=\"\u00d6ppnad Gearbox\" src=\"http:\/\/www.airsoft.nu\/guider\/files\/2011\/08\/IMGP1683.jpg\" alt=\"\" width=\"310\" height=\"233\" srcset=\"http:\/\/www.airsoft.nu\/guider\/files\/2011\/08\/IMGP1683.jpg 600w, http:\/\/www.airsoft.nu\/guider\/files\/2011\/08\/IMGP1683-300x225.jpg 300w\" sizes=\"(max-width: 310px) 100vw, 310px\" \/><\/a><\/td>\n<td><a title=\"\u00d6ppnad Gearbox\" href=\"http:\/\/www.airsoft.nu\/guider\/files\/2011\/08\/IMGP1687.jpg\" rel=\"lightbox\"><img decoding=\"async\" style=\"border-style: initial; border-color: initial;\" title=\"\u00d6ppnad Gearbox\" src=\"http:\/\/www.airsoft.nu\/guider\/files\/2011\/08\/IMGP1687.jpg\" alt=\"\" width=\"310\" height=\"233\" \/><\/a><\/td>\n<\/tr>\n<\/tbody>\n<\/table>\n<p>2. att den svarta kabeln och datakabeln \u00e4r tryckta riktigt ordentligt mot gearboxens v\u00e4gg s\u00e5 att motors kugg inte sliter upp n\u00e5gon av dem.<\/p>\n<p><span class=\"Apple-style-span\" style=\"font-size: 20px; font-weight: bold;\">9.\u00a0<span class=\"Apple-style-span\" style=\"font-size: 13px; font-weight: normal;\">S\u00e4tt ihop din gearbox med resterande delar som ska in. Skruva ihop och sedan f\u00e4st ditt motorhandtag p\u00e5 och i med motor och testa att allting fungerar felfritt. Om du f\u00e5r felmeddelande av kretsen referera till manualens sistasidor som f\u00f6rklarar m\u00f6jliga fel. Rekommenderar att g\u00f6ra s\u00e5h\u00e4r s\u00e5 du inte s\u00e4tter ihop allting och f\u00e5r felmeddelande och m\u00e5ste ta is\u00e4r allt igen.<\/span><\/span><\/p>\n<p>Fel jag fick var f\u00f6r att jag anv\u00e4nde originalmotorn som har f\u00f6r svaga magneter egentligen f\u00f6r att fungera felfritt med ett 7,4V batteri. Den sk\u00f6t ett par g\u00e5nger, men sen stanna med ett dubbelpip. Satte d\u00e5 i 11.1V och den fungerade utan problem.<\/p>\n<p><span class=\"Apple-style-span\" style=\"font-size: 20px; font-weight: bold;\">10.\u00a0<span class=\"Apple-style-span\" style=\"font-size: 13px; font-weight: normal;\">N\u00e4r allting \u00e4r felfritt \u00e4r det bara att f\u00f6rberedda din lower reciever f\u00f6r gearboxen.<\/span><\/span><\/p>\n<h2><span class=\"Apple-style-span\" style=\"font-size: 13px; font-weight: normal;\"><a title=\"Isolerande tejpbit\" href=\"http:\/\/www.airsoft.nu\/guider\/files\/2011\/08\/IMGP1672.jpg\" rel=\"lightbox\"><img decoding=\"async\" class=\"size-full wp-image-103 alignright\" title=\"Isolerande tejpbit\" src=\"http:\/\/www.airsoft.nu\/guider\/files\/2011\/08\/IMGP1672.jpg\" alt=\"\" width=\"118\" height=\"95\" \/><\/a>Den lilla tejpbiten du fick med ska nu in d\u00e4r selectorplatens metall kommer att r\u00f6ra sig. Man g\u00f6r detta d\u00e5 f\u00f6r att undvika att elen g\u00e5r in i metallen av vapenkroppen och skapar st\u00f6rningar\/kortslutningar. F\u00f6r att f\u00e5 den p\u00e5 r\u00e4tt plats \u00e4r mest att kontrollera med att s\u00e4tta in gearboxen och kolla mha lampa. Tejpbiten \u00e4r tillr\u00e4ckligt stor f\u00f6r en del felmarginal, men om du skulle misslyckas g\u00e5r det bra med eltejp eller silvertejp f\u00f6r ett andra f\u00f6rs\u00f6k.<\/span><\/h2>\n<p><span class=\"Apple-style-span\" style=\"font-size: 20px; font-weight: bold;\">11.\u00a0<span class=\"Apple-style-span\" style=\"font-size: 13px; font-weight: normal;\">S\u00e4tt ihop resten av vapnet och lek. Du kommer vara fascinerad \u00f6ver hur l\u00e4tt det kommer vara att f\u00e5 iv\u00e4g skotten med h\u00f6g respons och du kommer troligen aldrig vilja g\u00e5 tillbaka till det traditionella switchassemblyt. Beroende p\u00e5 vilket vapen du har kan du programmera den till olika l\u00e4gen p\u00e5 semi och auto.<\/span><\/span><\/p>\n<p>&nbsp;<\/p>\n<h1>Programmering<\/h1>\n<p>\u00c4ven nyheten med ASCU v2 \u00e4r just att den \u00e4r programmerbar mha endast din eldv\u00e4ljare och avtryckare.<\/p>\n<p>S\u00e4ttet du \u00e4ndrar Mode \u00e4r genom att ha eldv\u00e4ljaren p\u00e5 &#8221;Safe&#8221;, koppla in batteriet och inom 2 sekunder flyttaeldv\u00e4ljaren till &#8221;Full Auto&#8221; och trycka p\u00e5 avtryckaren. Ett l\u00e4ngre pip kommer indikera att du g\u00e5tt in i programmeringsl\u00e4get. D\u00e4refter kommer den b\u00f6rja r\u00e4kna upp de olika l\u00e4gen som finns mha pip. 1 pip f\u00f6r Mode 1, 2 pip f\u00f6r Mode 2, 3 pip f\u00f6r l\u00e4ge 3 och 4 pip f\u00f6r l\u00e4ge 4. N\u00e4r du h\u00f6r det l\u00e4get du vill anv\u00e4nda s\u00e5 trycker du p\u00e5 avtryckaren. Ett pip kommer d\u00e5 s\u00e4ga att den har blivit vald.<\/p>\n<p><strong>De l\u00e4gen som finns \u00e4r:<\/strong><\/p>\n<p>Mode 1: Single: Singlefire, Auto: 3-Burst och full auto vid nerh\u00e5lld avtryckare (Precis som version 1)<\/p>\n<p>Mode 2: Single: Singlefire, Auto: Full Auto<\/p>\n<p>Mode 3: Single: Singlefire, Auto: 3-Burst<\/p>\n<p>Mode 4: Single fire endast<\/p>\n<p>L\u00e4get du har valt kommer sparas tills du v\u00e4ljer att byta.<\/p>\n<p>&nbsp;<\/p>\n<p>Man kan \u00e4ven programmera i semi l\u00e4get, men d\u00e5 g\u00e4ller det endast om du har Airsoft Systems Empty Magazine Detecting Hop-Up Unit. Manualen s\u00e4ger str\u00e4ngt att man inte ska g\u00e5 in i detta l\u00e4ge om man inte har just den hoppen installerad. Dock ej varf\u00f6r, men man ska inte utmana \u00f6det.<\/p>\n<p>&nbsp;<\/p>\n<p><strong>L\u00e4nk till produkten:<\/strong> <a href=\"http:\/\/www.vapenbutiken.com\/?s=2&amp;p=4&amp;id=12118\" target=\"_blank\">http:\/\/www.vapenbutiken.com\/?p=4&amp;id=12118<\/a><\/p>\n<p><strong>Tillverkarkaren:<\/strong> <a href=\"http:\/\/www.airsoftsystems.com\" target=\"_blank\">http:\/\/www.airsoftsystems.com<\/a><\/p>\n<blockquote><p>Denna guide \u00e4r skriven av Airsoft.nu&#8217;s produkttestare Senchoo och Vapenbutiken som \u00e4r distribut\u00f6r av ASCU II h\u00e4r i Sverige har f\u00f6rsett oss med ett exemplar.<\/p><\/blockquote>\n","protected":false},"excerpt":{"rendered":"<p>Mosfetkretsen ASCU II \u00e4r en efterf\u00f6ljare till den popul\u00e4ra ASCU.\u00a0 B\u00e5da kretsarna \u00e4r tillverkade av det Bulgariska f\u00f6retaget Airsoft Systems. ASCU st\u00e5r f\u00f6r Airsoft Smart Control Unit och \u00e4r mosfet. Kort om vad en MOSFET \u00e4r: En traditionell AEG tar all str\u00f6m fr\u00e5n batteriet och leder den igenom avtryckarens mekanism (switchassembly) vilket g\u00f6r att det [&hellip;]<\/p>\n","protected":false},"author":3,"featured_media":0,"parent":0,"menu_order":0,"comment_status":"open","ping_status":"open","template":"longread.php","meta":{"footnotes":""},"class_list":["post-16","page","type-page","status-publish","hentry"],"_links":{"self":[{"href":"http:\/\/www.airsoft.nu\/guider\/wp-json\/wp\/v2\/pages\/16","targetHints":{"allow":["GET"]}}],"collection":[{"href":"http:\/\/www.airsoft.nu\/guider\/wp-json\/wp\/v2\/pages"}],"about":[{"href":"http:\/\/www.airsoft.nu\/guider\/wp-json\/wp\/v2\/types\/page"}],"author":[{"embeddable":true,"href":"http:\/\/www.airsoft.nu\/guider\/wp-json\/wp\/v2\/users\/3"}],"replies":[{"embeddable":true,"href":"http:\/\/www.airsoft.nu\/guider\/wp-json\/wp\/v2\/comments?post=16"}],"version-history":[{"count":107,"href":"http:\/\/www.airsoft.nu\/guider\/wp-json\/wp\/v2\/pages\/16\/revisions"}],"predecessor-version":[{"id":177,"href":"http:\/\/www.airsoft.nu\/guider\/wp-json\/wp\/v2\/pages\/16\/revisions\/177"}],"wp:attachment":[{"href":"http:\/\/www.airsoft.nu\/guider\/wp-json\/wp\/v2\/media?parent=16"}],"curies":[{"name":"wp","href":"https:\/\/api.w.org\/{rel}","templated":true}]}}