{"id":4,"date":"2011-06-30T20:20:43","date_gmt":"2011-06-30T18:20:43","guid":{"rendered":"http:\/\/www.airsoft.nu\/guider\/?page_id=4"},"modified":"2015-01-13T20:49:15","modified_gmt":"2015-01-13T19:49:15","slug":"guider","status":"publish","type":"page","link":"http:\/\/www.airsoft.nu\/guider\/","title":{"rendered":"Guider"},"content":{"rendered":"<p>H\u00e4r finns n\u00e5gra olika guider skrivna av oss p\u00e5 Airsoft.nu och andra airsoft-v\u00e4nner.<\/p>\n<p>Har du skrivit en guide som du vill ha publicerad p\u00e5 Airsoft.nu kontakta oss f\u00f6r vidare diskussion. Vi tar \u00e4ven g\u00e4rna emot f\u00f6rslag p\u00e5 vad du vill l\u00e4sa guide om.<\/p>\n<h2>Allm\u00e4nt<\/h2>\n<p><a href=\"http:\/\/www.airsoft.nu\/guider\/airsoft-en-guide-for-nyborjare\/\">En guide f\u00f6r nyb\u00f6rjare<\/a><\/p>\n<h2>Airsoftmek<\/h2>\n<p><a title=\"Installation av mosfet ASCU 2\" href=\"http:\/\/www.airsoft.nu\/guider\/installation-av-mosfet-ascu-ii\/\">Installation mosfet ASCU II<\/a><\/p>\n<p><a title=\"Installation av mosfet ASCU 2\" href=\"http:\/\/www.airsoft.nu\/guider\/installation-av-mosfet-ascu-ii\/\"><img decoding=\"async\" class=\"aligncenter size-full wp-image-107\" title=\"Installation av mosfet ASCU 2\" src=\"http:\/\/www.airsoft.nu\/guider\/files\/2011\/06\/installation_ascu2.png\" alt=\"\" width=\"625\" height=\"80\" srcset=\"http:\/\/www.airsoft.nu\/guider\/files\/2011\/06\/installation_ascu2.png 625w, http:\/\/www.airsoft.nu\/guider\/files\/2011\/06\/installation_ascu2-300x38.png 300w\" sizes=\"(max-width: 625px) 100vw, 625px\" \/><\/a><\/p>\n<p>&nbsp;<\/p>\n<blockquote><p>Har du skrivit en guide som du vill ha publicerad p\u00e5 Airsoft.nu kontakta oss f\u00f6r vidare diskussion. Vi tar \u00e4ven g\u00e4rna emot f\u00f6rslag p\u00e5 vad du vill l\u00e4sa guide om.<\/p><\/blockquote>\n","protected":false},"excerpt":{"rendered":"<p>H\u00e4r finns n\u00e5gra olika guider skrivna av oss p\u00e5 Airsoft.nu och andra airsoft-v\u00e4nner. Har du skrivit en guide som du vill ha publicerad p\u00e5 Airsoft.nu kontakta oss f\u00f6r vidare diskussion. Vi tar \u00e4ven g\u00e4rna emot f\u00f6rslag p\u00e5 vad du vill l\u00e4sa guide om. Allm\u00e4nt En guide f\u00f6r nyb\u00f6rjare Airsoftmek Installation mosfet ASCU II &nbsp; Har [&hellip;]<\/p>\n","protected":false},"author":3,"featured_media":0,"parent":0,"menu_order":0,"comment_status":"closed","ping_status":"open","template":"","meta":{"footnotes":""},"class_list":["post-4","page","type-page","status-publish","hentry"],"_links":{"self":[{"href":"http:\/\/www.airsoft.nu\/guider\/wp-json\/wp\/v2\/pages\/4","targetHints":{"allow":["GET"]}}],"collection":[{"href":"http:\/\/www.airsoft.nu\/guider\/wp-json\/wp\/v2\/pages"}],"about":[{"href":"http:\/\/www.airsoft.nu\/guider\/wp-json\/wp\/v2\/types\/page"}],"author":[{"embeddable":true,"href":"http:\/\/www.airsoft.nu\/guider\/wp-json\/wp\/v2\/users\/3"}],"replies":[{"embeddable":true,"href":"http:\/\/www.airsoft.nu\/guider\/wp-json\/wp\/v2\/comments?post=4"}],"version-history":[{"count":8,"href":"http:\/\/www.airsoft.nu\/guider\/wp-json\/wp\/v2\/pages\/4\/revisions"}],"predecessor-version":[{"id":175,"href":"http:\/\/www.airsoft.nu\/guider\/wp-json\/wp\/v2\/pages\/4\/revisions\/175"}],"wp:attachment":[{"href":"http:\/\/www.airsoft.nu\/guider\/wp-json\/wp\/v2\/media?parent=4"}],"curies":[{"name":"wp","href":"https:\/\/api.w.org\/{rel}","templated":true}]}}