{"id":10,"date":"2013-01-26T01:01:21","date_gmt":"2013-01-26T00:01:21","guid":{"rendered":"http:\/\/www.airsoft.nu\/inventering\/?page_id=10"},"modified":"2013-01-27T17:21:07","modified_gmt":"2013-01-27T16:21:07","slug":"startsida","status":"publish","type":"page","link":"http:\/\/www.airsoft.nu\/inventering\/","title":{"rendered":"Startsida"},"content":{"rendered":"<p>Nu h\u00e5ller Airsoft.nu p\u00e5 att <strong>inventera airsofthobbyn 2013<\/strong>.<\/p>\n<p>Vi vill skapa en tydlig bild \u00f6ver vilka <strong>f\u00f6reningar<\/strong> och <strong>lag<\/strong> som finns, <strong>Forum<\/strong> som finns, <strong>Inomhusbanor<\/strong> respektive <strong>Utomhusbanor<\/strong> som finns, vilka <strong>spelarrang\u00f6rer<\/strong> som finns,\u00a0vilka <strong>airsoftbloggar<\/strong> som finns och s\u00e5 vidare.<\/p>\n<p>Tanken \u00e4r att visa upp informationen p\u00e5 kommande airsoftm\u00e4ssan <strong>AirsoftExpo G\u00f6teborg 2013<\/strong> som \u00e4r den 20:e april. D\u00e4refter kommer informationen att visas p\u00e5 Airsoft.nu.<\/p>\n<p><em><strong>Denna inventering kommer att h\u00e5lla p\u00e5 fram till cirka en m\u00e5nad innan m\u00e4ssan.<\/strong><\/em><\/p>\n<p>Tack f\u00f6r hj\u00e4lpen! \ud83d\ude42<\/p>\n<h2><a title=\"Inventering av Airsofthobbyn 2013\" href=\"http:\/\/www.airsoft.nu\/inventering\/formular\/\"><strong>Till formul\u00e4ret!<\/strong><\/a><\/h2>\n","protected":false},"excerpt":{"rendered":"<p>Nu h\u00e5ller Airsoft.nu p\u00e5 att inventera airsofthobbyn 2013. Vi vill skapa en tydlig bild \u00f6ver vilka f\u00f6reningar och lag som finns, Forum som finns, Inomhusbanor respektive Utomhusbanor som finns, vilka spelarrang\u00f6rer som finns,\u00a0vilka airsoftbloggar som finns och s\u00e5 vidare. Tanken \u00e4r att visa upp informationen p\u00e5 kommande airsoftm\u00e4ssan AirsoftExpo G\u00f6teborg 2013 som \u00e4r den 20:e [&hellip;]<\/p>\n","protected":false},"author":3,"featured_media":0,"parent":0,"menu_order":0,"comment_status":"closed","ping_status":"open","template":"page-templates\/front-page.php","meta":{"footnotes":""},"class_list":["post-10","page","type-page","status-publish","hentry"],"_links":{"self":[{"href":"http:\/\/www.airsoft.nu\/inventering\/wp-json\/wp\/v2\/pages\/10","targetHints":{"allow":["GET"]}}],"collection":[{"href":"http:\/\/www.airsoft.nu\/inventering\/wp-json\/wp\/v2\/pages"}],"about":[{"href":"http:\/\/www.airsoft.nu\/inventering\/wp-json\/wp\/v2\/types\/page"}],"author":[{"embeddable":true,"href":"http:\/\/www.airsoft.nu\/inventering\/wp-json\/wp\/v2\/users\/3"}],"replies":[{"embeddable":true,"href":"http:\/\/www.airsoft.nu\/inventering\/wp-json\/wp\/v2\/comments?post=10"}],"version-history":[{"count":18,"href":"http:\/\/www.airsoft.nu\/inventering\/wp-json\/wp\/v2\/pages\/10\/revisions"}],"predecessor-version":[{"id":13,"href":"http:\/\/www.airsoft.nu\/inventering\/wp-json\/wp\/v2\/pages\/10\/revisions\/13"}],"wp:attachment":[{"href":"http:\/\/www.airsoft.nu\/inventering\/wp-json\/wp\/v2\/media?parent=10"}],"curies":[{"name":"wp","href":"https:\/\/api.w.org\/{rel}","templated":true}]}}