{"id":12,"date":"2011-08-09T15:28:42","date_gmt":"2011-08-09T15:28:42","guid":{"rendered":"http:\/\/www.airsoft.nu\/jobb\/?page_id=12"},"modified":"2011-10-04T18:00:23","modified_gmt":"2011-10-04T18:00:23","slug":"roda-stjarnan-butikssaljare","status":"publish","type":"page","link":"http:\/\/www.airsoft.nu\/jobb\/roda-stjarnan-butikssaljare\/","title":{"rendered":"Butikss\u00e4ljare R\u00f6da Stj\u00e4rnans Militaria"},"content":{"rendered":"<h1>Vi s\u00f6ker ny medarbetare<\/h1>\n<p><strong>Butikss\u00e4ljare<img decoding=\"async\" class=\"size-full wp-image-23 alignright\" title=\"R\u00f6da Stj\u00e4rnans Militaria\" src=\"http:\/\/www.airsoft.nu\/jobb\/files\/2011\/08\/Roda_stjarnan.png\" alt=\"\" width=\"145\" height=\"109\" \/><\/strong><br \/>\nSmozle \u00e4r en entrepren\u00f6riell ehandels och butiksf\u00f6retagsgrupp med stark tillv\u00e4xt som kommer att v\u00e4xa med ytterligare verksamheter i framtiden. Idag bedrivs f\u00f6ljande verksamheter: Skrattkammaren, R\u00f6da stj\u00e4rnan militaria, Flagga 24 och P\u00e4lsm\u00f6ssa.se. Butik och kontor finns centralt bel\u00e4get p\u00e5 Roslagsgatan i Stockholm. Ehandels verksamheten \u00e4r starkt kopplad till butiken.<\/p>\n<p>Vi s\u00f6ker nu en engagerad butikss\u00e4ljare till v\u00e5r butik p\u00e5 Roslagsgatan &#8211; Stockholm<\/p>\n<p>Beskrivning: Ditt ansvar som butikss\u00e4ljare att st\u00e5 i kassan och att hj\u00e4lpa kunder i butiken. Service \u00e4r ditt ledord och du s\u00e4tter alltid kunden i fokus.<\/p>\n<p>Vi s\u00f6ker dig som<a href=\"http:\/\/www.airsoft.nu\/jobb\/files\/2011\/08\/Smozle.jpg\"><br \/>\n<\/a>\u00a0&#8211; \u00e4r l\u00e4ttl\u00e4rd och noggrann<br \/>\n&#8211; \u00e4r ordningsam och har l\u00e4tt f\u00f6r att prioritera<br \/>\n&#8211; \u00e4r stresst\u00e5lig<br \/>\n&#8211; har erfarenhet av kundbem\u00f6tande och service, helst fr\u00e5n butiksarbete<br \/>\n&#8211; brinner f\u00f6r f\u00f6rs\u00e4ljning<br \/>\n&#8211; har produktk\u00e4nnedom inom airsoft<\/p>\n<p>Samtliga ans\u00f6kningar g\u00f6rs via email till\u00a0<a href=\"mailto:jobb@smozle.se\">jobb@smozle.se<\/a>. Ans\u00f6kan ska inneh\u00e5lla personligt brev och CV. Vid fr\u00e5gor g\u00e4llande tj\u00e4nsten v\u00e4nligen kontakta rekryteringsansvarig Mikael Edstr\u00f6m via mail mikael@smozle.se.<\/p>\n<p>Intervjuer kan komma att ske l\u00f6pande, varmt v\u00e4lkommen med din ans\u00f6kan! Alla ans\u00f6kningar behandlas konfidentiellt.<\/p>\n<p>Sista ans\u00f6kningsdag f\u00f6r den h\u00e4r tj\u00e4nsten \u00e4r 2011-09-30. <strong><span style=\"color: #ff0000;\">Ans\u00f6kningstiden har g\u00e5tt ut!<\/span><\/strong><\/p>\n<p style=\"text-align: center;\"><img decoding=\"async\" class=\"size-full wp-image-24 aligncenter\" style=\"border-style: initial; border-color: initial;\" title=\"Smozle\" src=\"http:\/\/www.airsoft.nu\/jobb\/files\/2011\/08\/Smozle.jpg\" alt=\"\" width=\"195\" height=\"54\" \/><\/p>\n","protected":false},"excerpt":{"rendered":"<p>Vi s\u00f6ker ny medarbetare Butikss\u00e4ljare Smozle \u00e4r en entrepren\u00f6riell ehandels och butiksf\u00f6retagsgrupp med stark tillv\u00e4xt som kommer att v\u00e4xa med ytterligare verksamheter i framtiden. Idag bedrivs f\u00f6ljande verksamheter: Skrattkammaren, R\u00f6da stj\u00e4rnan militaria, Flagga 24 och P\u00e4lsm\u00f6ssa.se. Butik och kontor finns centralt bel\u00e4get p\u00e5 Roslagsgatan i Stockholm. Ehandels verksamheten \u00e4r starkt kopplad till butiken. Vi s\u00f6ker [&hellip;]<\/p>\n","protected":false},"author":3,"featured_media":0,"parent":0,"menu_order":0,"comment_status":"open","ping_status":"open","template":"","meta":{"footnotes":""},"class_list":["post-12","page","type-page","status-publish","hentry"],"_links":{"self":[{"href":"http:\/\/www.airsoft.nu\/jobb\/wp-json\/wp\/v2\/pages\/12","targetHints":{"allow":["GET"]}}],"collection":[{"href":"http:\/\/www.airsoft.nu\/jobb\/wp-json\/wp\/v2\/pages"}],"about":[{"href":"http:\/\/www.airsoft.nu\/jobb\/wp-json\/wp\/v2\/types\/page"}],"author":[{"embeddable":true,"href":"http:\/\/www.airsoft.nu\/jobb\/wp-json\/wp\/v2\/users\/3"}],"replies":[{"embeddable":true,"href":"http:\/\/www.airsoft.nu\/jobb\/wp-json\/wp\/v2\/comments?post=12"}],"version-history":[{"count":23,"href":"http:\/\/www.airsoft.nu\/jobb\/wp-json\/wp\/v2\/pages\/12\/revisions"}],"predecessor-version":[{"id":49,"href":"http:\/\/www.airsoft.nu\/jobb\/wp-json\/wp\/v2\/pages\/12\/revisions\/49"}],"wp:attachment":[{"href":"http:\/\/www.airsoft.nu\/jobb\/wp-json\/wp\/v2\/media?parent=12"}],"curies":[{"name":"wp","href":"https:\/\/api.w.org\/{rel}","templated":true}]}}