{"id":53,"date":"2014-10-07T12:17:46","date_gmt":"2014-10-07T12:17:46","guid":{"rendered":"http:\/\/www.airsoft.nu\/jobb\/?page_id=53"},"modified":"2014-12-15T10:59:31","modified_gmt":"2014-12-15T10:59:31","slug":"roda-stjarnan-soker-e-butikschef-med-stationering-i-slutarp","status":"publish","type":"page","link":"http:\/\/www.airsoft.nu\/jobb\/roda-stjarnan-soker-e-butikschef-med-stationering-i-slutarp\/","title":{"rendered":"R\u00f6da Stj\u00e4rnan s\u00f6ker e-Butikschef med stationering i Slutarp"},"content":{"rendered":"<h1>E-Butikschef \u2013 R\u00f6da Stj\u00e4rnan i Slutarp.<\/h1>\n<p><img decoding=\"async\" class=\"alignright wp-image-23 size-full\" title=\"R\u00f6da Stj\u00e4rnan\" src=\"http:\/\/www.airsoft.nu\/jobb\/files\/2011\/08\/Roda_stjarnan.png\" alt=\"\" width=\"145\" height=\"109\" \/>R\u00f6da Stj\u00e4rnan \u00e4r ett entrepren\u00f6riellt f\u00f6retag p\u00e5 st\u00e4ndig frammarsch. I h\u00f6gt tempo och med fokus p\u00e5 kundn\u00f6jdhet bygger vi st\u00e4ndigt p\u00e5 det vilket vi vill ska vara det sj\u00e4lvklara valet f\u00f6r airsoftare och milit\u00e4rt intresserade i Sverige. V\u00e5ra produkter riktar sig till personer intresserade av airsoft, outdoor, milit\u00e4r utrustning och kl\u00e4der samt yrkespersoner inom polis, milit\u00e4r och v\u00e4kteri.<br \/>\nVi har butiker i Stockholm, G\u00f6teborg, Malm\u00f6 och Slutarp. Huvudkontoret finns i Stockholm.<\/p>\n<p>Vi ska nu flytta v\u00e5rt webblager och webbavdelning till Slutarp, i direkt anslutning till v\u00e5r butik d\u00e4r. Flytten ber\u00e4knas genomf\u00f6ras i b\u00f6rjan av 2015, prelimin\u00e4rt februari.<\/p>\n<p>R\u00f6da Stj\u00e4rnan s\u00f6ker en engagerad e-butikschef till v\u00e5rt kommande webblager i Slutarp n\u00e4ra Falk\u00f6ping med tilltr\u00e4de i b\u00f6rjan av 2015<\/p>\n<p><strong>Beskrivning:<\/strong><br \/>\nDitt ansvar som e-butikschef \u00e4r att planera, driva och utveckla den dagliga verksamheten med huvudsakligt fokus p\u00e5 inleveranser, orderskickande, kundservice och ledarskap.<\/p>\n<p><strong>Kvalifikationer:<br \/>\n<\/strong>Du m\u00e5ste kunna axla ansvaret att leda och genomf\u00f6ra arbetet med att varje dag skicka ordrar till kund och ta hand om inleveranser av produkter.<\/p>\n<p>Som person \u00e4r du en naturlig lagledare men som samtidigt har ett enormt uppgiftsfokus. Att sj\u00e4lvst\u00e4ndigt eller genom att leda din grupp kunna l\u00f6sa ov\u00e4ntade problem \u00e4r ett m\u00e5ste d\u00e5 huvudkontoret \u00e4r bel\u00e4get i Stockholm.<\/p>\n<p>Du kommer dagligen komma i kontakt med hundratals kunder via v\u00e5r kundservice och webbordrar, varenda en av v\u00e5ra kunder ska f\u00e5 en utm\u00e4rkt service vilket i huvudsak kommer att vara din uppgift. En naturlig fallenhet f\u00f6r att g\u00f6ra m\u00e4nniskor lyckliga och f\u00e5 deras behov tillgodosedda \u00e4r d\u00e4rf\u00f6r ett krav.<\/p>\n<p>Du ska ocks\u00e5 kunna h\u00e5lla huvudet kallt och \u00e4r duktig p\u00e5 att prioritera. Du ska b\u00e5de kunna delegera uppgifter och kunna hugga i sj\u00e4lv d\u00e5 det beh\u00f6vs. Antalet moment som ska genomf\u00f6ras varje dag \u00e4r h\u00f6gt och variationerna stora fr\u00e5n dag till dag.<\/p>\n<p>Du \u00e4r g\u00e4rna ekonomiskt sinnad och har ett stort kostnadsfokus. Erfarenhet av liknande befattning \u00e4r inget krav. Allm\u00e4n datorvana \u00e4r viktigt, men inga specifika programkunskaper kr\u00e4vs.<\/p>\n<p><strong>Utvecklingsm\u00f6jligheter.<br \/>\n<\/strong>Att vara chef f\u00f6r v\u00e5r stora e-handelsbutik \u00e4r en god plats f\u00f6r fortsatt karri\u00e4rutveckling. Tj\u00e4nsten som s\u00f6ks i nul\u00e4get \u00e4r mest inriktad mot logistik, men r\u00e4tt person kan inom en snar framtid \u00e4ven axla ansvaret f\u00f6r marknadsf\u00f6ring p\u00e5 webben och \u00e4ven utveckling av contet p\u00e5 v\u00e5r hemsida. Man kan ta arbetsuppgifter som nu ligger p\u00e5 ledningen s\u00e5som sociala medier, sortimentsoptimering, kontakt med f\u00f6retagskunder och ansvaret f\u00f6r v\u00e5r multikanalstrategi f\u00f6r att p\u00e5 s\u00e5 s\u00e4tt ut\u00f6ka sitt ansvarsomr\u00e5de.<\/p>\n<p><strong>L\u00f6n:<\/strong> Utg\u00e5ngspunkt f\u00f6r f\u00f6rhandling om ing\u00e5ngsl\u00f6n \u00e4r 21.500 kr\/m\u00e5nad. Tj\u00e4nsten \u00e4r heltid.<\/p>\n<p><strong>Sista ans\u00f6kningsdag:<\/strong> 2014-11-30. <span style=\"color: #ff0000;\"><strong>Ans\u00f6kningstiden har g\u00e5tt ut!<\/strong><\/span><\/p>\n<p>Fr\u00e5gor st\u00e4lls till <a href=\"mailto:info@rodastjarnan.com\" target=\"_blank\">info@rodastjarnan.com<\/a><\/p>\n","protected":false},"excerpt":{"rendered":"<p>E-Butikschef \u2013 R\u00f6da Stj\u00e4rnan i Slutarp. R\u00f6da Stj\u00e4rnan \u00e4r ett entrepren\u00f6riellt f\u00f6retag p\u00e5 st\u00e4ndig frammarsch. I h\u00f6gt tempo och med fokus p\u00e5 kundn\u00f6jdhet bygger vi st\u00e4ndigt p\u00e5 det vilket vi vill ska vara det sj\u00e4lvklara valet f\u00f6r airsoftare och milit\u00e4rt intresserade i Sverige. V\u00e5ra produkter riktar sig till personer intresserade av airsoft, outdoor, milit\u00e4r utrustning [&hellip;]<\/p>\n","protected":false},"author":3,"featured_media":0,"parent":0,"menu_order":0,"comment_status":"open","ping_status":"open","template":"","meta":{"footnotes":""},"class_list":["post-53","page","type-page","status-publish","hentry"],"_links":{"self":[{"href":"http:\/\/www.airsoft.nu\/jobb\/wp-json\/wp\/v2\/pages\/53","targetHints":{"allow":["GET"]}}],"collection":[{"href":"http:\/\/www.airsoft.nu\/jobb\/wp-json\/wp\/v2\/pages"}],"about":[{"href":"http:\/\/www.airsoft.nu\/jobb\/wp-json\/wp\/v2\/types\/page"}],"author":[{"embeddable":true,"href":"http:\/\/www.airsoft.nu\/jobb\/wp-json\/wp\/v2\/users\/3"}],"replies":[{"embeddable":true,"href":"http:\/\/www.airsoft.nu\/jobb\/wp-json\/wp\/v2\/comments?post=53"}],"version-history":[{"count":10,"href":"http:\/\/www.airsoft.nu\/jobb\/wp-json\/wp\/v2\/pages\/53\/revisions"}],"predecessor-version":[{"id":67,"href":"http:\/\/www.airsoft.nu\/jobb\/wp-json\/wp\/v2\/pages\/53\/revisions\/67"}],"wp:attachment":[{"href":"http:\/\/www.airsoft.nu\/jobb\/wp-json\/wp\/v2\/media?parent=53"}],"curies":[{"name":"wp","href":"https:\/\/api.w.org\/{rel}","templated":true}]}}