{"id":7,"date":"2011-07-21T17:38:31","date_gmt":"2011-07-21T17:38:31","guid":{"rendered":"http:\/\/www.airsoft.nu\/jobb\/?page_id=7"},"modified":"2014-12-15T10:55:51","modified_gmt":"2014-12-15T10:55:51","slug":"jobb","status":"publish","type":"page","link":"http:\/\/www.airsoft.nu\/jobb\/","title":{"rendered":"Jobbf\u00f6rmedling"},"content":{"rendered":"<p>H\u00e4r kan du som brinner f\u00f6r airsoft och vill jobba med din hobby kika in med j\u00e4mna mellanrum och kolla efter n\u00e5got sp\u00e4nnande att kanske s\u00f6ka.<\/p>\n<h2>Aktuella jobb<\/h2>\n<h2>Utg\u00e5ngna jobb<\/h2>\n<div style=\"font-size: 14px;\">\n<div style=\"overflow: hidden; border-bottom: 1px solid #e4e4e4; padding: 5px 0;\">\n<div style=\"float: left; width: 50px;\"><a title=\"R\u00f6da Stj\u00e4rnan\" href=\"http:\/\/www.airsoft.nu\/jobb\/roda-stjarnan-soker-e-butikschef-med-stationering-i-slutarp\/\"><img decoding=\"async\" style=\"height: 35px;\" src=\"http:\/\/www.airsoft.nu\/jobb\/files\/2011\/08\/Roda_stjarnan.png\" alt=\"\" \/><\/a><\/div>\n<div style=\"margin-left: 50px;\">\n<div><a href=\"\/jobb\/roda-stjarnan-soker-e-butikschef-med-stationering-i-slutarp\/\">E-Butikschef<\/a><span style=\"float: right;\">Sista ans\u00f6kningsdag:\u00a02014-11-30<\/span><\/div>\n<div><strong>R\u00f6da Stj\u00e4rnan<span style=\"float: right;\">Slutarp<\/span><\/strong><\/div>\n<\/div>\n<\/div>\n<\/div>\n<div style=\"font-size: 14px;\">\n<div style=\"overflow: hidden; border-bottom: 1px solid #e4e4e4; padding: 5px 0;\">\n<div style=\"float: left; width: 50px;\"><a title=\"R\u00f6da Stj\u00e4rnans Militaria\" href=\"http:\/\/www.airsoft.nu\/jobb\/roda-stjarnan-butikssaljare\/\"><img decoding=\"async\" style=\"height: 35px;\" src=\"http:\/\/www.airsoft.nu\/jobb\/files\/2011\/08\/Roda_stjarnan.png\" alt=\"\" \/><\/a><\/div>\n<div style=\"margin-left: 50px;\">\n<div><a href=\"\/jobb\/roda-stjarnan-butikssaljare\/\">Butikss\u00e4ljare<\/a><span style=\"float: right;\">Sista ans\u00f6kningsdag: 2011-09-30<\/span><\/div>\n<div><strong>R\u00f6da Stj\u00e4rnans Militaria<span style=\"float: right;\">Stockholm<\/span><\/strong><\/div>\n<\/div>\n<\/div>\n<\/div>\n","protected":false},"excerpt":{"rendered":"<p>H\u00e4r kan du som brinner f\u00f6r airsoft och vill jobba med din hobby kika in med j\u00e4mna mellanrum och kolla efter n\u00e5got sp\u00e4nnande att kanske s\u00f6ka. Aktuella jobb Utg\u00e5ngna jobb E-ButikschefSista ans\u00f6kningsdag:\u00a02014-11-30 R\u00f6da Stj\u00e4rnanSlutarp Butikss\u00e4ljareSista ans\u00f6kningsdag: 2011-09-30 R\u00f6da Stj\u00e4rnans MilitariaStockholm<\/p>\n","protected":false},"author":3,"featured_media":0,"parent":0,"menu_order":0,"comment_status":"open","ping_status":"open","template":"","meta":{"footnotes":""},"class_list":["post-7","page","type-page","status-publish","hentry"],"_links":{"self":[{"href":"http:\/\/www.airsoft.nu\/jobb\/wp-json\/wp\/v2\/pages\/7","targetHints":{"allow":["GET"]}}],"collection":[{"href":"http:\/\/www.airsoft.nu\/jobb\/wp-json\/wp\/v2\/pages"}],"about":[{"href":"http:\/\/www.airsoft.nu\/jobb\/wp-json\/wp\/v2\/types\/page"}],"author":[{"embeddable":true,"href":"http:\/\/www.airsoft.nu\/jobb\/wp-json\/wp\/v2\/users\/3"}],"replies":[{"embeddable":true,"href":"http:\/\/www.airsoft.nu\/jobb\/wp-json\/wp\/v2\/comments?post=7"}],"version-history":[{"count":15,"href":"http:\/\/www.airsoft.nu\/jobb\/wp-json\/wp\/v2\/pages\/7\/revisions"}],"predecessor-version":[{"id":66,"href":"http:\/\/www.airsoft.nu\/jobb\/wp-json\/wp\/v2\/pages\/7\/revisions\/66"}],"wp:attachment":[{"href":"http:\/\/www.airsoft.nu\/jobb\/wp-json\/wp\/v2\/media?parent=7"}],"curies":[{"name":"wp","href":"https:\/\/api.w.org\/{rel}","templated":true}]}}