{"id":1115,"date":"2012-12-31T23:52:11","date_gmt":"2012-12-31T22:52:11","guid":{"rendered":"http:\/\/www.airsoft.nu\/recensioner\/?page_id=1115"},"modified":"2013-01-14T13:09:04","modified_gmt":"2013-01-14T12:09:04","slug":"gg-met","status":"publish","type":"page","link":"http:\/\/www.airsoft.nu\/recensioner\/gg-met\/","title":{"rendered":"G&#038;G Multifunctional Electronic Target (M.E.T.)"},"content":{"rendered":"<p><img decoding=\"async\" class=\"aligncenter size-full wp-image-1134\" alt=\"G&amp;G M.E.T.\" src=\"http:\/\/www.airsoft.nu\/recensioner\/files\/2012\/12\/gg_met.jpg\" width=\"630\" height=\"310\" srcset=\"http:\/\/www.airsoft.nu\/recensioner\/files\/2012\/12\/gg_met.jpg 630w, http:\/\/www.airsoft.nu\/recensioner\/files\/2012\/12\/gg_met-300x147.jpg 300w\" sizes=\"(max-width: 630px) 100vw, 630px\" \/><strong>Den Taiwanesiska tillverkaren G&amp;G Armament har lanserat m\u00e5lskyttesystemet <strong>Multifunctional Electronic Target och f\u00f6rkortas<\/strong>\u00a0M.E.T.<\/strong><\/p>\n<p><a title=\"Read the G&amp;G Multifunctional Electronic Target (M.E.T.) review in English\" href=\"http:\/\/www.airsoft.nu\/reviews\/gg-met\/\"><img decoding=\"async\" title=\"Read the G&amp;G Multifunctional Electronic Target (M.E.T.) review in English\" alt=\"Read the G&amp;G Multifunctional Electronic Target (M.E.T.) review in English\" src=\"http:\/\/www.airsoft.nu\/images\/flags\/gb.gif\" width=\"16\" height=\"11\" \/>\u00a0Read the G&amp;G Multifunctional Electronic Target (M.E.T.) review in English<\/a><\/p>\n<h2>Inneh\u00e5ll<\/h2>\n<table style=\"width: 630px;\" cellspacing=\"0\" cellpadding=\"2\">\n<tbody>\n<tr>\n<td colspan=\"3\"><a title=\"G&amp;G M.E.T. och vad som ing\u00e5r.\" href=\"http:\/\/www.airsoft.nu\/recensioner\/files\/2012\/12\/gg_met_01.jpg\" rel=\"lightbox\"><img decoding=\"async\" class=\"aligncenter size-full wp-image-114\" title=\"G&amp;G M.E.T. och vad som ing\u00e5r.\" alt=\"G&amp;G M.E.T. och vad som ing\u00e5r.\" src=\"http:\/\/www.airsoft.nu\/recensioner\/files\/2012\/12\/gg_met_01_tn.jpg\" width=\"630\" height=\"420\" \/><\/a><\/td>\n<\/tr>\n<tr>\n<td style=\"width: 33%;\"><a title=\"G&amp;G M.E.T. i skyddande plastf\u00f6rpackning.\" href=\"http:\/\/www.airsoft.nu\/recensioner\/files\/2012\/12\/gg_met_02.jpg\" rel=\"lightbox\"><img decoding=\"async\" class=\"alignleft\" title=\"G&amp;G M.E.T. i skyddande plastf\u00f6rpackning.\" alt=\"G&amp;G M.E.T. i skyddande plastf\u00f6rpackning.\" src=\"http:\/\/www.airsoft.nu\/recensioner\/files\/2012\/12\/gg_met_02_tn.jpg\" width=\"205\" height=\"137\" \/><\/a><\/td>\n<td style=\"width: 33%;\"><a title=\"G&amp;G M.E.T. i L-formad kartong\" href=\"http:\/\/www.airsoft.nu\/recensioner\/files\/2012\/12\/gg_met_03.jpg\" rel=\"lightbox\"><img decoding=\"async\" class=\"aligncenter\" title=\"G&amp;G M.E.T. i L-formad kartong.\" alt=\"G&amp;G M.E.T. i L-formad kartong.\" src=\"http:\/\/www.airsoft.nu\/recensioner\/files\/2012\/12\/gg_met_03_tn.jpg\" \/><\/a><\/td>\n<td style=\"width: 33%;\"><a title=\"Bruksanvisning p\u00e5 L-formade kartongens baksida och undersida.\" href=\"http:\/\/www.airsoft.nu\/recensioner\/files\/2012\/12\/gg_met_04.jpg\" rel=\"lightbox\"><img decoding=\"async\" class=\"alignright\" title=\"Bruksanvisning p\u00e5 L-formade kartongens baksida och undersida.\" alt=\"Bruksanvisning p\u00e5 L-formade kartongens baksida och undersida.\" src=\"http:\/\/www.airsoft.nu\/recensioner\/files\/2012\/12\/gg_met_04_tn.jpg\" width=\"205\" height=\"137\" \/><\/a><\/td>\n<\/tr>\n<\/tbody>\n<\/table>\n<p style=\"text-align: left;\">M.E.T.-enheterna levereras i en L-formad kartongl\u00e5da med skyddande yttre plastf\u00f6rpackning. I f\u00f6rpackningen f\u00f6ljer det med 5 stycken enheter tillsammans med batterier (5 x 4 st) och kablar (6 st). Det f\u00f6ljer inte med n\u00e5gon n\u00e5gon l\u00f6s bruksanvisning (\u00e5tminstone\u00a0inte till detta recensionsexemplar) men d\u00e4remot s\u00e5 \u00e4r det en tillr\u00e4cklig beskrivning p\u00e5 kartongens baksida och botten. P\u00e5 tillverkarens hemsida finns <a href=\"http:\/\/www.guay2.com\/web\/manual\/MET_manual.pdf\" target=\"_blank\">bruksanvisningen som PDF<\/a>.<\/p>\n<table style=\"width: 630px;\" cellspacing=\"0\" cellpadding=\"2\">\n<tbody>\n<tr>\n<td style=\"width: 33%;\"><a title=\"Varje enhets batterier \u00e4r placerade under varje enhet.\" href=\"http:\/\/www.airsoft.nu\/recensioner\/files\/2012\/12\/gg_met_05.jpg\" rel=\"lightbox\"><img decoding=\"async\" class=\"alignleft\" title=\"Varje enhets batterier \u00e4r placerade under varje enhet.\" alt=\"Varje enhets batterier \u00e4r placerade under varje enhet.\" src=\"http:\/\/www.airsoft.nu\/recensioner\/files\/2012\/12\/gg_met_05_tn.jpg\" width=\"205\" height=\"137\" \/><\/a><\/td>\n<td style=\"width: 33%;\"><a title=\"Kablarna \u00e4r placerade bakom s\u00e5 att kartongen beh\u00f6ver \u00f6ppnas p\u00e5 kortsidorna f\u00f6r att komma \u00e5t dessa.\" href=\"http:\/\/www.airsoft.nu\/recensioner\/files\/2012\/12\/gg_met_07.jpg\" rel=\"lightbox\"><img decoding=\"async\" class=\"aligncenter\" title=\"Kablarna \u00e4r placerade bakom s\u00e5 att kartongen beh\u00f6ver \u00f6ppnas p\u00e5 kortsidorna f\u00f6r att komma \u00e5t dessa.\" alt=\"Kablarna \u00e4r placerade bakom s\u00e5 att kartongen beh\u00f6ver \u00f6ppnas p\u00e5 kortsidorna f\u00f6r att komma \u00e5t dessa.\" src=\"http:\/\/www.airsoft.nu\/recensioner\/files\/2012\/12\/gg_met_07_tn.jpg\" width=\"205\" height=\"137\" \/><\/a><\/td>\n<td style=\"width: 33%;\"><a title=\"\u00d6ppnad kartong.\" href=\"http:\/\/www.airsoft.nu\/recensioner\/files\/2012\/12\/gg_met_06.jpg\" rel=\"lightbox\"><img decoding=\"async\" class=\"alignright\" title=\"\u00d6ppnad kartong.\" alt=\"\u00d6ppnad kartong.\" src=\"http:\/\/www.airsoft.nu\/recensioner\/files\/2012\/12\/gg_met_06_tn.jpg\" width=\"205\" height=\"137\" \/><\/a><\/td>\n<\/tr>\n<\/tbody>\n<\/table>\n<p style=\"text-align: left;\">I kartongen \u00e4r respektive enhets batterier placerade under varje enhet. Kablarna \u00e4r placerade bakom s\u00e5 att kartongen beh\u00f6ver \u00f6ppnas p\u00e5 kortsidorna f\u00f6r att komma \u00e5t dessa.<\/p>\n<h2 style=\"text-align: left;\">Utseende och funktion<\/h2>\n<p style=\"text-align: left;\"><a title=\"G&amp;G M.E.T.\" href=\"http:\/\/www.airsoft.nu\/recensioner\/files\/2012\/12\/gg_met_08.jpg\" rel=\"lightbox\"><img decoding=\"async\" class=\"aligncenter size-full wp-image-1160\" title=\"G&amp;G M.E.T.\" alt=\"G&amp;G M.E.T.\" src=\"http:\/\/www.airsoft.nu\/recensioner\/files\/2012\/12\/gg_met_08_tn.jpg\" width=\"630\" height=\"420\" srcset=\"http:\/\/www.airsoft.nu\/recensioner\/files\/2012\/12\/gg_met_08_tn.jpg 630w, http:\/\/www.airsoft.nu\/recensioner\/files\/2012\/12\/gg_met_08_tn-300x200.jpg 300w\" sizes=\"(max-width: 630px) 100vw, 630px\" \/><\/a>En enhet ser ut som en rund klump med en gr\u00f6n kupol av gummi. Det \u00e4r svart skyddsgummi p\u00e5 alla utom en som har gul f\u00e4rg ist\u00e4llet.<\/p>\n<table style=\"width: 630px;\" cellspacing=\"0\" cellpadding=\"2\">\n<tbody>\n<tr>\n<td style=\"width: 33%;\"><a title=\"Framsida.\" href=\"http:\/\/www.airsoft.nu\/recensioner\/files\/2012\/12\/gg_met_09.jpg\" rel=\"lightbox\"><img decoding=\"async\" class=\"alignleft\" title=\"Framsida.\" alt=\"Framsida.\" src=\"http:\/\/www.airsoft.nu\/recensioner\/files\/2012\/12\/gg_met_09_tn.jpg\" width=\"205\" height=\"137\" \/><\/a><\/td>\n<td style=\"width: 33%;\"><a title=\"Baksida.\" href=\"http:\/\/www.airsoft.nu\/recensioner\/files\/2012\/12\/gg_met_010.jpg\" rel=\"lightbox\"><img decoding=\"async\" class=\"aligncenter\" title=\"Baksida.\" alt=\"Baksida.\" src=\"http:\/\/www.airsoft.nu\/recensioner\/files\/2012\/12\/gg_met_010_tn.jpg\" width=\"205\" height=\"137\" \/><\/a><\/td>\n<td style=\"width: 33%;\"><a title=\"Botten med en DIP switch\" href=\"http:\/\/www.airsoft.nu\/recensioner\/files\/2012\/12\/gg_met_011.jpg\" rel=\"lightbox\"><img decoding=\"async\" class=\"alignright\" title=\"Botten med en DIP switch.\" alt=\"Botten med en DIP switch.\" src=\"http:\/\/www.airsoft.nu\/recensioner\/files\/2012\/12\/gg_met_011_tn.jpg\" width=\"205\" height=\"137\" \/><\/a><\/td>\n<\/tr>\n<\/tbody>\n<\/table>\n<p style=\"text-align: left;\">Vid f\u00f6rsta anblicken kan det vara sv\u00e5rt att se skillnad p\u00e5 vad som \u00e4r fram och vad som \u00e4r bak men kollar man p\u00e5 gummit s\u00e5 ser man att det finns tv\u00e5 luckor p\u00e5 vardera sida i olika bredder. Luckan p\u00e5 framsidan d\u00f6ljer startknappen och ovanf\u00f6r d\u00e4r \u00e4r h\u00f6gtalaren samt luftutbl\u00e5s. Luckan p\u00e5 baksidan \u00e4r lite bredare och d\u00f6ljer tv\u00e5 stycken uttag f\u00f6r att koppla in kablarna som f\u00f6rbinder enheterna med varandra.<\/p>\n<p style=\"text-align: left;\">P\u00e5 undersidan av enheten finns det tv\u00e5 stycken sm\u00e5 reglage (DIP Switch) och dessa \u00e4ndrar man enhetens ljud med. Totalt finns det fyra ljud och man m\u00e5ste \u00e4ndra till \u00f6nskat p\u00e5 varje och d\u00e4refter starta om allt via mastern. I mitten finns ett h\u00e5l med g\u00e4ngor i f\u00f6r att troligtvis s\u00e4tta upp p\u00e5 n\u00e5got stativ. Dock \u00e4r h\u00e5lstandarden inte samma som f\u00f6r kamerastativ d\u00e5 h\u00e5let har en liten smalare diameter (testat med flera kamerastativ).<\/p>\n<table style=\"width: 630px;\" cellspacing=\"0\" cellpadding=\"2\">\n<tbody>\n<tr>\n<td style=\"width: 33%;\"><a title=\"Gummiskyddet\" href=\"http:\/\/www.airsoft.nu\/recensioner\/files\/2012\/12\/gg_met_015.jpg\" rel=\"lightbox\"><img decoding=\"async\" class=\"alignleft\" title=\"Gummiskyddet.\" alt=\"Gummiskyddet.\" src=\"http:\/\/www.airsoft.nu\/recensioner\/files\/2012\/12\/gg_met_015_tn.jpg\" width=\"205\" height=\"137\" \/><\/a><\/td>\n<td style=\"width: 33%;\"><a title=\"Gummiskyddet tas av genom att dras ner\u00e5t.\" href=\"http:\/\/www.airsoft.nu\/recensioner\/files\/2012\/12\/gg_met_016.jpg\" rel=\"lightbox\"><img decoding=\"async\" class=\"aligncenter\" title=\"Gummiskyddet tas av genom att dras ner\u00e5t.\" alt=\"Gummiskyddet tas av genom att dras ner\u00e5t.\" src=\"http:\/\/www.airsoft.nu\/recensioner\/files\/2012\/12\/gg_met_016_tn.jpg\" width=\"205\" height=\"137\" \/><\/a><\/td>\n<td style=\"width: 33%;\"><a title=\"Gummiskyddet s\u00e4tts dit genom att dras ner\u00e5t.\" href=\"http:\/\/www.airsoft.nu\/recensioner\/files\/2012\/12\/gg_met_014.jpg\" rel=\"lightbox\"><img decoding=\"async\" class=\"alignright\" title=\"Gummiskyddet s\u00e4tts dit genom att dras ner\u00e5t.\" alt=\"Gummiskyddet s\u00e4tts dit genom att dras ner\u00e5t.\" src=\"http:\/\/www.airsoft.nu\/recensioner\/files\/2012\/12\/gg_met_014_tn.jpg\" width=\"205\" height=\"137\" \/><\/a><\/td>\n<\/tr>\n<\/tbody>\n<\/table>\n<p style=\"text-align: left;\">Gummiskyddet tas av genom att dras ner\u00e5t och s\u00e4tts dit igen genom att dra det ner ovanifr\u00e5n. Det \u00e4r lite pilligt och f\u00f6r att det inte ska hamna snett s\u00e5 finns det sp\u00e5r p\u00e5 sidorna som gummiskyddet ska klaffa med.<\/p>\n<table style=\"width: 630px;\" cellspacing=\"0\" cellpadding=\"2\">\n<tbody>\n<tr>\n<td style=\"width: 33%;\"><a title=\"Framsidan utan gummiskyddet.\" href=\"http:\/\/www.airsoft.nu\/recensioner\/files\/2012\/12\/gg_met_012.jpg\" rel=\"lightbox\"><img decoding=\"async\" class=\"alignleft\" title=\"Framsidan utan gummiskyddet.\" alt=\"Framsidan utan gummiskyddet.\" src=\"http:\/\/www.airsoft.nu\/recensioner\/files\/2012\/12\/gg_met_012_tn.jpg\" width=\"205\" height=\"137\" \/><\/a><\/td>\n<td style=\"width: 33%;\"><a title=\"Baksidan utan gummiskyddet.\" href=\"http:\/\/www.airsoft.nu\/recensioner\/files\/2012\/12\/gg_met_013.jpg\" rel=\"lightbox\"><img decoding=\"async\" class=\"aligncenter\" title=\"Baksidan utan gummiskyddet.\" alt=\"Baksidan utan gummiskyddet.\" src=\"http:\/\/www.airsoft.nu\/recensioner\/files\/2012\/12\/gg_met_013_tn.jpg\" width=\"205\" height=\"137\" \/><\/a><\/td>\n<td style=\"width: 33%;\"><a title=\"Batterifack.\" href=\"http:\/\/www.airsoft.nu\/recensioner\/files\/2012\/12\/gg_met_017.jpg\" rel=\"lightbox\"><img decoding=\"async\" class=\"alignright\" title=\"Batterifack.\" alt=\"Batterifack.\" src=\"http:\/\/www.airsoft.nu\/recensioner\/files\/2012\/12\/gg_met_017_tn.jpg\" width=\"205\" height=\"137\" \/><\/a><\/td>\n<\/tr>\n<\/tbody>\n<\/table>\n<p style=\"text-align: left;\">P\u00e5 enhetens framsida finns b\u00e5de startknappen f\u00f6r att man\u00f6vrera men \u00e4ven h\u00f6gtalaren. Intill startknappen finns det ett uttagsh\u00e5l som f\u00f6rmodligen \u00e4r till f\u00f6r att koppla in n\u00e5gon kabel f\u00f6r att p\u00e5 s\u00e5 s\u00e4tt man\u00f6vrera dessa fr\u00e5n l\u00e5ngt h\u00e5ll. Eftersom att tr\u00e4ffregistreringen sker genom pneumatik s\u00e5 finns lufth\u00e5let intill h\u00f6gtalaren.<\/p>\n<p>&nbsp;<\/p>\n<p style=\"text-align: left;\"><img decoding=\"async\" class=\"size-full wp-image-1207 alignnone\" title=\"Istoppade batterier.\" alt=\"Istoppade batterier.\" src=\"http:\/\/www.airsoft.nu\/recensioner\/files\/2012\/12\/gg_met_018_tn.jpg\" width=\"630\" height=\"420\" srcset=\"http:\/\/www.airsoft.nu\/recensioner\/files\/2012\/12\/gg_met_018_tn.jpg 630w, http:\/\/www.airsoft.nu\/recensioner\/files\/2012\/12\/gg_met_018_tn-300x200.jpg 300w\" sizes=\"(max-width: 630px) 100vw, 630px\" \/><\/p>\n<p>&nbsp;<\/p>\n<p>P\u00e5 baksidan finns uttag f\u00f6r att koppla ihop enheter och ett batterifack. Varje enhet drivs av 4 st AAA-batterier.<\/p>\n<h3>Seriekoppling<\/h3>\n<table style=\"width: 630px;\" cellspacing=\"0\" cellpadding=\"2\">\n<tbody>\n<tr>\n<td colspan=\"3\"><a title=\"Seriekopplad enhet.\" href=\"http:\/\/www.airsoft.nu\/recensioner\/files\/2012\/12\/gg_met_019.jpg\" rel=\"lightbox\"><img decoding=\"async\" class=\"aligncenter  wp-image-114\" title=\"Seriekopplad enhet.\" alt=\"Seriekopplad enhet.\" src=\"http:\/\/www.airsoft.nu\/recensioner\/files\/2012\/12\/gg_met_019_tn.jpg\" \/><\/a><\/td>\n<\/tr>\n<tr>\n<td style=\"width: 33%;\"><a title=\"Kablar.\" href=\"http:\/\/www.airsoft.nu\/recensioner\/files\/2012\/12\/gg_met_020.jpg\" rel=\"lightbox\"><img decoding=\"async\" class=\"alignleft\" title=\"Kablar.\" alt=\"Kablar.\" src=\"http:\/\/www.airsoft.nu\/recensioner\/files\/2012\/12\/gg_met_020_tn.jpg\" \/><\/a><\/td>\n<td style=\"width: 33%;\"><a title=\"Isatta kablar.\" href=\"http:\/\/www.airsoft.nu\/recensioner\/files\/2012\/12\/gg_met_021.jpg\" rel=\"lightbox\"><img decoding=\"async\" class=\"aligncenter\" title=\"Isatta kablar.\" alt=\"Isatta kablar.\" src=\"http:\/\/www.airsoft.nu\/recensioner\/files\/2012\/12\/gg_met_021_tn.jpg\" width=\"205\" height=\"137\" \/><\/a><\/td>\n<td style=\"width: 33%;\"><a title=\"Bruksanvisning p\u00e5 L-formade kartongens baksida och undersida.\" href=\"http:\/\/www.airsoft.nu\/recensioner\/files\/2012\/12\/gg_met_022.jpg\" rel=\"lightbox\"><img decoding=\"async\" class=\"alignright\" title=\"Seriekopplade enheter.\" alt=\"Seriekopplade enheter.\" src=\"http:\/\/www.airsoft.nu\/recensioner\/files\/2012\/12\/gg_met_022_tn.jpg\" width=\"205\" height=\"137\" \/><\/a><\/td>\n<\/tr>\n<\/tbody>\n<\/table>\n<p>Enheterna seriekopplas ihop och dom i \u00e4ndarna har bara en kabel. Det spelar ingen roll vilket uttag som anv\u00e4nds, huvudsaken att de inte kopplas ihop till en krets.<\/p>\n<p>Enligt tillverkaren s\u00e5 kan upp till 25 stycken enheter kopplas ihop och varje kabel mellan kan vara 15 meter.<\/p>\n<h3>Inuti<\/h3>\n<table style=\"width: 630px;\" cellspacing=\"0\" cellpadding=\"2\">\n<tbody>\n<tr>\n<td colspan=\"3\"><a title=\"Den gr\u00f6na gummikupolen fungerar bra som sugpropp.\" href=\"http:\/\/www.airsoft.nu\/recensioner\/files\/2012\/12\/gg_met_023.jpg\" rel=\"lightbox\"><img decoding=\"async\" class=\"aligncenter  wp-image-114\" title=\"Den gr\u00f6na gummikupolen fungerar bra som sugpropp.\" alt=\"Den gr\u00f6na gummikupolen fungerar bra som sugpropp.\" src=\"http:\/\/www.airsoft.nu\/recensioner\/files\/2012\/12\/gg_met_023_tn.jpg\" width=\"630\" height=\"420\" \/><\/a><\/td>\n<\/tr>\n<tr>\n<td style=\"width: 33%;\"><a title=\"Den gr\u00f6na gummi-halvgloben \u00e4r borttagen.\" href=\"http:\/\/www.airsoft.nu\/recensioner\/files\/2012\/12\/gg_met_026.jpg\" rel=\"lightbox\"><img decoding=\"async\" class=\"alignleft\" title=\"Den gr\u00f6na gummi-halvgloben \u00e4r borttagen.\" alt=\"Den gr\u00f6na gummi-halvgloben \u00e4r borttagen.\" src=\"http:\/\/www.airsoft.nu\/recensioner\/files\/2012\/12\/gg_met_026_tn.jpg\" width=\"205\" height=\"137\" \/><\/a><\/td>\n<td style=\"width: 33%;\"><a title=\"Kretskortet.\" href=\"http:\/\/www.airsoft.nu\/recensioner\/files\/2012\/12\/gg_met_024.jpg\" rel=\"lightbox\"><img decoding=\"async\" class=\"aligncenter\" title=\"Kretskortet.\" alt=\"Kretskortet.\" src=\"http:\/\/www.airsoft.nu\/recensioner\/files\/2012\/12\/gg_met_024_tn.jpg\" width=\"205\" height=\"137\" \/><\/a><\/td>\n<td style=\"width: 33%;\"><a title=\"Bruksanvisning p\u00e5 L-formade kartongens baksida och undersida.\" href=\"http:\/\/www.airsoft.nu\/recensioner\/files\/2012\/12\/gg_met_025.jpg\" rel=\"lightbox\"><img decoding=\"async\" class=\"alignright\" title=\"Kretskortet.\" alt=\"Kretskortet.\" src=\"http:\/\/www.airsoft.nu\/recensioner\/files\/2012\/12\/gg_met_025_tn.jpg\" width=\"205\" height=\"137\" \/><\/a><\/td>\n<\/tr>\n<\/tbody>\n<\/table>\n<p>Den gr\u00f6na gummikupolen fungerar bra som sugpropp. N\u00e4r den \u00e4r bortplockad ser man LED-lampor och kablar. Om enheten tas i s\u00e4r \u00e4nnu mera hittar man ett kretskort.<\/p>\n<h3>Funktioner och spell\u00e4gen<\/h3>\n<p><a title=\"G&amp;G M.E.T. i drift.\" href=\"http:\/\/www.airsoft.nu\/recensioner\/files\/2012\/12\/gg_met_027.jpg\" rel=\"lightbox\"><img decoding=\"async\" class=\"size-full wp-image-1238 alignnone\" title=\"G&amp;G M.E.T. i drift.\" alt=\"G&amp;G M.E.T. i drift.\" src=\"http:\/\/www.airsoft.nu\/recensioner\/files\/2012\/12\/gg_met_027_tn.jpg\" width=\"630\" height=\"420\" srcset=\"http:\/\/www.airsoft.nu\/recensioner\/files\/2012\/12\/gg_met_027_tn.jpg 630w, http:\/\/www.airsoft.nu\/recensioner\/files\/2012\/12\/gg_met_027_tn-300x200.jpg 300w\" sizes=\"(max-width: 630px) 100vw, 630px\" \/><\/a><\/p>\n<p>N\u00e4r \u00f6nskat antal enheter \u00e4r ihopkopplade s\u00e5 h\u00e5ller man in startknappen p\u00e5 den man vill ska agera master, f\u00f6rslagsvis v\u00e4ljs den med gul skyddsgummi f\u00f6r att l\u00e4tt h\u00e5lla koll p\u00e5 vem som \u00e4r masterenheten. Det spelar ingen roll ifall den man vill ska agera master \u00e4r placerad i n\u00e5gon ytterkant eller om den \u00e4r i mitten. N\u00e4r en enhet \u00e4r master s\u00e5 inaktiveras alla andra enheters startknappar.<\/p>\n<p>Det finns fyra stycken spell\u00e4gen och direkt n\u00e4r man startar s\u00e5 kommer man in i f\u00f6rsta spell\u00e4get. Vill man sedan till spell\u00e4gena tv\u00e5 till fyra s\u00e5 ska man trycka ner knappen tv\u00e5 g\u00e5nger eller flera f\u00f6r att komma till respektive.<\/p>\n<p>N\u00e4r man startar upp s\u00e5 ljuder en signal och alla enheter blir bl\u00e5a. N\u00e4r man trycker in startknappen f\u00f6r att \u00e4ndra till ett annat spell\u00e4ge s\u00e5 blinkar varje enhet s\u00e5 m\u00e5nga g\u00e5nger med r\u00f6tt sken, tex spell\u00e4ge tre s\u00e5 blinkar dem tre g\u00e5nger.<\/p>\n<p>Eftersom att vald masterenhet inaktiverar alla andra enheters startknappar s\u00e5 m\u00e5ste alla inst\u00e4llningar g\u00f6ras fr\u00e5n samma.<\/p>\n<p>Som n\u00e4mnts tidigare s\u00e5 finns det fyra stycken olika ljud att v\u00e4lja mellan och d\u00e4r \u00e4ndrar man direkt p\u00e5 varje enhet. Efter detta kr\u00e4vs omstart av samtliga.<\/p>\n<h4>1. Competition Mode (startl\u00e4get)<\/h4>\n<p>I det h\u00e4r l\u00e4get s\u00e5 lyser alla enheter bl\u00e5a och sen n\u00e4r en av dem tr\u00e4ffas \u00e4ndras f\u00e4rgen till r\u00f6d p\u00e5 denna och alla andra sl\u00e4cks. F\u00f6r b\u00f6rja om kr\u00e4vs ett tryck p\u00e5 startknappen f\u00f6r att b\u00f6rja om igen.<\/p>\n<h4>2. Versus Mode<\/h4>\n<p>I det h\u00e4r l\u00e4get lyser f\u00f6rst bara masterenheten bl\u00e5tt. Efter att den blivit tr\u00e4ffad b\u00f6rjar den att blinka i fem sekunder och efter det s\u00e5 b\u00f6rjar alla enheter lysa bl\u00e5tt. Den som blir tr\u00e4ffad f\u00f6rst b\u00f6rjar lysa r\u00f6tt och alla andra slocknar. Efter fem sekunder s\u00e5 \u00e5terg\u00e5r det till att masterenheten lyser bl\u00e5tt och efter det redo att spelas igen.<\/p>\n<h4>3. Random Mode<\/h4>\n<p>I det h\u00e4r l\u00e4get lyser f\u00f6rst bara masterenheten bl\u00e5tt. Efter att den blivit tr\u00e4ffad s\u00e5 blinkar den i fem sekunder och d\u00e4refter t\u00e4nds en efter en av de \u00e5terst\u00e5ende fyra enheterna de blivit tr\u00e4ffade. N\u00e4r sista blivit tr\u00e4ffad s\u00e5 lyser den r\u00f6tt i n\u00e5gra sekunder och \u00f6verg\u00e5r sedan till att masterenheten b\u00f6rjar lysa bl\u00e5tt och \u00e4r d\u00e5 redo att spelas igen.<\/p>\n<h4>4. Practice Mode<\/h4>\n<p>I det h\u00e4r l\u00e4get s\u00e5 lyser alla enheter bl\u00e5tt och sl\u00e4cks d\u00e4refter vartefter som de blivit beskjutna. N\u00e4r alla blivit beskjutna s\u00e5 lyser sista tr\u00e4ffade r\u00f6tt i fem sekunder innan alla t\u00e4nds bl\u00e5a igen och redo att bli beskjutna.<\/p>\n<h2 style=\"text-align: left;\">Tillbeh\u00f6r och reservdelar<\/h2>\n<p>L\u00e4ngre kablar kablar, gr\u00f6na gummikupoler och svarta och gula skyddsgummin finns tillg\u00e4ngliga fr\u00e5n tillverkaren. Tillg\u00e4ngliga kabell\u00e4ngder \u00e4r 0,5 m, 1 m, 5 m, 10 m och 15 m.<\/p>\n<h2 style=\"text-align: left;\">F\u00e4lttest<\/h2>\n<p style=\"text-align: left;\">Dessa enheter kan st\u00e4llas plant (tex p\u00e5 ett bord) eller placeras i max 45\u00b0 vinkel, annars kan det bli fel med tr\u00e4ffregistreringen. Vi har testat att skjuta p\u00e5 dessa n\u00e4r de st\u00e5tt i vinklarna 0\u00b0 och ca 45\u00b0. Som tidigare n\u00e4mnts s\u00e5 \u00e4r h\u00e5len bakom n\u00e5got f\u00f6r sm\u00e5 f\u00f6r att passa till kamerastativ, i alla fall de kamerastativ vi testat med. P\u00e5 grund av den runda tr\u00e4ffytan s\u00e5 f\u00f6redrar vi dem i\u00a045\u00b0.<\/p>\n<p style=\"text-align: left;\">Enheterna registrerar tr\u00e4ffar utan problem. Enligt tillverkaren s\u00e5 ska dessa registrera tr\u00e4ffar med en kraft p\u00e5 mellan 0,2 och 2 Joule.<\/p>\n<p style=\"text-align: left;\">Ljuset och Ljudet \u00e4r ganska bra s\u00e5 man b\u00e5de ser f\u00e4rgerna och h\u00f6r tr\u00e4ffljuden n\u00e4r man st\u00e5r en bra bit fr\u00e5n dem.<\/p>\n<h2 style=\"text-align: left;\">Slutsats<\/h2>\n<p>M.E.T. fr\u00e5n G&amp;G Armament \u00e4r v\u00e4ldigt enkla och det \u00e4r roligt att skjuta p\u00e5 dessa m\u00e5l i och med ljus och ljud. Produkten fungerar utm\u00e4rkt f\u00f6r att tr\u00e4na prickskytte b\u00e5de ensam och med flera. Spell\u00e4gena 2 till 4 som inte kr\u00e4ver att knapptryck p\u00e5 masterenheten (som kr\u00e4vs i spell\u00e4ge 1) g\u00f6r att man kan h\u00e5lla p\u00e5 ganska l\u00e4nge utan att tr\u00f6ttna.<\/p>\n<p>Vi hoppas att tillverkaren kommer lansera flera tillbeh\u00f6r till detta koncept, till exempel stativ f\u00f6r att s\u00e4tta upp dem\u00a045\u00b0 och n\u00e5gon m\u00f6jlighet att kontrollera dem fr\u00e5n l\u00e4ngre avst\u00e5nd s\u00e5 att man slipper g\u00e5 fram till masterenheten och \u00e4ndra inst\u00e4llningar. I framtida versioner av M.E.T. s\u00e5 f\u00e5r g\u00e4rna anslutningen mellan varje enhet vara tr\u00e5dl\u00f6s s\u00e5 att man slipper kablarna.<\/p>\n<p>G&amp;G M.E.T. kostar exempelvis $ 209 hos WGC Shop.<\/p>\n<blockquote><p>Denna recension \u00e4r skriven av Daniel (Koordinator produkttestning) och Johan (Produkttestare) samt n\u00e5gra till har varit med och testat den. Tillverkaren <a href=\"http:\/\/www.guay2.com\" target=\"_blank\">G&amp;G Armament<\/a> har f\u00f6r sett oss med produkten.<\/p><\/blockquote>\n","protected":false},"excerpt":{"rendered":"<p>Den Taiwanesiska tillverkaren G&amp;G Armament har lanserat m\u00e5lskyttesystemet Multifunctional Electronic Target och f\u00f6rkortas\u00a0M.E.T. \u00a0Read the G&amp;G Multifunctional Electronic Target (M.E.T.) review in English Inneh\u00e5ll M.E.T.-enheterna levereras i en L-formad kartongl\u00e5da med skyddande yttre plastf\u00f6rpackning. I f\u00f6rpackningen f\u00f6ljer det med 5 stycken enheter tillsammans med batterier (5 x 4 st) och kablar (6 st). Det f\u00f6ljer [&hellip;]<\/p>\n","protected":false},"author":3,"featured_media":0,"parent":0,"menu_order":0,"comment_status":"open","ping_status":"open","template":"","meta":{"footnotes":""},"class_list":["post-1115","page","type-page","status-publish","hentry"],"_links":{"self":[{"href":"http:\/\/www.airsoft.nu\/recensioner\/wp-json\/wp\/v2\/pages\/1115","targetHints":{"allow":["GET"]}}],"collection":[{"href":"http:\/\/www.airsoft.nu\/recensioner\/wp-json\/wp\/v2\/pages"}],"about":[{"href":"http:\/\/www.airsoft.nu\/recensioner\/wp-json\/wp\/v2\/types\/page"}],"author":[{"embeddable":true,"href":"http:\/\/www.airsoft.nu\/recensioner\/wp-json\/wp\/v2\/users\/3"}],"replies":[{"embeddable":true,"href":"http:\/\/www.airsoft.nu\/recensioner\/wp-json\/wp\/v2\/comments?post=1115"}],"version-history":[{"count":57,"href":"http:\/\/www.airsoft.nu\/recensioner\/wp-json\/wp\/v2\/pages\/1115\/revisions"}],"predecessor-version":[{"id":1135,"href":"http:\/\/www.airsoft.nu\/recensioner\/wp-json\/wp\/v2\/pages\/1115\/revisions\/1135"}],"wp:attachment":[{"href":"http:\/\/www.airsoft.nu\/recensioner\/wp-json\/wp\/v2\/media?parent=1115"}],"curies":[{"name":"wp","href":"https:\/\/api.w.org\/{rel}","templated":true}]}}