{"id":1399,"date":"2013-03-20T19:54:02","date_gmt":"2013-03-20T18:54:02","guid":{"rendered":"http:\/\/www.airsoft.nu\/recensioner\/?page_id=1399"},"modified":"2013-05-01T01:33:31","modified_gmt":"2013-05-01T00:33:31","slug":"madbull-troy-battle-ax-stock","status":"publish","type":"page","link":"http:\/\/www.airsoft.nu\/recensioner\/madbull-troy-battle-ax-stock\/","title":{"rendered":"Madbull Troy Battle Ax stock"},"content":{"rendered":"<p><img decoding=\"async\" class=\"aligncenter size-full wp-image-1402\" alt=\"Madbull Troy Battle Ax stock\" src=\"http:\/\/www.airsoft.nu\/recensioner\/files\/2013\/03\/madbull_troy_battle_ax_stock.jpg\" width=\"630\" height=\"310\" \/><strong>Tillverkaren Madbull har lanserat axelst\u00f6den Battle Ax stock under licens fr\u00e5n Troy Industries.\u00a0Axelst\u00f6det \u00e4r avsett f\u00f6r M4-vapen och\u00a0finns i f\u00e4rgerna Svart [TROYBAS-BK], FDE (Flat Dark Earth) [TROYBAS-FDE] och TAN [TROYBAS-TAN]. Vi har testat den i svart f\u00e4rg.<\/strong><\/p>\n<p><a title=\"Read the Madbull Troy Battle Ax stock review in English\" href=\"http:\/\/www.airsoft.nu\/reviews\/madbull-troy-battle-ax-stock\/\"><img decoding=\"async\" title=\"Read the Madbull Troy Battle Ax stock review in English\" alt=\"Read the Madbull Troy Battle Ax stock review in English\" src=\"http:\/\/www.airsoft.nu\/images\/flags\/gb.gif\" width=\"16\" height=\"11\" \/>\u00a0Read the Madbull Troy Battle Ax stock\u00a0review in English<\/a><\/p>\n<h2>Inneh\u00e5ll<\/h2>\n<p style=\"text-align: left;\"><a title=\"Madbull Troy Battle Ax stock kommer tillsammans med en f\u00f6rl\u00e4ngningskabel.\" href=\"http:\/\/www.airsoft.nu\/recensioner\/files\/2013\/03\/madbull_troy_battle_ax_stock_01.jpg\" rel=\"lightbox\"><img decoding=\"async\" class=\"aligncenter size-full wp-image-1407\" alt=\"Madbull Troy Battle Ax stock kommer tillsammans med en f\u00f6rl\u00e4ngningskabel.\" src=\"http:\/\/www.airsoft.nu\/recensioner\/files\/2013\/03\/madbull_troy_battle_ax_stock_01_tn.jpg\" width=\"630\" height=\"420\" \/><\/a><\/p>\n<p style=\"text-align: left;\">Axelst\u00f6det Battle Ax kommer tillsammans med en f\u00f6rl\u00e4ngningskabel (Tamiya-kontakter) i en kartong med bruksanvisning p\u00e5 locket.<\/p>\n<h2>Utseende och funktion<\/h2>\n<p style=\"text-align: left;\"><a title=\"Madbull Troy Battle Ax stock\" href=\"http:\/\/www.airsoft.nu\/recensioner\/files\/2013\/03\/madbull_troy_battle_ax_stock_02.jpg\" rel=\"lightbox\"><img decoding=\"async\" class=\"aligncenter size-full wp-image-1410\" alt=\"Madbull Troy Battle Ax stock\" src=\"http:\/\/www.airsoft.nu\/recensioner\/files\/2013\/03\/madbull_troy_battle_ax_stock_02_tn.jpg\" width=\"630\" height=\"420\" \/><\/a><\/p>\n<p style=\"text-align: left;\">Axelst\u00f6det har ett lite annorlunda utseende \u00e4n de traditionella M4-axelst\u00f6den och ser lite ut som en yxa, kanske d\u00e4rav namnet Battle Ax. Produkten best\u00e5r till st\u00f6rsta delen av plast men vissa metalldelar f\u00f6rekommer p\u00e5 insidan f\u00f6r att stabilisera och f\u00f6rst\u00e4rka.<\/p>\n<p style=\"text-align: center;\"><a title=\"Knappen f\u00f6r att \u00e4ndra axelst\u00f6dets position.\" href=\"http:\/\/www.airsoft.nu\/recensioner\/files\/2013\/03\/madbull_troy_battle_ax_stock_03.jpg\" rel=\"lightbox\"><img decoding=\"async\" class=\"aligncenter\" alt=\"Knappen f\u00f6r att \u00e4ndra axelst\u00f6dets position.\" src=\"http:\/\/www.airsoft.nu\/recensioner\/files\/2013\/03\/madbull_troy_battle_ax_stock_03_tn.jpg\" width=\"630\" height=\"420\" \/><\/a><\/p>\n<p style=\"text-align: left;\">F\u00f6r att justera var p\u00e5 buffer tuben axelst\u00f6det ska sitta trycks knappen upp\u00e5t (precis som p\u00e5 ett traditionellt M4-axelst\u00f6d).<\/p>\n<table style=\"width: 630px;\" cellspacing=\"0\" cellpadding=\"2\">\n<tbody>\n<tr>\n<td style=\"width: 33%;\"><a title=\"H\u00e5l f\u00f6r att s\u00e4tta dit QD swivel sling.\" href=\"http:\/\/www.airsoft.nu\/recensioner\/files\/2013\/03\/madbull_troy_battle_ax_stock_04.jpg\" rel=\"lightbox\"><img decoding=\"async\" class=\"alignleft\" title=\"H\u00e5l f\u00f6r att s\u00e4tta dit QD swivel sling.\" alt=\"H\u00e5l f\u00f6r att s\u00e4tta dit QD swivel sling.\" src=\"http:\/\/www.airsoft.nu\/recensioner\/files\/2013\/03\/madbull_troy_battle_ax_stock_04_tn.jpg\" width=\"205\" height=\"137\" \/><\/a><\/td>\n<td style=\"width: 33%;\"><a title=\"Vapenremsf\u00e4sten p\u00e5 ovansidan.\" href=\"http:\/\/www.airsoft.nu\/recensioner\/files\/2013\/03\/madbull_troy_battle_ax_stock_05.jpg\" rel=\"lightbox\"><img decoding=\"async\" class=\"aligncenter\" title=\"Vapenremsf\u00e4sten p\u00e5 ovansidan.\" alt=\"Vapenremsf\u00e4sten p\u00e5 ovansidan.\" src=\"http:\/\/www.airsoft.nu\/recensioner\/files\/2013\/03\/madbull_troy_battle_ax_stock_05_tn.jpg\" \/><\/a><\/td>\n<td style=\"width: 33%;\"><a title=\"H\u00e5l f\u00f6r att se vilket l\u00e4ge axelst\u00f6det \u00e4r i.\" href=\"http:\/\/www.airsoft.nu\/recensioner\/files\/2013\/03\/madbull_troy_battle_ax_stock_06.jpg\" rel=\"lightbox\"><img decoding=\"async\" class=\"alignright\" title=\"H\u00e5l f\u00f6r att se vilket l\u00e4ge axelst\u00f6det \u00e4r i.\" alt=\"H\u00e5l f\u00f6r att se vilket l\u00e4ge axelst\u00f6det \u00e4r i.\" src=\"http:\/\/www.airsoft.nu\/recensioner\/files\/2013\/03\/madbull_troy_battle_ax_stock_06_tn.jpg\" \/><\/a><\/td>\n<\/tr>\n<\/tbody>\n<\/table>\n<p style=\"text-align: left;\">Det finns flera olika m\u00f6jligheter f\u00f6r att s\u00e4tta dit vapenrem p\u00e5 axelst\u00f6det. P\u00e5 v\u00e4nster och h\u00f6ger samt p\u00e5 undersidan finns det h\u00e5l f\u00f6r att f\u00e4sta QD Swivel sling (medf\u00f6ljer ej s\u00e5 vi har inte testat det \u00e4n). P\u00e5 ovansidan finns det dels en liten \u00f6gla men \u00e4ven ett h\u00e5l f\u00f6r att f\u00e4sta vapenrem runt axelst\u00f6det, det finns \u00e4ven ett h\u00e5l rakt ner till buffer tuben s\u00e5 att man kan se siffrorna p\u00e5 de buffer tube-modeller \u00a0som har tryckta siffror \u00f6ver vilken position axelst\u00f6det \u00e4r vid.<\/p>\n<p style=\"text-align: center;\"><a title=\"P\u00e5 baksidan finns en Troy CBIR-logotyp och en knapp f\u00f6r att \u00f6ppna axelst\u00f6det.\" href=\"http:\/\/www.airsoft.nu\/recensioner\/files\/2013\/03\/madbull_troy_battle_ax_stock_07.jpg\" rel=\"lightbox\"><img decoding=\"async\" class=\"aligncenter size-full wp-image-1413\" title=\"P\u00e5 baksidan finns en Troy CBIR-logotyp och en knapp f\u00f6r att \u00f6ppna axelst\u00f6det.\" alt=\"P\u00e5 baksidan finns en Troy CBIR-logotyp och en knapp f\u00f6r att \u00f6ppna axelst\u00f6det.\" src=\"http:\/\/www.airsoft.nu\/recensioner\/files\/2013\/03\/madbull_troy_battle_ax_stock_07_tn.jpg\" width=\"630\" height=\"420\" \/><\/a><\/p>\n<p style=\"text-align: left;\">P\u00e5 baksidan finns en Troy CBIR-logotypen eftersom det \u00e4r en produkt Madbull innehar licensen f\u00f6r fr\u00e5n Troy Industries. \u00c4ven knappen f\u00f6r att \u00f6ppna baksidan (f\u00f6r att komma \u00e5t tex batterifack mm) finns h\u00e4r. Knappen ska tryckas ner\u00e5t och kan vara lite tr\u00f6g s\u00e5 d\u00e4rf\u00f6r kan man anv\u00e4nda tex en skruvmejsel eller n\u00e5got annat h\u00e5rt f\u00f6r att trycka ner lite l\u00e4tt.<\/p>\n<p style=\"text-align: center;\"><a title=\"\u00d6ppnad.\" href=\"http:\/\/www.airsoft.nu\/recensioner\/files\/2013\/03\/madbull_troy_battle_ax_stock_08.jpg\" rel=\"lightbox\"><img decoding=\"async\" class=\"aligncenter size-full wp-image-1416\" alt=\"\u00d6ppnad.\" src=\"http:\/\/www.airsoft.nu\/recensioner\/files\/2013\/03\/madbull_troy_battle_ax_stock_08_tn.jpg\" width=\"630\" height=\"420\" \/><\/a><\/p>\n<p style=\"text-align: left;\">\u00d6ppnad.<\/p>\n<p style=\"text-align: center;\"><a title=\"Axelst\u00f6det har plats f\u00f6r tv\u00e5 stycken batterityper.\" href=\"http:\/\/www.airsoft.nu\/recensioner\/files\/2013\/03\/madbull_troy_battle_ax_stock_09.jpg\" rel=\"lightbox\"><img decoding=\"async\" class=\"aligncenter size-full wp-image-1421\" alt=\"Axelst\u00f6det har plats f\u00f6r tv\u00e5 stycken batterityper.\" src=\"http:\/\/www.airsoft.nu\/recensioner\/files\/2013\/03\/madbull_troy_battle_ax_stock_09_tn.jpg\" width=\"630\" height=\"420\" \/><\/a><\/p>\n<p style=\"text-align: left;\">Axelst\u00f6det har plats f\u00f6r tv\u00e5 stycken enligt tillverkaren rekommenderade LiPo-batterityper. Det f\u00f6rsta utrymmet \u00e4r i buffer tuben och det andra \u00e4r under. Om man har ett batteri i det nedre facket s\u00e5 m\u00e5ste f\u00f6rl\u00e4ngningskabeln ligga i den runda urgr\u00f6pningen p\u00e5 h\u00f6gersidan f\u00f6r att inte kl\u00e4mmas n\u00e4r locket st\u00e4ngs.<\/p>\n<p style=\"text-align: left;\">Om det undre utrymmet inte anv\u00e4nds f\u00f6r n\u00e5got batteri s\u00e5 fungerar det utm\u00e4rkt som f\u00f6rvaringsutrymme \u00e5t n\u00e5gonting annat.<\/p>\n<h3><strong>Batterier som enligt Madbull \u00e4r kompatibla:<\/strong><\/h3>\n<ul>\n<li>Socom Gear #5 11.1v Lipo<\/li>\n<li>Madbull Ultimate Lipo #4\/#5<\/li>\n<li>King Arms 11.1v AN\/PEQ-15<\/li>\n<li>Echo1 7.4 XCR PEQ style battery<\/li>\n<\/ul>\n<p>och naturligtvis liknande batterier med samma utformning.<\/p>\n<h2>F\u00e4lttest<\/h2>\n<p style=\"text-align: center;\"><a title=\"Madbull Troy Battle Ax p\u00e5 en PTW.\" href=\"http:\/\/www.airsoft.nu\/recensioner\/files\/2013\/03\/madbull_troy_battle_ax_stock_010.jpg\" rel=\"lightbox\"><img decoding=\"async\" class=\"aligncenter size-full wp-image-1430\" alt=\"Madbull Troy Battle Ax p\u00e5 en PTW.\" src=\"http:\/\/www.airsoft.nu\/recensioner\/files\/2013\/03\/madbull_troy_battle_ax_stock_010_tn.jpg\" width=\"630\" height=\"420\" \/><\/a><\/p>\n<p style=\"text-align: left;\">Vi upplever axelst\u00f6det som enkelt att installera, att plocka bort och att anv\u00e4nda. Vi testade axelst\u00f6det p\u00e5 flera M4 fr\u00e5n olika fabrikat och med varierat resultat. Felen som yttrar sig \u00e4r att l\u00e5sanordningen inte riktigt hakar i och sp\u00e4rrar i h\u00e5len p\u00e5 buffer tubens undersida utan lossnar och \u00e5ker in vid tryckbelastning eller att buffer tuben var f\u00f6r tjock s\u00e5 det blev tr\u00f6gt. S\u00e5 det g\u00e4ller att v\u00e4lja buffer tube med omsorg.<\/p>\n<p style=\"text-align: center;\"><a title=\"Extra f\u00f6rvaringsutrymme om batteriet sitter i vapnets framdel.\" href=\"http:\/\/www.airsoft.nu\/recensioner\/files\/2013\/03\/madbull_troy_battle_ax_stock_011.jpg\" rel=\"lightbox\"><img decoding=\"async\" class=\"aligncenter  wp-image-1443\" title=\"Extra f\u00f6rvaringsutrymme om batteriet sitter i vapnets framdel.\" alt=\"Extra f\u00f6rvaringsutrymme om batteriet sitter i vapnets framdel.\" src=\"http:\/\/www.airsoft.nu\/recensioner\/files\/2013\/03\/madbull_troy_battle_ax_stock_011_tn.jpg\" \/><\/a><\/p>\n<p style=\"text-align: left;\">Men om man har batterierna i framdelen av vapnet ist\u00e4llet (exempelvis i skyddet) s\u00e5 fungerar det nedre utrymmet bra f\u00f6r att f\u00f6rvara mindre grejer i.<\/p>\n<p><strong>Notera:<\/strong> Vi har tyv\u00e4rr inte testat de LiPo-batteri-sorter som \u00e4r kompatibla storleksm\u00e4ssigt med axelst\u00f6det utan vi utg\u00e5r fr\u00e5n informationsfilmen fr\u00e5n tillverkaren g\u00e4llande batterierna. Vi har heller inte testat att s\u00e4tta dit QD swivel sling men vi utg\u00e5r fr\u00e5n att de fungerar bra.<\/p>\n<p>\n<object width=\"630\" height=\"344\">\n<param name=\"movie\" value=\"http:\/\/www.youtube.com\/v\/gInnNCvfr_w?version=3&amp;theme=dark&amp;fs=1&amp;rel=0&amp;cc_load_policy=1&amp;iv_load_policy=1&amp;modestbranding=1\"><\/param>\n<param name=\"allowScriptAccess\" value=\"always\"><\/param>\n<param name=\"allowFullScreen\" value=\"true\"><\/param>\n<embed src=\"http:\/\/www.youtube.com\/v\/gInnNCvfr_w?version=3&amp;theme=dark&amp;fs=1&amp;rel=0&amp;cc_load_policy=1&amp;iv_load_policy=1&amp;modestbranding=1\" type=\"application\/x-shockwave-flash\" allowScriptAccess=\"always\" allowfullscreen=\"true\" width=\"630\" height=\"344\"><\/embed>\n<\/object>\n<\/p>\n<p><strong>Informationsfilm fr\u00e5n Madbull.<\/strong><\/p>\n<h2>Slutsats<\/h2>\n<p>Troy Battle Ax fr\u00e5n Madbull \u00e4r ett bra axelst\u00f6d och som dessutom ger sitt M4-vapen ett lite annorlunda utseende \u00e4n traditionella. Designen medf\u00f6r att bara vissa speciella batterier f\u00e5r plats om man v\u00e4ljer att ha batterier i axelst\u00f6det. Men vid val av detta axelst\u00f6d b\u00f6r buffer tube v\u00e4ljas med omsorg f\u00f6r att det ska fungera optimalt.<\/p>\n<p>F\u00f6rs\u00e4ljningspriset \u00e4r ca 100 USD hos butiker.<\/p>\n<p><a href=\"http:\/\/madbull.com\/catalog\/index.php?main_page=product_info&amp;products_id=566\" target=\"_blank\">L\u00e4s mer om produkten<\/a>.<\/p>\n<blockquote><p>Denna recension \u00e4r utf\u00f6rd och skriven av Daniel (Koordinator produkttestning) och Johan (produkttestare). Madbull har f\u00f6rsett oss med produkten.<\/p><\/blockquote>\n","protected":false},"excerpt":{"rendered":"<p>Tillverkaren Madbull har lanserat axelst\u00f6den Battle Ax stock under licens fr\u00e5n Troy Industries.\u00a0Axelst\u00f6det \u00e4r avsett f\u00f6r M4-vapen och\u00a0finns i f\u00e4rgerna Svart [TROYBAS-BK], FDE (Flat Dark Earth) [TROYBAS-FDE] och TAN [TROYBAS-TAN]. Vi har testat den i svart f\u00e4rg. \u00a0Read the Madbull Troy Battle Ax stock\u00a0review in English Inneh\u00e5ll Axelst\u00f6det Battle Ax kommer tillsammans med en f\u00f6rl\u00e4ngningskabel [&hellip;]<\/p>\n","protected":false},"author":3,"featured_media":0,"parent":0,"menu_order":0,"comment_status":"open","ping_status":"open","template":"","meta":{"footnotes":""},"class_list":["post-1399","page","type-page","status-publish","hentry"],"_links":{"self":[{"href":"http:\/\/www.airsoft.nu\/recensioner\/wp-json\/wp\/v2\/pages\/1399","targetHints":{"allow":["GET"]}}],"collection":[{"href":"http:\/\/www.airsoft.nu\/recensioner\/wp-json\/wp\/v2\/pages"}],"about":[{"href":"http:\/\/www.airsoft.nu\/recensioner\/wp-json\/wp\/v2\/types\/page"}],"author":[{"embeddable":true,"href":"http:\/\/www.airsoft.nu\/recensioner\/wp-json\/wp\/v2\/users\/3"}],"replies":[{"embeddable":true,"href":"http:\/\/www.airsoft.nu\/recensioner\/wp-json\/wp\/v2\/comments?post=1399"}],"version-history":[{"count":38,"href":"http:\/\/www.airsoft.nu\/recensioner\/wp-json\/wp\/v2\/pages\/1399\/revisions"}],"predecessor-version":[{"id":1599,"href":"http:\/\/www.airsoft.nu\/recensioner\/wp-json\/wp\/v2\/pages\/1399\/revisions\/1599"}],"wp:attachment":[{"href":"http:\/\/www.airsoft.nu\/recensioner\/wp-json\/wp\/v2\/media?parent=1399"}],"curies":[{"name":"wp","href":"https:\/\/api.w.org\/{rel}","templated":true}]}}