{"id":1708,"date":"2014-06-23T00:33:23","date_gmt":"2014-06-22T23:33:23","guid":{"rendered":"http:\/\/www.airsoft.nu\/recensioner\/?page_id=1708"},"modified":"2015-06-29T14:31:19","modified_gmt":"2015-06-29T13:31:19","slug":"gg-gk5d-ak5d-prototyp-snabbkoll","status":"publish","type":"page","link":"http:\/\/www.airsoft.nu\/recensioner\/gg-gk5d-ak5d-prototyp-snabbkoll\/","title":{"rendered":"G&#038;G GK5D (AK5D) prototyp snabbkoll"},"content":{"rendered":"<p><a href=\"http:\/\/www.airsoft.nu\/recensioner\/files\/2014\/06\/gg_gk5d_ak5d_prototype.jpg\" rel=\"lightbox\"><img decoding=\"async\" class=\"alignnone wp-image-1716 size-full\" src=\"http:\/\/www.airsoft.nu\/recensioner\/files\/2014\/06\/gg_gk5d_ak5d_prototype_tn.jpg\" alt=\"G&amp;G GK5D (AK5D) prototype\" width=\"630\" height=\"420\" srcset=\"http:\/\/www.airsoft.nu\/recensioner\/files\/2014\/06\/gg_gk5d_ak5d_prototype_tn.jpg 630w, http:\/\/www.airsoft.nu\/recensioner\/files\/2014\/06\/gg_gk5d_ak5d_prototype_tn-300x200.jpg 300w\" sizes=\"(max-width: 630px) 100vw, 630px\" \/><\/a><\/p>\n<p>Tillverkaren G&amp;G Armament lanserade airsoftvapnet AK5C (<a href=\"http:\/\/www.airsoft.nu\/nyheter\/2012\/12\/17\/gk5c-nu-i-sverige\/\">G&amp;G GK5C GL<\/a>) i slutet av 2012 och snart kommer de \u00e4ven att lansera den kortare varianten AK5D (G&amp;G GK5D). Vi har kollat in prototypen av AK5D under midsommarhelgen (2014) innan den ska vidare till\u00a0Norden-distribut\u00f6ren f\u00f6r att visas i butiker fram till lanseringen.<\/p>\n<p><a title=\"Read the G&amp;G Armament GK5D (AK5D) prototype review in English\" href=\"http:\/\/www.airsoft.nu\/reviews\/gg-gk5d-ak5d-prototype-quick-look\/\"><img decoding=\"async\" class=\"alignnone\" title=\"Read the G&amp;G Armament GK5D (AK5D) prototype review in English\" src=\"http:\/\/www.airsoft.nu\/images\/flags\/gb.gif\" alt=\"Read the G&amp;G Armament GK5D (AK5D) prototype review in English\" width=\"16\" height=\"11\" \/>\u00a0Read the G&amp;G Armament GK5D (AK5D) prototype\u00a0review in English<\/a><\/p>\n<blockquote><p><strong>Detta \u00e4r ingen fullst\u00e4ndig recension utan mer en snabbkoll och en mindre\u00a0j\u00e4mf\u00f6relse med AK5C-modellen g\u00e4llande handskyddet och batteril\u00f6sningen.\u00a0Eftersom att detta \u00e4r en prototyp och inte f\u00e4rdig produkt \u00e4n s\u00e5 kan detaljer och specifikationer komma att f\u00f6r\u00e4ndras.<\/strong><\/p><\/blockquote>\n<p>Batterif\u00f6rvaringen \u00e4r anpassad f\u00f6r ett tv\u00e5-delat 7.2V LiPo-batteri till skillnad fr\u00e5n GK5C som har utrymme f\u00f6r ett tre-delat 11.1V LiPo-batteri. Men ut\u00f6ver\u00a0att denna har kortare inner- och ytterpipa och handskydd s\u00e5 \u00e4r vapenkroppen i \u00f6vrigt och gearbox helt identisk med AK5C. Vid testtillf\u00e4llet s\u00e5 hade vi tyv\u00e4rr inte tillg\u00e5ng till ett 7.2V LiPo-batteri men testskj\u00f6t med ett 11.1V LiPo-batteri ist\u00e4llet och denna hade\u00a0en prestanda p\u00e5 ca 100 m\/s i utg\u00e5ngshastighet med 0.25 g-kulor och en eldhastighet (ROF) p\u00e5 omkring 20 kulor\/s.<\/p>\n<p><a href=\"http:\/\/www.airsoft.nu\/recensioner\/files\/2014\/06\/gg_gk5d_ak5d_prototype_2.jpg\" rel=\"lightbox\"><img decoding=\"async\" class=\"alignnone wp-image-1763 size-full\" src=\"http:\/\/www.airsoft.nu\/recensioner\/files\/2014\/06\/gg_gk5d_ak5d_prototype_2_tn.jpg\" alt=\"G&amp;G GK5D (AK5D) prototype\" width=\"630\" height=\"420\" srcset=\"http:\/\/www.airsoft.nu\/recensioner\/files\/2014\/06\/gg_gk5d_ak5d_prototype_2_tn.jpg 630w, http:\/\/www.airsoft.nu\/recensioner\/files\/2014\/06\/gg_gk5d_ak5d_prototype_2_tn-300x200.jpg 300w\" sizes=\"(max-width: 630px) 100vw, 630px\" \/><\/a><br \/>\nV\u00e4nster sida av vapnet.<\/p>\n<p><a href=\"http:\/\/www.airsoft.nu\/recensioner\/files\/2014\/06\/gg_gk5d_prototype_airsoftnu_001.jpg\" rel=\"lightbox\"><img decoding=\"async\" class=\"alignnone wp-image-1711 size-full\" src=\"http:\/\/www.airsoft.nu\/recensioner\/files\/2014\/06\/gg_gk5d_prototype_airsoftnu_001_tn.jpg\" alt=\"G&amp;G GK5D (AK5D) prototype\" width=\"630\" height=\"420\" srcset=\"http:\/\/www.airsoft.nu\/recensioner\/files\/2014\/06\/gg_gk5d_prototype_airsoftnu_001_tn.jpg 630w, http:\/\/www.airsoft.nu\/recensioner\/files\/2014\/06\/gg_gk5d_prototype_airsoftnu_001_tn-300x200.jpg 300w\" sizes=\"(max-width: 630px) 100vw, 630px\" \/><br \/>\n<\/a>Handskyddet \u00e4r av liknande typ som G36-handskydd. Handskyddet till GK5C GL har en lucka p\u00e5 sidan.<\/p>\n<p><a href=\"http:\/\/www.airsoft.nu\/recensioner\/files\/2014\/06\/gg_gk5d_prototype_airsoftnu_002.jpg\" rel=\"lightbox\"><img decoding=\"async\" class=\"alignnone wp-image-1713 size-full\" src=\"http:\/\/www.airsoft.nu\/recensioner\/files\/2014\/06\/gg_gk5d_prototype_airsoftnu_002_tn.jpg\" alt=\"G&amp;G GK5D (AK5D) prototype\" width=\"630\" height=\"420\" srcset=\"http:\/\/www.airsoft.nu\/recensioner\/files\/2014\/06\/gg_gk5d_prototype_airsoftnu_002_tn.jpg 630w, http:\/\/www.airsoft.nu\/recensioner\/files\/2014\/06\/gg_gk5d_prototype_airsoftnu_002_tn-300x200.jpg 300w\" sizes=\"(max-width: 630px) 100vw, 630px\" \/><br \/>\n<\/a>Handskyddet underifr\u00e5n.<\/p>\n<p><a href=\"http:\/\/www.airsoft.nu\/recensioner\/files\/2014\/06\/gg_gk5d_prototype_airsoftnu_003.jpg\" rel=\"lightbox\"><img decoding=\"async\" class=\"alignnone wp-image-1721 size-full\" src=\"http:\/\/www.airsoft.nu\/recensioner\/files\/2014\/06\/gg_gk5d_prototype_airsoftnu_003_tn.jpg\" alt=\"G&amp;G GK5D (AK5D) prototype\" width=\"630\" height=\"420\" srcset=\"http:\/\/www.airsoft.nu\/recensioner\/files\/2014\/06\/gg_gk5d_prototype_airsoftnu_003_tn.jpg 630w, http:\/\/www.airsoft.nu\/recensioner\/files\/2014\/06\/gg_gk5d_prototype_airsoftnu_003_tn-300x200.jpg 300w\" sizes=\"(max-width: 630px) 100vw, 630px\" \/><\/a><a href=\"http:\/\/www.airsoft.nu\/recensioner\/files\/2014\/06\/gg_gk5d_prototype_airsoftnu_003_tn.jpg\"><br \/>\n<\/a><\/p>\n<p><a href=\"http:\/\/www.airsoft.nu\/recensioner\/files\/2014\/06\/gg_gk5d_prototype_airsoftnu_004.jpg\" rel=\"lightbox\"><img decoding=\"async\" class=\"alignnone wp-image-1723 size-full\" src=\"http:\/\/www.airsoft.nu\/recensioner\/files\/2014\/06\/gg_gk5d_prototype_airsoftnu_004_tn.jpg\" alt=\"G&amp;G GK5D (AK5D) prototype\" width=\"630\" height=\"420\" srcset=\"http:\/\/www.airsoft.nu\/recensioner\/files\/2014\/06\/gg_gk5d_prototype_airsoftnu_004_tn.jpg 630w, http:\/\/www.airsoft.nu\/recensioner\/files\/2014\/06\/gg_gk5d_prototype_airsoftnu_004_tn-300x200.jpg 300w\" sizes=\"(max-width: 630px) 100vw, 630px\" \/><br \/>\n<\/a>Inuti handskyddet.<\/p>\n<p><a href=\"http:\/\/www.airsoft.nu\/recensioner\/files\/2014\/06\/gg_gk5d_prototype_airsoftnu_007.jpg\" rel=\"lightbox\"><img decoding=\"async\" class=\"alignnone wp-image-1725 size-full\" src=\"http:\/\/www.airsoft.nu\/recensioner\/files\/2014\/06\/gg_gk5d_prototype_airsoftnu_007_tn.jpg\" alt=\"G&amp;G GK5D (AK5D) prototype\" width=\"630\" height=\"420\" srcset=\"http:\/\/www.airsoft.nu\/recensioner\/files\/2014\/06\/gg_gk5d_prototype_airsoftnu_007_tn.jpg 630w, http:\/\/www.airsoft.nu\/recensioner\/files\/2014\/06\/gg_gk5d_prototype_airsoftnu_007_tn-300x200.jpg 300w\" sizes=\"(max-width: 630px) 100vw, 630px\" \/><br \/>\n<\/a>Det tv\u00e5-delade 7.2V LiPo-batteriet ska sitta i de tv\u00e5 medf\u00f6ljande batterih\u00e5llarna i plast.<\/p>\n<p><a href=\"http:\/\/www.airsoft.nu\/recensioner\/files\/2014\/06\/gg_gk5d_prototype_airsoftnu_005.jpg\" rel=\"lightbox\"><img decoding=\"async\" class=\"alignnone wp-image-1727 size-full\" src=\"http:\/\/www.airsoft.nu\/recensioner\/files\/2014\/06\/gg_gk5d_prototype_airsoftnu_005_tn.jpg\" alt=\"G&amp;G GK5D (AK5D) prototype\" width=\"630\" height=\"420\" srcset=\"http:\/\/www.airsoft.nu\/recensioner\/files\/2014\/06\/gg_gk5d_prototype_airsoftnu_005_tn.jpg 630w, http:\/\/www.airsoft.nu\/recensioner\/files\/2014\/06\/gg_gk5d_prototype_airsoftnu_005_tn-300x200.jpg 300w\" sizes=\"(max-width: 630px) 100vw, 630px\" \/><br \/>\n<\/a>Batterih\u00e5llarna\u00a0ska i sin tur s\u00e4ttas fast p\u00e5 ytterpipan.<\/p>\n<p><a href=\"http:\/\/www.airsoft.nu\/recensioner\/files\/2014\/06\/gg_gk5d_prototype_airsoftnu_006.jpg\" rel=\"lightbox\"><img decoding=\"async\" class=\"alignnone wp-image-1729 size-full\" src=\"http:\/\/www.airsoft.nu\/recensioner\/files\/2014\/06\/gg_gk5d_prototype_airsoftnu_006_tn.jpg\" alt=\"G&amp;G GK5D (AK5D) prototype\" width=\"630\" height=\"420\" srcset=\"http:\/\/www.airsoft.nu\/recensioner\/files\/2014\/06\/gg_gk5d_prototype_airsoftnu_006_tn.jpg 630w, http:\/\/www.airsoft.nu\/recensioner\/files\/2014\/06\/gg_gk5d_prototype_airsoftnu_006_tn-300x200.jpg 300w\" sizes=\"(max-width: 630px) 100vw, 630px\" \/><br \/>\n<\/a>Batterih\u00e5llarna i handskyddet.<\/p>\n<p><a href=\"http:\/\/www.airsoft.nu\/recensioner\/files\/2014\/06\/gg_gk5d_prototype_airsoftnu_009.jpg\" rel=\"lightbox\"><img decoding=\"async\" class=\"alignnone wp-image-1732 size-full\" src=\"http:\/\/www.airsoft.nu\/recensioner\/files\/2014\/06\/gg_gk5d_prototype_airsoftnu_009.jpg\" alt=\"G&amp;G GK5D (AK5D) prototype\" width=\"600\" height=\"400\" srcset=\"http:\/\/www.airsoft.nu\/recensioner\/files\/2014\/06\/gg_gk5d_prototype_airsoftnu_009.jpg 600w, http:\/\/www.airsoft.nu\/recensioner\/files\/2014\/06\/gg_gk5d_prototype_airsoftnu_009-300x200.jpg 300w\" sizes=\"(max-width: 600px) 100vw, 600px\" \/><\/a><br \/>\nIllustrativ, ej skalenlig bild p\u00e5 hur batteriet ska sitta. B\u00e4ttre bild kommer!<\/p>\n<p>Det f\u00f6rekommer ett visst vobbel i handskyddet till AK5C men det detta \u00e4r mer eller mindre \u00e5tg\u00e4rdat i AK5D-handskyddet p\u00e5 grund av sin konstruktion och att batterih\u00e5llarna hj\u00e4lper till att g\u00f6ra det mera stabilt.<\/p>\n<p><a href=\"http:\/\/www.airsoft.nu\/recensioner\/files\/2014\/06\/gg_gk5d_prototype_airsoftnu_008.jpg\" rel=\"lightbox\"><img decoding=\"async\" class=\"alignnone wp-image-1734 size-full\" src=\"http:\/\/www.airsoft.nu\/recensioner\/files\/2014\/06\/gg_gk5d_prototype_airsoftnu_008_tn.jpg\" alt=\"G&amp;G GK5D (AK5D) prototype\" width=\"630\" height=\"420\" srcset=\"http:\/\/www.airsoft.nu\/recensioner\/files\/2014\/06\/gg_gk5d_prototype_airsoftnu_008_tn.jpg 630w, http:\/\/www.airsoft.nu\/recensioner\/files\/2014\/06\/gg_gk5d_prototype_airsoftnu_008_tn-300x200.jpg 300w\" sizes=\"(max-width: 630px) 100vw, 630px\" \/><br \/>\n<\/a>Fr\u00e4mre delen av vapnet. Den medf\u00f6ljande flamd\u00e4mparen \u00e4r l\u00e4ngre \u00e4n till GK5C GL.<\/p>\n<p><a href=\"http:\/\/www.airsoft.nu\/recensioner\/files\/2014\/06\/gg_gk5d_prototype_airsoftnu_011.jpg\" rel=\"lightbox\"><img decoding=\"async\" class=\"alignnone wp-image-1739 size-full\" src=\"http:\/\/www.airsoft.nu\/recensioner\/files\/2014\/06\/gg_gk5d_prototype_airsoftnu_011_tn.jpg\" alt=\"G&amp;G GK5D (AK5D) prototype\" width=\"630\" height=\"420\" srcset=\"http:\/\/www.airsoft.nu\/recensioner\/files\/2014\/06\/gg_gk5d_prototype_airsoftnu_011_tn.jpg 630w, http:\/\/www.airsoft.nu\/recensioner\/files\/2014\/06\/gg_gk5d_prototype_airsoftnu_011_tn-300x200.jpg 300w\" sizes=\"(max-width: 630px) 100vw, 630px\" \/><br \/>\n<\/a>AK5C (GK5C GL) och AK5D (GK5D). AK5C p\u00e5 bilden \u00e4r extrautrustad med fr\u00e4mre grepp och r\u00f6dpunktssikte (dock ej Aimpoint CS).<\/p>\n<p><a href=\"http:\/\/www.airsoft.nu\/recensioner\/files\/2014\/06\/gg_gk5d_prototype_airsoftnu_012.jpg\" rel=\"lightbox\"><img decoding=\"async\" class=\"alignnone wp-image-1741 size-full\" src=\"http:\/\/www.airsoft.nu\/recensioner\/files\/2014\/06\/gg_gk5d_prototype_airsoftnu_012_tn.jpg\" alt=\"G&amp;G GK5D (AK5D) prototype\" width=\"630\" height=\"420\" srcset=\"http:\/\/www.airsoft.nu\/recensioner\/files\/2014\/06\/gg_gk5d_prototype_airsoftnu_012_tn.jpg 630w, http:\/\/www.airsoft.nu\/recensioner\/files\/2014\/06\/gg_gk5d_prototype_airsoftnu_012_tn-300x200.jpg 300w\" sizes=\"(max-width: 630px) 100vw, 630px\" \/><br \/>\n<\/a>Pipl\u00e4ngderna p\u00e5 AK5C och AK5D.<\/p>\n<p><a href=\"http:\/\/www.airsoft.nu\/recensioner\/files\/2014\/06\/gg_gk5d_prototype_airsoftnu_013.jpg\" rel=\"lightbox\"><img decoding=\"async\" class=\"alignnone wp-image-1743 size-full\" src=\"http:\/\/www.airsoft.nu\/recensioner\/files\/2014\/06\/gg_gk5d_prototype_airsoftnu_013_tn.jpg\" alt=\"G&amp;G GK5D (AK5D) prototype\" width=\"630\" height=\"420\" srcset=\"http:\/\/www.airsoft.nu\/recensioner\/files\/2014\/06\/gg_gk5d_prototype_airsoftnu_013_tn.jpg 630w, http:\/\/www.airsoft.nu\/recensioner\/files\/2014\/06\/gg_gk5d_prototype_airsoftnu_013_tn-300x200.jpg 300w\" sizes=\"(max-width: 630px) 100vw, 630px\" \/><br \/>\n<\/a>Handskydden till AK5C och AK5D. Ut\u00f6ver att de \u00e4r olika l\u00e5nga s\u00e5 har de olika storlekar avseende bredd och h\u00f6jd som ett resultat av att batterier ska f\u00e5 plats.<\/p>\n<p><a href=\"http:\/\/www.airsoft.nu\/recensioner\/files\/2014\/06\/gg_gk5d_prototype_airsoftnu_014.jpg\" rel=\"lightbox\"><img decoding=\"async\" class=\"alignnone wp-image-1745 size-full\" src=\"http:\/\/www.airsoft.nu\/recensioner\/files\/2014\/06\/gg_gk5d_prototype_airsoftnu_014_tn.jpg\" alt=\"G&amp;G GK5D (AK5D) prototype\" width=\"630\" height=\"420\" srcset=\"http:\/\/www.airsoft.nu\/recensioner\/files\/2014\/06\/gg_gk5d_prototype_airsoftnu_014_tn.jpg 630w, http:\/\/www.airsoft.nu\/recensioner\/files\/2014\/06\/gg_gk5d_prototype_airsoftnu_014_tn-300x200.jpg 300w\" sizes=\"(max-width: 630px) 100vw, 630px\" \/><\/a><\/p>\n<p><a href=\"http:\/\/www.airsoft.nu\/recensioner\/files\/2014\/06\/gg_gk5d_prototype_airsoftnu_015.jpg\" rel=\"lightbox\"><img decoding=\"async\" class=\"alignnone wp-image-1749 size-full\" src=\"http:\/\/www.airsoft.nu\/recensioner\/files\/2014\/06\/gg_gk5d_prototype_airsoftnu_015_tn.jpg\" alt=\"G&amp;G GK5D (AK5D) prototype\" width=\"630\" height=\"420\" srcset=\"http:\/\/www.airsoft.nu\/recensioner\/files\/2014\/06\/gg_gk5d_prototype_airsoftnu_015_tn.jpg 630w, http:\/\/www.airsoft.nu\/recensioner\/files\/2014\/06\/gg_gk5d_prototype_airsoftnu_015_tn-300x200.jpg 300w\" sizes=\"(max-width: 630px) 100vw, 630px\" \/><\/a><\/p>\n<p><a href=\"http:\/\/www.airsoft.nu\/recensioner\/files\/2014\/06\/gg_gk5d_prototype_airsoftnu_016.jpg\" rel=\"lightbox\"><img decoding=\"async\" class=\"alignnone wp-image-1751 size-full\" src=\"http:\/\/www.airsoft.nu\/recensioner\/files\/2014\/06\/gg_gk5d_prototype_airsoftnu_016_tn.jpg\" alt=\"G&amp;G GK5D (AK5D) prototype\" width=\"630\" height=\"420\" srcset=\"http:\/\/www.airsoft.nu\/recensioner\/files\/2014\/06\/gg_gk5d_prototype_airsoftnu_016_tn.jpg 630w, http:\/\/www.airsoft.nu\/recensioner\/files\/2014\/06\/gg_gk5d_prototype_airsoftnu_016_tn-300x200.jpg 300w\" sizes=\"(max-width: 630px) 100vw, 630px\" \/><\/a><\/p>\n<p><a href=\"http:\/\/www.airsoft.nu\/recensioner\/files\/2014\/06\/gg_gk5d_prototype_airsoftnu_017.jpg\" rel=\"lightbox\"><img decoding=\"async\" class=\"alignnone wp-image-1754 size-full\" src=\"http:\/\/www.airsoft.nu\/recensioner\/files\/2014\/06\/gg_gk5d_prototype_airsoftnu_017_tn.jpg\" alt=\"G&amp;G GK5D (AK5D) prototype\" width=\"630\" height=\"420\" srcset=\"http:\/\/www.airsoft.nu\/recensioner\/files\/2014\/06\/gg_gk5d_prototype_airsoftnu_017_tn.jpg 630w, http:\/\/www.airsoft.nu\/recensioner\/files\/2014\/06\/gg_gk5d_prototype_airsoftnu_017_tn-300x200.jpg 300w\" sizes=\"(max-width: 630px) 100vw, 630px\" \/><\/a><\/p>\n<p><a href=\"http:\/\/www.airsoft.nu\/recensioner\/files\/2014\/06\/gg_gk5d_prototype_airsoftnu_018.jpg\" rel=\"lightbox\"><img decoding=\"async\" class=\"alignnone wp-image-1756 size-full\" src=\"http:\/\/www.airsoft.nu\/recensioner\/files\/2014\/06\/gg_gk5d_prototype_airsoftnu_018_tn.jpg\" alt=\"G&amp;G GK5D (AK5D) prototype\" width=\"630\" height=\"420\" srcset=\"http:\/\/www.airsoft.nu\/recensioner\/files\/2014\/06\/gg_gk5d_prototype_airsoftnu_018_tn.jpg 630w, http:\/\/www.airsoft.nu\/recensioner\/files\/2014\/06\/gg_gk5d_prototype_airsoftnu_018_tn-300x200.jpg 300w\" sizes=\"(max-width: 630px) 100vw, 630px\" \/><br \/>\n<\/a>Ett fr\u00e4mre\u00a0grepp som (till stor del) liknar det som anv\u00e4nds till riktiga AK5C och D g\u00e5r precis att f\u00e5 dit men l\u00e4mnar m\u00e4rken i metallen n\u00e4r den skjuts in och den kommer inte f\u00f6rbi plasten bakom. Det g\u00e5r dock att slipa ner plasten. Men f\u00f6rhoppningsvis \u00e4r detta \u00e5tg\u00e4rdat efter prototyp-stadiet.<\/p>\n<p><a href=\"http:\/\/www.airsoft.nu\/recensioner\/files\/2014\/06\/gg_gk5d_prototype_airsoftnu_021.jpg\" rel=\"lightbox\"><img decoding=\"async\" class=\"alignnone wp-image-1759 size-full\" src=\"http:\/\/www.airsoft.nu\/recensioner\/files\/2014\/06\/gg_gk5d_prototype_airsoftnu_021_tn.jpg\" alt=\"G&amp;G GK5D (AK5D) prototype\" width=\"630\" height=\"420\" srcset=\"http:\/\/www.airsoft.nu\/recensioner\/files\/2014\/06\/gg_gk5d_prototype_airsoftnu_021_tn.jpg 630w, http:\/\/www.airsoft.nu\/recensioner\/files\/2014\/06\/gg_gk5d_prototype_airsoftnu_021_tn-300x200.jpg 300w\" sizes=\"(max-width: 630px) 100vw, 630px\" \/><\/a><\/p>\n<p><a href=\"http:\/\/www.airsoft.nu\/recensioner\/files\/2014\/06\/gg_gk5d_prototype_airsoftnu_020.jpg\" rel=\"lightbox\"><img decoding=\"async\" class=\"alignnone wp-image-1757 size-full\" src=\"http:\/\/www.airsoft.nu\/recensioner\/files\/2014\/06\/gg_gk5d_prototype_airsoftnu_020_tn.jpg\" alt=\"G&amp;G GK5D (AK5D) prototype\" width=\"630\" height=\"420\" srcset=\"http:\/\/www.airsoft.nu\/recensioner\/files\/2014\/06\/gg_gk5d_prototype_airsoftnu_020_tn.jpg 630w, http:\/\/www.airsoft.nu\/recensioner\/files\/2014\/06\/gg_gk5d_prototype_airsoftnu_020_tn-300x200.jpg 300w\" sizes=\"(max-width: 630px) 100vw, 630px\" \/><br \/>\n<\/a>P\u00e5 AK5C-modellen \u00e4r det inga problem att f\u00e5 in fr\u00e4mre\u00a0greppet l\u00e4ngst in (se tidigare bild).<\/p>\n<p><a href=\"http:\/\/www.airsoft.nu\/recensioner\/files\/2014\/06\/ak5-ak5c-ak5d-gg-armament.jpg\" rel=\"lightbox\"><img decoding=\"async\" class=\"alignnone wp-image-1767 size-full\" src=\"http:\/\/www.airsoft.nu\/recensioner\/files\/2014\/06\/ak5-ak5c-ak5d-gg-armament_tn.jpg\" alt=\"G&amp;G AK5 (GF85 GL), AK5C (GK5C GL med extrautrustning) och AK5D prototyp (GK5D prototyp)\" width=\"630\" height=\"420\" srcset=\"http:\/\/www.airsoft.nu\/recensioner\/files\/2014\/06\/ak5-ak5c-ak5d-gg-armament_tn.jpg 630w, http:\/\/www.airsoft.nu\/recensioner\/files\/2014\/06\/ak5-ak5c-ak5d-gg-armament_tn-300x200.jpg 300w\" sizes=\"(max-width: 630px) 100vw, 630px\" \/><br \/>\n<\/a>Slutligen en bild p\u00e5 AK5-familjen fr\u00e5n G&amp;G Armament. AK5 (GF85 GL), AK5C (GK5C GL med extrautrustning) och AK5D prototyp (GK5D prototyp).<\/p>\n<blockquote><p>Tack till G&amp;G Armament f\u00f6r att vi fick m\u00f6jligheten att kolla in denna prototyp och vi hoppas \u00e4ven f\u00e5 testa den slutgiltiga produkten n\u00e4r den lanseras.<\/p><\/blockquote>\n","protected":false},"excerpt":{"rendered":"<p>Tillverkaren G&amp;G Armament lanserade airsoftvapnet AK5C (G&amp;G GK5C GL) i slutet av 2012 och snart kommer de \u00e4ven att lansera den kortare varianten AK5D (G&amp;G GK5D). Vi har kollat in prototypen av AK5D under midsommarhelgen (2014) innan den ska vidare till\u00a0Norden-distribut\u00f6ren f\u00f6r att visas i butiker fram till lanseringen. \u00a0Read the G&amp;G Armament GK5D (AK5D) [&hellip;]<\/p>\n","protected":false},"author":3,"featured_media":0,"parent":0,"menu_order":0,"comment_status":"open","ping_status":"open","template":"longread.php","meta":{"footnotes":""},"class_list":["post-1708","page","type-page","status-publish","hentry"],"_links":{"self":[{"href":"http:\/\/www.airsoft.nu\/recensioner\/wp-json\/wp\/v2\/pages\/1708","targetHints":{"allow":["GET"]}}],"collection":[{"href":"http:\/\/www.airsoft.nu\/recensioner\/wp-json\/wp\/v2\/pages"}],"about":[{"href":"http:\/\/www.airsoft.nu\/recensioner\/wp-json\/wp\/v2\/types\/page"}],"author":[{"embeddable":true,"href":"http:\/\/www.airsoft.nu\/recensioner\/wp-json\/wp\/v2\/users\/3"}],"replies":[{"embeddable":true,"href":"http:\/\/www.airsoft.nu\/recensioner\/wp-json\/wp\/v2\/comments?post=1708"}],"version-history":[{"count":35,"href":"http:\/\/www.airsoft.nu\/recensioner\/wp-json\/wp\/v2\/pages\/1708\/revisions"}],"predecessor-version":[{"id":1794,"href":"http:\/\/www.airsoft.nu\/recensioner\/wp-json\/wp\/v2\/pages\/1708\/revisions\/1794"}],"wp:attachment":[{"href":"http:\/\/www.airsoft.nu\/recensioner\/wp-json\/wp\/v2\/media?parent=1708"}],"curies":[{"name":"wp","href":"https:\/\/api.w.org\/{rel}","templated":true}]}}