{"id":2061,"date":"2019-10-28T14:16:28","date_gmt":"2019-10-28T13:16:28","guid":{"rendered":"http:\/\/www.airsoft.nu\/recensioner\/?page_id=2061"},"modified":"2019-11-05T22:12:21","modified_gmt":"2019-11-05T21:12:21","slug":"steel-life-axem-40","status":"publish","type":"page","link":"http:\/\/www.airsoft.nu\/recensioner\/steel-life-axem-40\/","title":{"rendered":"Steel Life AXEM 4.0"},"content":{"rendered":"\n<figure class=\"wp-block-image\"><img decoding=\"async\" width=\"630\" height=\"310\" src=\"http:\/\/www.airsoft.nu\/recensioner\/files\/2019\/10\/axem40_recension.jpg\" alt=\"\" class=\"wp-image-2067\" srcset=\"http:\/\/www.airsoft.nu\/recensioner\/files\/2019\/10\/axem40_recension.jpg 630w, http:\/\/www.airsoft.nu\/recensioner\/files\/2019\/10\/axem40_recension-300x148.jpg 300w\" sizes=\"(max-width: 630px) 100vw, 630px\" \/><\/figure>\n\n\n\n<p><strong>Vi har haft n\u00f6jet att prova multiverktyget AXEM 4.0 fr\u00e5n italienska Steel Life. Ett \u00f6verlevnadsverktyg som tar liten plats och erbjuder flera m\u00f6jligheter.<\/strong><\/p>\n\n\n\n<h2 class=\"wp-block-heading\">Inneh\u00e5ll<\/h2>\n\n\n\n<figure class=\"wp-block-image\"><img decoding=\"async\" width=\"1024\" height=\"768\" src=\"http:\/\/www.airsoft.nu\/recensioner\/files\/2019\/10\/axem40_2-1024x768.jpg\" alt=\"\" class=\"wp-image-2069\" srcset=\"http:\/\/www.airsoft.nu\/recensioner\/files\/2019\/10\/axem40_2.jpg 1024w, http:\/\/www.airsoft.nu\/recensioner\/files\/2019\/10\/axem40_2-300x225.jpg 300w, http:\/\/www.airsoft.nu\/recensioner\/files\/2019\/10\/axem40_2-768x576.jpg 768w\" sizes=\"(max-width: 1024px) 100vw, 1024px\" \/><\/figure>\n\n\n\n<figure class=\"wp-block-image\"><img decoding=\"async\" width=\"1024\" height=\"768\" src=\"http:\/\/www.airsoft.nu\/recensioner\/files\/2019\/10\/axem40_1-1024x768.jpg\" alt=\"\" class=\"wp-image-2068\" srcset=\"http:\/\/www.airsoft.nu\/recensioner\/files\/2019\/10\/axem40_1.jpg 1024w, http:\/\/www.airsoft.nu\/recensioner\/files\/2019\/10\/axem40_1-300x225.jpg 300w, http:\/\/www.airsoft.nu\/recensioner\/files\/2019\/10\/axem40_1-768x576.jpg 768w\" sizes=\"(max-width: 1024px) 100vw, 1024px\" \/><\/figure>\n\n\n\n<p>Verktyget levereras i en gedigen ask av kartong. I asken finns ocks\u00e5 en enklare bruksanvisning.<\/p>\n\n\n\n<p>Kartongens lock &#8221;l\u00e5ses&#8221; med hj\u00e4lp av magnet. Tyv\u00e4rr blir det l\u00e4tt m\u00e4rken i kartongens ytskikt.<\/p>\n\n\n\n<h2 class=\"wp-block-heading\">Utseende och funktion<\/h2>\n\n\n\n<p>AXEM 4.0 \u00e4r ett rektangelformigt multiverktyg i urfr\u00e4st, rostfritt st\u00e5l med en &#8221;satinfinish&#8221; som ger en matt yta.<\/p>\n\n\n\n<figure class=\"wp-block-image\"><img decoding=\"async\" width=\"1024\" height=\"768\" src=\"http:\/\/www.airsoft.nu\/recensioner\/files\/2019\/10\/axem40_3-1024x768.jpg\" alt=\"\" class=\"wp-image-2070\" srcset=\"http:\/\/www.airsoft.nu\/recensioner\/files\/2019\/10\/axem40_3.jpg 1024w, http:\/\/www.airsoft.nu\/recensioner\/files\/2019\/10\/axem40_3-300x225.jpg 300w, http:\/\/www.airsoft.nu\/recensioner\/files\/2019\/10\/axem40_3-768x576.jpg 768w\" sizes=\"(max-width: 1024px) 100vw, 1024px\" \/><figcaption>AXEM 4.0 i j\u00e4mf\u00f6relse med annat verktyg i kreditkortsformat.<\/figcaption><\/figure>\n\n\n\n<p>Storleksm\u00e4ssigt \u00e4r verktyget 103 x 75 x2,5 mm, vilket \u00e4r n\u00e5got st\u00f6rre \u00e4n liknande (men enklare) verktyg i kreditkortsformat.<\/p>\n\n\n\n<p>Funktionerna i verktyget kommer av de urfr\u00e4sta delar som snillrikt och sparsamt anv\u00e4nder tillg\u00e4ngliga utrymmet i pl\u00e5ten.<\/p>\n\n\n\n<figure class=\"wp-block-image\"><img decoding=\"async\" width=\"1024\" height=\"768\" src=\"http:\/\/www.airsoft.nu\/recensioner\/files\/2019\/10\/axem40_5-1024x768.jpg\" alt=\"\" class=\"wp-image-2073\" srcset=\"http:\/\/www.airsoft.nu\/recensioner\/files\/2019\/10\/axem40_5.jpg 1024w, http:\/\/www.airsoft.nu\/recensioner\/files\/2019\/10\/axem40_5-300x225.jpg 300w, http:\/\/www.airsoft.nu\/recensioner\/files\/2019\/10\/axem40_5-768x576.jpg 768w\" sizes=\"(max-width: 1024px) 100vw, 1024px\" \/><\/figure>\n\n\n\n<p>Till produkten ing\u00e5r en spjutspets och ett par bits och alla dessa \u00e4r fixerade med gummiringar (o-ring).<\/p>\n\n\n\n<figure class=\"wp-block-image\"><img decoding=\"async\" width=\"1024\" height=\"768\" src=\"http:\/\/www.airsoft.nu\/recensioner\/files\/2019\/10\/axem40_4-1024x768.jpg\" alt=\"\" class=\"wp-image-2071\" srcset=\"http:\/\/www.airsoft.nu\/recensioner\/files\/2019\/10\/axem40_4.jpg 1024w, http:\/\/www.airsoft.nu\/recensioner\/files\/2019\/10\/axem40_4-300x225.jpg 300w, http:\/\/www.airsoft.nu\/recensioner\/files\/2019\/10\/axem40_4-768x576.jpg 768w\" sizes=\"(max-width: 1024px) 100vw, 1024px\" \/><\/figure>\n\n\n\n<p>Produkten inneh\u00e5ller bland annat f\u00f6ljande funktionalitet:<\/p>\n\n\n\n<ul class=\"wp-block-list\"><li>S\u00e5gblad f\u00f6r s\u00e5gning i tr\u00e4<\/li><li>Egg avsedd som paket\u00f6ppnare eller yxegg<\/li><li>Konserv\u00f6ppnare<\/li><li>Kapsyl\u00f6ppnare<\/li><li>Tre sp\u00e5rmejsel-huvuden i olika storlekar<\/li><li>Dubbel\u00e4ndad bits (PZ2 och PH2)<\/li><li>Blocknycklar<\/li><li>Skruvdragning f\u00f6r krokskruvar<\/li><li>Rep- och sn\u00f6rkapare<\/li><li>Spjutspets<\/li><li>Nyckel f\u00f6r gasbeh\u00e5llare (O2)<\/li><\/ul>\n\n\n\n<h2 class=\"wp-block-heading\">F\u00e4lttest<\/h2>\n\n\n\n<figure class=\"wp-block-image\"><img decoding=\"async\" width=\"1024\" height=\"768\" src=\"http:\/\/www.airsoft.nu\/recensioner\/files\/2019\/10\/axem40_6-1024x768.jpg\" alt=\"\" class=\"wp-image-2074\" srcset=\"http:\/\/www.airsoft.nu\/recensioner\/files\/2019\/10\/axem40_6.jpg 1024w, http:\/\/www.airsoft.nu\/recensioner\/files\/2019\/10\/axem40_6-300x225.jpg 300w, http:\/\/www.airsoft.nu\/recensioner\/files\/2019\/10\/axem40_6-768x576.jpg 768w\" sizes=\"(max-width: 1024px) 100vw, 1024px\" \/><\/figure>\n\n\n\n<p>Verktygets l\u00e5ngsida med s\u00e5gt\u00e4nder fungerar f\u00f6rh\u00e5llandevis bra att s\u00e5ga med i tr\u00e4.<\/p>\n\n\n\n<figure class=\"wp-block-image\"><img decoding=\"async\" width=\"1024\" height=\"768\" src=\"http:\/\/www.airsoft.nu\/recensioner\/files\/2019\/10\/axem40_7-1024x768.jpg\" alt=\"\" class=\"wp-image-2075\" srcset=\"http:\/\/www.airsoft.nu\/recensioner\/files\/2019\/10\/axem40_7.jpg 1024w, http:\/\/www.airsoft.nu\/recensioner\/files\/2019\/10\/axem40_7-300x225.jpg 300w, http:\/\/www.airsoft.nu\/recensioner\/files\/2019\/10\/axem40_7-768x576.jpg 768w\" sizes=\"(max-width: 1024px) 100vw, 1024px\" \/><\/figure>\n\n\n\n<p>En kortsida \u00e4r slipad till en egg och \u00e4ven om denna egg inte \u00e4r knivskarp s\u00e5 kan den med r\u00e4tt kraft r\u00e4cka f\u00f6r enklare arbeten som kr\u00e4ver yxa eller t\u00e4ljning.<\/p>\n\n\n\n<p>F\u00f6r att underl\u00e4tta hackning kan verktyget fixeras i exempelvis ett kluvet skaft med tr\u00e5d f\u00f6r att skapa en improviserad yxa och \u00e4ven \u00e4ven s\u00e5gning kan underl\u00e4ttas p\u00e5 detta vis.<\/p>\n\n\n\n<figure class=\"wp-block-image\"><img decoding=\"async\" width=\"1024\" height=\"768\" src=\"http:\/\/www.airsoft.nu\/recensioner\/files\/2019\/10\/axem40_8-1024x768.jpg\" alt=\"\" class=\"wp-image-2076\" srcset=\"http:\/\/www.airsoft.nu\/recensioner\/files\/2019\/10\/axem40_8.jpg 1024w, http:\/\/www.airsoft.nu\/recensioner\/files\/2019\/10\/axem40_8-300x225.jpg 300w, http:\/\/www.airsoft.nu\/recensioner\/files\/2019\/10\/axem40_8-768x576.jpg 768w\" sizes=\"(max-width: 1024px) 100vw, 1024px\" \/><\/figure>\n\n\n\n<p>F\u00f6r att anv\u00e4nda pilspetsen beh\u00f6ver den f\u00e4stas p\u00e5 n\u00e5got annat.<\/p>\n\n\n\n<p>Konserv\u00f6ppnaren fungerar men kr\u00e4ver en viss teknik och eftersom utformningen \u00e4r lite primitiv blir den l\u00e4tt otymplig att anv\u00e4nda.<\/p>\n\n\n\n<p>Verktygets blocknyckelsats och mejslar g\u00e5r bra att anv\u00e4nda, men kr\u00e4ver stort man\u00f6verutrymme. Ofta hj\u00e4lper det att h\u00e5lla verktyget med b\u00e5da h\u00e4nderna.<\/p>\n\n\n\n<figure class=\"wp-block-image\"><img decoding=\"async\" width=\"1024\" height=\"768\" src=\"http:\/\/www.airsoft.nu\/recensioner\/files\/2019\/10\/axem40_9-1024x768.jpg\" alt=\"\" class=\"wp-image-2077\" srcset=\"http:\/\/www.airsoft.nu\/recensioner\/files\/2019\/10\/axem40_9.jpg 1024w, http:\/\/www.airsoft.nu\/recensioner\/files\/2019\/10\/axem40_9-300x225.jpg 300w, http:\/\/www.airsoft.nu\/recensioner\/files\/2019\/10\/axem40_9-768x576.jpg 768w\" sizes=\"(max-width: 1024px) 100vw, 1024px\" \/><\/figure>\n\n\n\n<p>Gummiringarna kan anv\u00e4ndas till att fixera bits n\u00e4r de anv\u00e4nds eller h\u00e5lla spjutspetsen och bits p\u00e5 plats n\u00e4r de inte anv\u00e4nds.<\/p>\n\n\n\n<p>De vassa partierna p\u00e5 verktyget \u00e4r visserligen vassa nog att de kan anv\u00e4ndas f\u00f6r sina \u00e4ndam\u00e5l (s\u00e5gning, hackning, sk\u00e4rning och kapning), men undantaget eggens yttre sidor eller spjutspetsen s\u00e5 \u00e4r verktyget inte s\u00e4rskilt vasst i sitt utf\u00f6rande fr\u00e5n tillverkaren.<\/p>\n\n\n\n<h2 class=\"wp-block-heading\">Slutsats<\/h2>\n\n\n\n<p>Med tanke p\u00e5 verktygets smala format, storlek och all plats det sparar j\u00e4mf\u00f6rt med den plats en motsvarande verktygssamling hade kr\u00e4vt \u00e4r det \u00e4nd\u00e5 imponerade hur anv\u00e4ndbart AXEM 4.0 \u00e4r.<\/p>\n\n\n\n<p>Gummiringarna (o-ringar) g\u00e5r att anv\u00e4nda och \u00e4r kanske av god kvalit\u00e9, men de \u00e4r inte speciellt bra p\u00e5 att fixera, framf\u00f6r allt inte spjutspetsen. Av den anledningen ser jag det l\u00e4mpligt att f\u00f6rvara verktyget i ett h\u00f6lster eller ficka med h\u00e5rda kanter.<\/p>\n\n\n\n<p>F\u00f6r den som \u00e4r i behov av ett multiverktyg som tar liten plats \u00e4r detta ett bra val.<\/p>\n\n\n\n<p>Produkten finns till f\u00f6rs\u00e4ljning hos olika butiker runt om i Europa, de flesta s\u00e4ljer produkten f\u00f6r det rekommenderade f\u00f6rs\u00e4ljningspriset 34 Euro (<a rel=\"noreferrer noopener\" aria-label=\"se l\u00e4nk (\u00f6ppnas i en ny flik)\" href=\"https:\/\/www.airsoftdb.com\/search\/?q=axem+4.0&amp;r=all\" target=\"_blank\">se l\u00e4nk<\/a>).<\/p>\n\n\n\n<p>Steel Life har sedan recensionen p\u00e5b\u00f6rjats lanserat <a rel=\"noreferrer noopener\" aria-label=\"tv\u00e5 typer f\u00f6rvaringsm\u00f6jligheter (\u00f6ppnas i en ny flik)\" href=\"https:\/\/steel-life.eu\/accessories\/\" target=\"_blank\">tv\u00e5 typer f\u00f6rvaringsm\u00f6jligheter<\/a> f\u00f6r verktyget. Ett svart kydex-h\u00f6lster (PPS, Power Pack System) och en ficka (Steel Pouch) gjord av polyesterv\u00e4ven Oxford 600D som finns i flera olika f\u00e4rger.<\/p>\n\n\n\n<p>Vi har inte testat verktyget tillsammans med n\u00e5gon av dessa, men n\u00e5gon av dessa \u00e4r mer eller mindre n\u00f6dv\u00e4ndig.<\/p>\n\n\n\n<blockquote class=\"wp-block-quote is-layout-flow wp-block-quote-is-layout-flow\"><p>Denna recension \u00e4r utf\u00f6rd och skriven av Erik.<br>Det \u00e4r tillverkaren Steel Life i Italien som har f\u00f6rsett Airsoft.nu med produkten.<\/p><\/blockquote>\n\n\n","protected":false},"excerpt":{"rendered":"<p>Vi har haft n\u00f6jet att prova multiverktyget AXEM 4.0 fr\u00e5n italienska Steel Life. Ett \u00f6verlevnadsverktyg som tar liten plats och erbjuder flera m\u00f6jligheter. Inneh\u00e5ll Verktyget levereras i en gedigen ask av kartong. I asken finns ocks\u00e5 en enklare bruksanvisning. Kartongens lock &#8221;l\u00e5ses&#8221; med hj\u00e4lp av magnet. Tyv\u00e4rr blir det l\u00e4tt m\u00e4rken i kartongens ytskikt. Utseende [&hellip;]<\/p>\n","protected":false},"author":3,"featured_media":0,"parent":0,"menu_order":0,"comment_status":"closed","ping_status":"closed","template":"","meta":{"footnotes":""},"class_list":["post-2061","page","type-page","status-publish","hentry"],"_links":{"self":[{"href":"http:\/\/www.airsoft.nu\/recensioner\/wp-json\/wp\/v2\/pages\/2061","targetHints":{"allow":["GET"]}}],"collection":[{"href":"http:\/\/www.airsoft.nu\/recensioner\/wp-json\/wp\/v2\/pages"}],"about":[{"href":"http:\/\/www.airsoft.nu\/recensioner\/wp-json\/wp\/v2\/types\/page"}],"author":[{"embeddable":true,"href":"http:\/\/www.airsoft.nu\/recensioner\/wp-json\/wp\/v2\/users\/3"}],"replies":[{"embeddable":true,"href":"http:\/\/www.airsoft.nu\/recensioner\/wp-json\/wp\/v2\/comments?post=2061"}],"version-history":[{"count":15,"href":"http:\/\/www.airsoft.nu\/recensioner\/wp-json\/wp\/v2\/pages\/2061\/revisions"}],"predecessor-version":[{"id":2096,"href":"http:\/\/www.airsoft.nu\/recensioner\/wp-json\/wp\/v2\/pages\/2061\/revisions\/2096"}],"wp:attachment":[{"href":"http:\/\/www.airsoft.nu\/recensioner\/wp-json\/wp\/v2\/media?parent=2061"}],"curies":[{"name":"wp","href":"https:\/\/api.w.org\/{rel}","templated":true}]}}