{"id":533,"date":"2012-01-18T02:57:44","date_gmt":"2012-01-18T00:57:44","guid":{"rendered":"http:\/\/www.airsoft.nu\/recensioner\/?page_id=533"},"modified":"2012-01-22T04:13:13","modified_gmt":"2012-01-22T02:13:13","slug":"speed-delta-ring-wrench","status":"publish","type":"page","link":"http:\/\/www.airsoft.nu\/recensioner\/speed-delta-ring-wrench\/","title":{"rendered":"SPEED Delta ring wrench"},"content":{"rendered":"<p><img decoding=\"async\" class=\"aligncenter size-full wp-image-534\" title=\"SPEED Airsoft Delta ring Wrench\" src=\"http:\/\/www.airsoft.nu\/recensioner\/files\/2012\/01\/speed_airsoft_delta_ring_wrench.jpg\" alt=\"SPEED Airsoft Delta ring Wrench\" width=\"630\" height=\"310\" srcset=\"http:\/\/www.airsoft.nu\/recensioner\/files\/2012\/01\/speed_airsoft_delta_ring_wrench.jpg 630w, http:\/\/www.airsoft.nu\/recensioner\/files\/2012\/01\/speed_airsoft_delta_ring_wrench-300x147.jpg 300w\" sizes=\"(max-width: 630px) 100vw, 630px\" \/>Det kanadensiska f\u00f6retaget SPEED Airsoft har specialiserat sig p\u00e5 olika innovativa verktyg (Pro tools) och delar till airsoftvapen. Vi har testat verktygen <em><a title=\"SPEED Delta ring wrench\" href=\"http:\/\/www.airsoft.nu\/recensioner\/speed-delta-ring-wrench\/\">SPEED Delta Ring Wrench<\/a> (#SA2068)<\/em>, <em><a title=\"SPEED M4\/M16 Tool\" href=\"http:\/\/www.airsoft.nu\/recensioner\/speed-m4m16-tool\/\">SPEED M4\/M16 Tool<\/a> (#SA2096)<\/em> samt <em><a title=\"SPEED Adjustable Nut Wrench\" href=\"http:\/\/www.airsoft.nu\/recensioner\/speed-adjustable-nut-wrench\/\">SPEED Adjustable Nut Wrench<\/a> (#SA2078)<\/em>. Verktygen \u00e4r utformade till M4\/M16-vapen.<\/p>\n<p><span style=\"color: #333333;\"><a title=\"Read the SPEED Delta ring wrench review in English\" href=\"http:\/\/www.airsoft.nu\/reviews\/speed-delta-ring-wrench\/\"><span style=\"color: #333333;\"><img decoding=\"async\" title=\"Read the SPEED Delta ring wrench review in English\" src=\"http:\/\/www.airsoft.nu\/images\/flags\/gb.gif\" alt=\"Read the SPEED Delta ring wrench review in English\" width=\"16\" height=\"11\" \/> Read the SPEED Delta ring wrench review in English<\/span><\/a><\/span><\/p>\n<h2>Inneh\u00e5ll<\/h2>\n<table style=\"width: 630;\" cellspacing=\"0\" cellpadding=\"0\">\n<tbody>\n<tr>\n<td style=\"width: 49%;\"><a title=\"Verktyget kommer i en plastf\u00f6rpackning.\" href=\"http:\/\/www.airsoft.nu\/recensioner\/files\/2012\/01\/speed_airsoft_delta_ring_wrench_002.jpg\" rel=\"lightbox\"><img decoding=\"async\" class=\"alignleft\" title=\"Verktyget kommer i en plastf\u00f6rpackning.\" src=\"http:\/\/www.airsoft.nu\/recensioner\/files\/2012\/01\/speed_airsoft_delta_ring_wrench_002_tn.jpg\" alt=\"Verktyget kommer i en plastf\u00f6rpackning.\" width=\"312\" height=\"208\" \/><\/a><\/td>\n<td style=\"width: 49%;\"><a title=\"P\u00e5 baksidan finns det information om verktyget och vad det anv\u00e4nds till.\" href=\"http:\/\/www.airsoft.nu\/recensioner\/files\/2012\/01\/speed_airsoft_delta_ring_wrench_003.jpg\" rel=\"lightbox\"><img decoding=\"async\" class=\"alignright\" title=\"P\u00e5 baksidan finns det information om verktyget och vad det anv\u00e4nds till.\" src=\"http:\/\/www.airsoft.nu\/recensioner\/files\/2012\/01\/speed_airsoft_delta_ring_wrench_003.jpg\" alt=\"P\u00e5 baksidan finns det information om verktyget och vad det anv\u00e4nds till.\" width=\"312\" height=\"208\" \/><\/a><\/td>\n<\/tr>\n<\/tbody>\n<\/table>\n<p>Verktyget kommer i en plastf\u00f6rpackning. P\u00e5 baksidan finns det information om verktyget och vad det anv\u00e4nds till.<\/p>\n<h2>Utseende och Byggkvalitet<\/h2>\n<table style=\"width: 630;\" cellspacing=\"0\" cellpadding=\"0\">\n<tbody>\n<tr>\n<td style=\"width: 33%;\"><a title=\"SPEED Airsoft Delta ring Wrench framifr\u00e5n.\" href=\"http:\/\/www.airsoft.nu\/recensioner\/files\/2012\/01\/speed_airsoft_delta_ring_wrench_004.jpg\" rel=\"lightbox\"><img decoding=\"async\" class=\"alignleft\" title=\"SPEED Airsoft Delta ring Wrench framifr\u00e5n.\" src=\"http:\/\/www.airsoft.nu\/recensioner\/files\/2012\/01\/speed_airsoft_delta_ring_wrench_004_tn.jpg\" alt=\"SPEED Airsoft Delta ring Wrench framifr\u00e5n.\" width=\"206\" height=\"137\" \/><\/a><\/td>\n<td style=\"width: 33%;\"><a title=\"N\u00e4rbild p\u00e5 stiften som passar med Delta ringen.\" href=\"http:\/\/www.airsoft.nu\/recensioner\/files\/2012\/01\/speed_airsoft_delta_ring_wrench_006.jpg\" rel=\"lightbox\"><img decoding=\"async\" class=\"aligncenter\" title=\"N\u00e4rbild p\u00e5 stiften som passar med Delta ringen.\" src=\"http:\/\/www.airsoft.nu\/recensioner\/files\/2012\/01\/speed_airsoft_delta_ring_wrench_006_tn.jpg\" alt=\"N\u00e4rbild p\u00e5 stiften som passar med Delta ringen.\" width=\"206\" height=\"137\" \/><\/a><\/td>\n<td style=\"width: 33%;\"><a title=\"SPEED Airsoft Delta ring Wrench bakifr\u00e5n.\" href=\"http:\/\/www.airsoft.nu\/recensioner\/files\/2012\/01\/speed_airsoft_delta_ring_wrench_005.jpg\" rel=\"lightbox\"><img decoding=\"async\" class=\"alignright\" title=\"SPEED Airsoft Delta ring Wrench bakifr\u00e5n.\" src=\"http:\/\/www.airsoft.nu\/recensioner\/files\/2012\/01\/speed_airsoft_delta_ring_wrench_005_tn.jpg\" alt=\"SPEED Airsoft Delta ring Wrench bakifr\u00e5n.\" width=\"206\" height=\"137\" \/><\/a><\/td>\n<\/tr>\n<\/tbody>\n<\/table>\n<p>Detta verktyg f\u00f6r att justera deltaringen ser ut som en u-nyckel och \u00e4r tillverkad i aluminium som blivit utsvarvad av CNC-maskin. U-nyckeln inneh\u00e5ller \u00e5tta stycken stift f\u00f6r att kunna f\u00e5 f\u00e4ste i deltaringen. P\u00e5 motst\u00e5ende sida finns ett h\u00e5l som \u00e4r tillf\u00f6r att h\u00e4nga upp verktyget.<\/p>\n<h2>F\u00e4lttest \/ Utf\u00f6rande<\/h2>\n<p><a title=\"Delta-ringen.\" href=\"http:\/\/www.airsoft.nu\/recensioner\/files\/2012\/01\/speed_airsoft_delta_ring_wrench_007.jpg\" rel=\"lightbox\"><img decoding=\"async\" class=\"aligncenter size-full wp-image-680\" title=\"Delta-ringen.\" src=\"http:\/\/www.airsoft.nu\/recensioner\/files\/2012\/01\/speed_airsoft_delta_ring_wrench_007_tn.jpg\" alt=\"Delta-ringen.\" width=\"630\" height=\"138\" srcset=\"http:\/\/www.airsoft.nu\/recensioner\/files\/2012\/01\/speed_airsoft_delta_ring_wrench_007_tn.jpg 630w, http:\/\/www.airsoft.nu\/recensioner\/files\/2012\/01\/speed_airsoft_delta_ring_wrench_007_tn-300x65.jpg 300w\" sizes=\"(max-width: 630px) 100vw, 630px\" \/><\/a><br \/>\nDe airsoftvapen som verktyget har testats p\u00e5 \u00e4r King Arms M4A1 (KA-AG-20), Dboys M4A1 samt Tokyo Marui M733 (ej till\u00e4mpligt).<\/p>\n<p>Verktyget passar utm\u00e4rkt i g\u00e4ngorna till de tv\u00e5 f\u00f6rstn\u00e4mnda M4orna, men d\u00e4remot inte till TM M733 eftersom att delta ringen \u00e4r av en annan konstruktion.<\/p>\n<h2>Slutsats<\/h2>\n<p>SPEED Delta ring wrench ser snygg ut, k\u00e4nns rej\u00e4lt och bra att arbeta med.<\/p>\n<p>S\u00e5 om man har en M4\/M16 som har en Delta ring som passar med verktyget (f\u00f6rmodligen merparten) s\u00e5 \u00e4r detta ett bra verktyg att ha i sin verktygsl\u00e5da ifall man beh\u00f6ver reparera eller uppgradera sitt airsoftvapen.\u00a0Priset kan upplevas lite h\u00f6gt f\u00f6r ett simpelt verktyg (320kr hos <a href=\"http:\/\/www.vapenbutiken.com\/?p=4&amp;id=12856&amp;s=2\" target=\"_blank\">Vapenbutiken<\/a>), men det \u00e4r och andra sidan ett kvalitetsverktyg.<\/p>\n<p>&nbsp;<\/p>\n<p>I detta test s\u00e5 har vi inte j\u00e4mf\u00f6rt detta verktyg med andra verktyg med samma syfte ute p\u00e5 marknaden, s\u00e5 det vi tycker utg\u00e5r helt fr\u00e5n denna produkt.<\/p>\n<p>&nbsp;<\/p>\n<p>&nbsp;<\/p>\n<p>H\u00e4r i Sverige \u00e4r <a href=\"http:\/\/www.vapenbutiken.com\/?s=2\" target=\"_blank\">Vapenbutiken<\/a> distribut\u00f6r och \u00e5terf\u00f6rs\u00e4ljare av dessa verktyg och \u00f6vriga SPEED Airsofts produkter.<\/p>\n<blockquote><p>Denna recension \u00e4r utf\u00f6rd av Daniel (Koordinator Produkttestning) och SPEED Airsoft i Kanada har f\u00f6rsett oss med produkten.<\/p><\/blockquote>\n","protected":false},"excerpt":{"rendered":"<p>Det kanadensiska f\u00f6retaget SPEED Airsoft har specialiserat sig p\u00e5 olika innovativa verktyg (Pro tools) och delar till airsoftvapen. Vi har testat verktygen SPEED Delta Ring Wrench (#SA2068), SPEED M4\/M16 Tool (#SA2096) samt SPEED Adjustable Nut Wrench (#SA2078). Verktygen \u00e4r utformade till M4\/M16-vapen. Read the SPEED Delta ring wrench review in English Inneh\u00e5ll Verktyget kommer i [&hellip;]<\/p>\n","protected":false},"author":3,"featured_media":0,"parent":0,"menu_order":0,"comment_status":"open","ping_status":"open","template":"","meta":{"footnotes":""},"class_list":["post-533","page","type-page","status-publish","hentry"],"_links":{"self":[{"href":"http:\/\/www.airsoft.nu\/recensioner\/wp-json\/wp\/v2\/pages\/533","targetHints":{"allow":["GET"]}}],"collection":[{"href":"http:\/\/www.airsoft.nu\/recensioner\/wp-json\/wp\/v2\/pages"}],"about":[{"href":"http:\/\/www.airsoft.nu\/recensioner\/wp-json\/wp\/v2\/types\/page"}],"author":[{"embeddable":true,"href":"http:\/\/www.airsoft.nu\/recensioner\/wp-json\/wp\/v2\/users\/3"}],"replies":[{"embeddable":true,"href":"http:\/\/www.airsoft.nu\/recensioner\/wp-json\/wp\/v2\/comments?post=533"}],"version-history":[{"count":27,"href":"http:\/\/www.airsoft.nu\/recensioner\/wp-json\/wp\/v2\/pages\/533\/revisions"}],"predecessor-version":[{"id":650,"href":"http:\/\/www.airsoft.nu\/recensioner\/wp-json\/wp\/v2\/pages\/533\/revisions\/650"}],"wp:attachment":[{"href":"http:\/\/www.airsoft.nu\/recensioner\/wp-json\/wp\/v2\/media?parent=533"}],"curies":[{"name":"wp","href":"https:\/\/api.w.org\/{rel}","templated":true}]}}