{"id":763,"date":"2012-07-05T20:00:05","date_gmt":"2012-07-05T18:00:05","guid":{"rendered":"http:\/\/www.airsoft.nu\/recensioner\/?page_id=763"},"modified":"2013-05-17T22:42:59","modified_gmt":"2013-05-17T21:42:59","slug":"sagear-kdl-pouch-for-2-m4-mags","status":"publish","type":"page","link":"http:\/\/www.airsoft.nu\/recensioner\/sagear-kdl-pouch-for-2-m4-mags\/","title":{"rendered":"Sagear KDL Pouch for 2 M4 mags"},"content":{"rendered":"<p style=\"text-align: left;\"><img decoding=\"async\" class=\"aligncenter  wp-image-273\" title=\"Magasinfickan KDL Pouch for 2 M4 mags.\" alt=\"Magasinfickan KDL Pouch for 2 M4 mags.\" src=\"http:\/\/www.airsoft.nu\/recensioner\/files\/2012\/07\/sagear_kdl.jpg\" width=\"630\" height=\"310\" \/><strong>Airsoft.nu har testat magasinfickorna\u00a0<a href=\"http:\/\/www.airsoft.nu\/recensioner\/sagear-kdl-pouch-for-2-m4-mags\/\">KDL<\/a>\u00a0och\u00a0<a href=\"http:\/\/www.airsoft.nu\/recensioner\/sagear-universal-mag-pouch-kds\/\">KDS<\/a>\u00a0fr\u00e5n den polska tillverkaren Sagear. Magasinfickorna har testats ute genom att de suttit p\u00e5 Johans mollev\u00e4st och chest rig vid n\u00e5gra tillf\u00e4llen under n\u00e5gra m\u00e5nader.<\/strong><\/p>\n<p style=\"text-align: left;\"><strong><strong>KDL \u00e4r en magasinficka som rymmer tv\u00e5 magasin och \u00e4r st\u00e4ngbart. KDL finns i flera olika modeller f\u00f6r att passa vanligt f\u00f6rekommande magasin och vi har testat fickan f\u00f6r M4-magasin. Enligt tillverkaren \u00e4r Hemv\u00e4rnet intresserade av magasinfickan men f\u00f6r AK4-magasin (G3).<\/strong><\/strong><\/p>\n<p style=\"text-align: left;\"><a title=\"Read the Sagear KDL Pouch for 2 M4 mags review in English\" href=\"http:\/\/www.airsoft.nu\/reviews\/sagear-kdl-pouch-for-2-m4-mags\/\"><img decoding=\"async\" title=\"Read the Sagear KDL Pouch for 2 M4 mags review in English\" alt=\"Read the Sagear KDL Pouch for 2 M4 mags review in English\" src=\"http:\/\/www.airsoft.nu\/images\/flags\/gb.gif\" width=\"16\" height=\"11\" \/>\u00a0Read the Sagear KDL Pouch for 2 M4 mags\u00a0review in English<\/a><\/p>\n<h2 style=\"text-align: left;\">Inneh\u00e5ll<\/h2>\n<p><a title=\"Magasinfickan kommer tillsammans med ett lock (monterat), elastiskt band med sn\u00f6rl\u00e5s, stickl\u00e5s, tv\u00e5 remmar och en paracordlina.\" href=\"http:\/\/www.airsoft.nu\/recensioner\/files\/2012\/07\/sagear_kdl_01.jpg\" rel=\"lightbox\"><img decoding=\"async\" class=\"alignnone size-full wp-image-1024\" title=\"Magasinfickan kommer tillsammans med ett lock (monterat), elastiskt band med sn\u00f6rl\u00e5s, stickl\u00e5s, tv\u00e5 remmar och en paracordlina.\" alt=\"Magasinfickan kommer tillsammans med ett lock (monterat), elastiskt band med sn\u00f6rl\u00e5s, stickl\u00e5s, tv\u00e5 remmar och en paracordlina.\" src=\"http:\/\/www.airsoft.nu\/recensioner\/files\/2012\/07\/sagear_kdl_01_tn.jpg\" width=\"630\" height=\"420\" srcset=\"http:\/\/www.airsoft.nu\/recensioner\/files\/2012\/07\/sagear_kdl_01_tn.jpg 630w, http:\/\/www.airsoft.nu\/recensioner\/files\/2012\/07\/sagear_kdl_01_tn-300x200.jpg 300w\" sizes=\"(max-width: 630px) 100vw, 630px\" \/><\/a><\/p>\n<p style=\"text-align: left;\">Magasinfickan kommer tillsammans med ett lock (monterat), elastiskt band med sn\u00f6rl\u00e5s, stickl\u00e5s, tv\u00e5 remmar och en paracordlina.<\/p>\n<h2>Utseende och funktion<\/h2>\n<p style=\"text-align: center;\"><a title=\"Magasinfickan \u00e4r tillverkad av olivgr\u00f6nt 1000D Cordura-tyg och med ett lock som f\u00e4sts med cardborreband.\" href=\"http:\/\/www.airsoft.nu\/recensioner\/files\/2012\/07\/sagear_kdl_02.jpg\" rel=\"lightbox\"><img decoding=\"async\" class=\"aligncenter size-full wp-image-1036\" title=\"Magasinfickan \u00e4r tillverkad av olivgr\u00f6nt 1000D Cordura-tyg och med ett lock som f\u00e4sts med cardborreband.\" alt=\"Magasinfickan \u00e4r tillverkad av olivgr\u00f6nt 1000D Cordura-tyg och med ett lock som f\u00e4sts med cardborreband.\" src=\"http:\/\/www.airsoft.nu\/recensioner\/files\/2012\/07\/sagear_kdl_02_tn.jpg\" width=\"630\" height=\"420\" srcset=\"http:\/\/www.airsoft.nu\/recensioner\/files\/2012\/07\/sagear_kdl_02_tn.jpg 630w, http:\/\/www.airsoft.nu\/recensioner\/files\/2012\/07\/sagear_kdl_02_tn-300x200.jpg 300w\" sizes=\"(max-width: 630px) 100vw, 630px\" \/><\/a><\/p>\n<p>Magasinfickan \u00e4r tillverkad av olivgr\u00f6nt 1000D Cordura-tyg och med ett lock som f\u00e4sts med cardborreband. Locket till magasinfickan \u00e4r d\u00e4rf\u00f6r utbytbart och tillverkaren har ett par mer konventionella lock som s\u00e4ljs separat.<\/p>\n<p>Det lock som f\u00f6ljer med g\u00f6r att magasinfickan kan modifieras enligt vad tillverkaren kallar Airborne flap och Combat Flap.<\/p>\n<table style=\"width: 630px;\" cellspacing=\"0\" cellpadding=\"2\">\n<tbody>\n<tr>\n<td style=\"width: 33%;\"><a title=\"Magasinfickan fr\u00e5n v\u00e4nster.\" href=\"http:\/\/www.airsoft.nu\/recensioner\/files\/2012\/07\/sagear_kdl_03.jpg\" rel=\"lightbox\"><img decoding=\"async\" class=\"alignleft\" title=\"Magasinfickan fr\u00e5n v\u00e4nster.\" alt=\"Magasinfickan fr\u00e5n v\u00e4nster.\" src=\"http:\/\/www.airsoft.nu\/recensioner\/files\/2012\/07\/sagear_kdl_03_tn.jpg\" width=\"205\" height=\"137\" \/><\/a><\/td>\n<td style=\"width: 33%;\"><a title=\"Magasinfickan fr\u00e5n h\u00f6ger.\" href=\"http:\/\/www.airsoft.nu\/recensioner\/files\/2012\/07\/sagear_kdl_04.jpg\" rel=\"lightbox\"><img decoding=\"async\" class=\"aligncenter\" title=\"Magasinfickan fr\u00e5n h\u00f6ger.\" alt=\"Magasinfickan fr\u00e5n h\u00f6ger.\" src=\"http:\/\/www.airsoft.nu\/recensioner\/files\/2012\/07\/sagear_kdl_04_tn.jpg\" width=\"205\" height=\"137\" \/><\/a><\/td>\n<td style=\"width: 33%;\">Till b\u00e5da l\u00f6sningarna beh\u00f6vs det elastiska bandet med sn\u00f6rl\u00e5set f\u00f6r att magasinen ska sitta tight men till Airborne flap beh\u00f6vs \u00e4ven paracordlinan.<\/td>\n<\/tr>\n<\/tbody>\n<\/table>\n<table style=\"width: 630px;\" cellspacing=\"0\" cellpadding=\"2\">\n<tbody>\n<tr>\n<td style=\"width: 33%;\"><a title=\"En etikett fr\u00e5n tillverkaren.\" href=\"http:\/\/www.airsoft.nu\/recensioner\/files\/2012\/07\/sagear_kdl_05.jpg\" rel=\"lightbox\"><img decoding=\"async\" class=\"alignleft\" title=\"En etikett fr\u00e5n tillverkaren.\" alt=\"En etikett fr\u00e5n tillverkaren.\" src=\"http:\/\/www.airsoft.nu\/recensioner\/files\/2012\/07\/sagear_kdl_05_tn.jpg\" width=\"205\" height=\"137\" \/><\/a><\/td>\n<td style=\"width: 33%;\"><a title=\"Magasinfickans botten.\" href=\"http:\/\/www.airsoft.nu\/recensioner\/files\/2012\/07\/sagear_kdl_06.jpg\" rel=\"lightbox\"><img decoding=\"async\" class=\"aligncenter\" title=\"Magasinfickans botten.\" alt=\"Magasinfickans botten.\" src=\"http:\/\/www.airsoft.nu\/recensioner\/files\/2012\/07\/sagear_kdl_06_tn.jpg\" width=\"205\" height=\"137\" \/><\/a><\/td>\n<td style=\"width: 33%;\"><a title=\"Fl\u00e4rpen f\u00f6r att dra av locket \u00e4r f\u00f6rst\u00e4rkt f\u00f6r att inte s\u00f6mmarna mellan locket och fl\u00e4rpen ska g\u00e5 upp.\" href=\"http:\/\/www.airsoft.nu\/recensioner\/files\/2012\/07\/sagear_kdl_07.jpg\" rel=\"lightbox\"><img decoding=\"async\" class=\"alignright\" title=\"Fl\u00e4rpen f\u00f6r att dra av locket \u00e4r f\u00f6rst\u00e4rkt f\u00f6r att inte s\u00f6mmarna mellan locket och fl\u00e4rpen ska g\u00e5 upp.\" alt=\"Fl\u00e4rpen f\u00f6r att dra av locket \u00e4r f\u00f6rst\u00e4rkt f\u00f6r att inte s\u00f6mmarna mellan locket och fl\u00e4rpen ska g\u00e5 upp.\" src=\"http:\/\/www.airsoft.nu\/recensioner\/files\/2012\/07\/sagear_kdl_07_tn.jpg\" width=\"205\" height=\"137\" \/><\/a><\/td>\n<\/tr>\n<\/tbody>\n<\/table>\n<p>P\u00e5 magasinfickans innerv\u00e4gg finns tillverkarens logotyp.<\/p>\n<p>Botten i magasinfickan har inget dr\u00e4neringsh\u00e5l.<\/p>\n<p>Fl\u00e4rpen f\u00f6r att dra av locket \u00e4r f\u00f6rst\u00e4rkt f\u00f6r att inte s\u00f6mmarna mellan locket och fl\u00e4rpen ska g\u00e5 upp.<\/p>\n<p style=\"text-align: center;\"><a title=\"Baksidan har MOLLE-gr\u00e4nssnitt f\u00f6r att kunna f\u00e4stas p\u00e5 stridsv\u00e4st med hj\u00e4lp av tv\u00e5 medf\u00f6ljande sp\u00e4nnband som s\u00e4kras med sliplock. Vill man inte ha magasinfickan i en v\u00e4st kan man ha det v\u00e5gr\u00e4tt fastsatt i ett b\u00e4lte, fungerar b\u00e4st p\u00e5 b\u00e4lten som \u00e4r 45 mm breda.\" href=\"http:\/\/www.airsoft.nu\/recensioner\/files\/2012\/07\/sagear_kdl_08.jpg\" rel=\"lightbox\"><img decoding=\"async\" class=\"aligncenter size-full wp-image-1048\" title=\"Baksidan har MOLLE-gr\u00e4nssnitt f\u00f6r att kunna f\u00e4stas p\u00e5 stridsv\u00e4st med hj\u00e4lp av tv\u00e5 medf\u00f6ljande sp\u00e4nnband som s\u00e4kras med sliplock. Vill man inte ha magasinfickan i en v\u00e4st kan man ha det v\u00e5gr\u00e4tt fastsatt i ett b\u00e4lte, fungerar b\u00e4st p\u00e5 b\u00e4lten som \u00e4r 45 mm breda.\" alt=\"Baksidan har MOLLE-gr\u00e4nssnitt f\u00f6r att kunna f\u00e4stas p\u00e5 stridsv\u00e4st med hj\u00e4lp av tv\u00e5 medf\u00f6ljande sp\u00e4nnband som s\u00e4kras med sliplock. Vill man inte ha magasinfickan i en v\u00e4st kan man ha det v\u00e5gr\u00e4tt fastsatt i ett b\u00e4lte, fungerar b\u00e4st p\u00e5 b\u00e4lten som \u00e4r 45 mm breda.\" src=\"http:\/\/www.airsoft.nu\/recensioner\/files\/2012\/07\/sagear_kdl_08_tn.jpg\" width=\"630\" height=\"420\" srcset=\"http:\/\/www.airsoft.nu\/recensioner\/files\/2012\/07\/sagear_kdl_08_tn.jpg 630w, http:\/\/www.airsoft.nu\/recensioner\/files\/2012\/07\/sagear_kdl_08_tn-300x200.jpg 300w\" sizes=\"(max-width: 630px) 100vw, 630px\" \/><\/a><\/p>\n<p>Baksidan har MOLLE-gr\u00e4nssnitt f\u00f6r att kunna f\u00e4stas p\u00e5 stridsv\u00e4st med hj\u00e4lp av tv\u00e5 medf\u00f6ljande sp\u00e4nnband som s\u00e4kras med sliplock. Vill man inte ha magasinfickan i en v\u00e4st kan man ha den v\u00e5gr\u00e4tt fastsatt i ett b\u00e4lte, fungerar b\u00e4st p\u00e5 b\u00e4lten som \u00e4r 45 mm breda.<\/p>\n<h3>Airborne flap<\/h3>\n<p style=\"text-align: center;\"><a title=\"Airborne flap.\" href=\"http:\/\/www.airsoft.nu\/recensioner\/files\/2012\/07\/sagear_kdl_09.jpg\" rel=\"lightbox\"><img decoding=\"async\" class=\"aligncenter size-full wp-image-1049\" title=\"Airborne flap.\" alt=\"Airborne flap.\" src=\"http:\/\/www.airsoft.nu\/recensioner\/files\/2012\/07\/sagear_kdl_09_tn.jpg\" width=\"630\" height=\"420\" srcset=\"http:\/\/www.airsoft.nu\/recensioner\/files\/2012\/07\/sagear_kdl_09_tn.jpg 630w, http:\/\/www.airsoft.nu\/recensioner\/files\/2012\/07\/sagear_kdl_09_tn-300x200.jpg 300w\" sizes=\"(max-width: 630px) 100vw, 630px\" \/><\/a><\/p>\n<p>Den f\u00f6rsta varianten som tillverkaren ben\u00e4mner Airborne flap.<\/p>\n<table style=\"width: 630px;\" cellspacing=\"0\" cellpadding=\"2\">\n<tbody>\n<tr>\n<td style=\"width: 33%;\"><a title=\"Steg n\u00e4r locket dras av och f\u00e4sts....\" href=\"http:\/\/www.airsoft.nu\/recensioner\/files\/2012\/07\/sagear_kdl_010.jpg\" rel=\"lightbox\"><img decoding=\"async\" class=\"alignleft\" title=\"Steg n\u00e4r locket dras av och f\u00e4sts....\" alt=\"Steg n\u00e4r locket dras av och f\u00e4sts....\" src=\"http:\/\/www.airsoft.nu\/recensioner\/files\/2012\/07\/sagear_kdl_010_tn.jpg\" width=\"205\" height=\"137\" \/><\/a><\/td>\n<td style=\"width: 33%;\"><a title=\"Steg n\u00e4r locket dras av och f\u00e4sts....\" href=\"http:\/\/www.airsoft.nu\/recensioner\/files\/2012\/07\/sagear_kdl_011.jpg\" rel=\"lightbox\"><img decoding=\"async\" class=\"aligncenter\" title=\"Steg n\u00e4r locket dras av och f\u00e4sts....\" alt=\"Steg n\u00e4r locket dras av och f\u00e4sts....\" src=\"http:\/\/www.airsoft.nu\/recensioner\/files\/2012\/07\/sagear_kdl_011_tn.jpg\" width=\"205\" height=\"137\" \/><\/a><\/td>\n<td style=\"width: 33%;\"><a title=\"Steg n\u00e4r locket dras av och f\u00e4sts....\" href=\"http:\/\/www.airsoft.nu\/recensioner\/files\/2012\/07\/sagear_kdl_012.jpg\" rel=\"lightbox\"><img decoding=\"async\" class=\"alignright\" title=\"Steg n\u00e4r locket dras av och f\u00e4sts....\" alt=\"Steg n\u00e4r locket dras av och f\u00e4sts....\" src=\"http:\/\/www.airsoft.nu\/recensioner\/files\/2012\/07\/sagear_kdl_012_tn.jpg\" width=\"205\" height=\"137\" \/><\/a><\/td>\n<\/tr>\n<\/tbody>\n<\/table>\n<p>Steg n\u00e4r locket dras av och f\u00e4sts&#8230;.<\/p>\n<p style=\"text-align: center;\"><a title=\"Slutgiltigt l\u00e4ge n\u00e4r locket \u00e4r avdraget och fastsatt.\" href=\"http:\/\/www.airsoft.nu\/recensioner\/files\/2012\/07\/sagear_kdl_013.jpg\" rel=\"lightbox\"><img decoding=\"async\" class=\"aligncenter size-full wp-image-1060\" title=\"Slutgiltigt l\u00e4ge n\u00e4r locket \u00e4r avdraget och fastsatt.\" alt=\"Slutgiltigt l\u00e4ge n\u00e4r locket \u00e4r avdraget och fastsatt.\" src=\"http:\/\/www.airsoft.nu\/recensioner\/files\/2012\/07\/sagear_kdl_013_tn.jpg\" width=\"630\" height=\"420\" srcset=\"http:\/\/www.airsoft.nu\/recensioner\/files\/2012\/07\/sagear_kdl_013_tn.jpg 630w, http:\/\/www.airsoft.nu\/recensioner\/files\/2012\/07\/sagear_kdl_013_tn-300x200.jpg 300w\" sizes=\"(max-width: 630px) 100vw, 630px\" \/><\/a><\/p>\n<p>Slutgiltigt l\u00e4ge n\u00e4r locket \u00e4r avdraget och fastsatt.<\/p>\n<h3>Combat Flap &#8211; reliable magazine holding<\/h3>\n<p><a title=\"Combat Flap - reliable magazine holding.\" href=\"http:\/\/www.airsoft.nu\/recensioner\/files\/2012\/07\/sagear_kdl_02.jpg\" rel=\"lightbox\"><img decoding=\"async\" title=\"Combat Flap - reliable magazine holding.\" alt=\"Combat Flap - reliable magazine holding.\" src=\"http:\/\/www.airsoft.nu\/recensioner\/files\/2012\/07\/sagear_kdl_02_tn.jpg\" width=\"630\" height=\"420\" \/><\/a><\/p>\n<p>Combat Flap kallas denna modifiering av locket och kallas\u00a0reliable magazine holding av tillverkaren.<\/p>\n<table style=\"width: 630px;\" cellspacing=\"0\" cellpadding=\"2\">\n<tbody>\n<tr>\n<td style=\"width: 33%;\"><a title=\"Steg n\u00e4r locket dras av och f\u00e4sts....\" href=\"http:\/\/www.airsoft.nu\/recensioner\/files\/2012\/07\/sagear_kdl_014.jpg\" rel=\"lightbox\"><img decoding=\"async\" class=\"alignleft\" title=\"Steg n\u00e4r locket dras av och f\u00e4sts....\" alt=\"Steg n\u00e4r locket dras av och f\u00e4sts....\" src=\"http:\/\/www.airsoft.nu\/recensioner\/files\/2012\/07\/sagear_kdl_014_tn.jpg\" width=\"205\" height=\"137\" \/><\/a><\/td>\n<td style=\"width: 33%;\"><a title=\"Steg n\u00e4r locket dras av och f\u00e4sts....\" href=\"http:\/\/www.airsoft.nu\/recensioner\/files\/2012\/07\/sagear_kdl_015.jpg\" rel=\"lightbox\"><img decoding=\"async\" class=\"aligncenter\" title=\"Steg n\u00e4r locket dras av och f\u00e4sts....\" alt=\"Steg n\u00e4r locket dras av och f\u00e4sts....\" src=\"http:\/\/www.airsoft.nu\/recensioner\/files\/2012\/07\/sagear_kdl_015_tn.jpg\" width=\"205\" height=\"137\" \/><\/a><\/td>\n<td style=\"width: 33%;\"><a title=\"Steg n\u00e4r locket dras av och f\u00e4sts....\" href=\"http:\/\/www.airsoft.nu\/recensioner\/files\/2012\/07\/sagear_kdl_016.jpg\" rel=\"lightbox\"><img decoding=\"async\" class=\"alignright\" title=\"Steg n\u00e4r locket dras av och f\u00e4sts....\" alt=\"Steg n\u00e4r locket dras av och f\u00e4sts....\" src=\"http:\/\/www.airsoft.nu\/recensioner\/files\/2012\/07\/sagear_kdl_016_tn.jpg\" width=\"205\" height=\"137\" \/><\/a><\/td>\n<\/tr>\n<\/tbody>\n<\/table>\n<p>Steg n\u00e4r locket dras av och f\u00e4sts&#8230;.<\/p>\n<p style=\"text-align: center;\"><a title=\"Slutgiltigt l\u00e4ge n\u00e4r locket \u00e4r avdraget och fastsatt.\" href=\"http:\/\/www.airsoft.nu\/recensioner\/files\/2012\/07\/sagear_kdl_017.jpg\" rel=\"Lightbox\"><img decoding=\"async\" class=\"aligncenter size-full wp-image-1068\" title=\"Slutgiltigt l\u00e4ge n\u00e4r locket \u00e4r avdraget och fastsatt.\" alt=\"Slutgiltigt l\u00e4ge n\u00e4r locket \u00e4r avdraget och fastsatt.\" src=\"http:\/\/www.airsoft.nu\/recensioner\/files\/2012\/07\/sagear_kdl_017_tn.jpg\" width=\"630\" height=\"420\" srcset=\"http:\/\/www.airsoft.nu\/recensioner\/files\/2012\/07\/sagear_kdl_017_tn.jpg 630w, http:\/\/www.airsoft.nu\/recensioner\/files\/2012\/07\/sagear_kdl_017_tn-300x200.jpg 300w\" sizes=\"(max-width: 630px) 100vw, 630px\" \/><\/a><\/p>\n<p>Slutgiltigt l\u00e4ge n\u00e4r locket \u00e4r avdraget och fastsatt.<\/p>\n<h2>F\u00e4lttest<\/h2>\n<p>Magasinfickan \u00e4r enkel att s\u00e4tta dit i MOLLE-system och sitter bra. Den passar \u00e4ven bra i b\u00e4lten som \u00e4r 45 mm breda. Vi har testat M4\/M16-magasin.<\/p>\n<p style=\"text-align: center;\"><a title=\"Magasinfickan i MOLLE.\" href=\"http:\/\/www.airsoft.nu\/recensioner\/files\/2012\/07\/sagear_kdl_018.jpg\" rel=\"lightbox\"><img decoding=\"async\" class=\"aligncenter size-full wp-image-1393\" alt=\"Magasinfickan i MOLLE.\" src=\"http:\/\/www.airsoft.nu\/recensioner\/files\/2012\/07\/sagear_kdl_018_tn.jpg\" width=\"630\" height=\"420\" srcset=\"http:\/\/www.airsoft.nu\/recensioner\/files\/2012\/07\/sagear_kdl_018_tn.jpg 630w, http:\/\/www.airsoft.nu\/recensioner\/files\/2012\/07\/sagear_kdl_018_tn-300x200.jpg 300w\" sizes=\"(max-width: 630px) 100vw, 630px\" \/><\/a><\/p>\n<p>Magasinfickan med medf\u00f6ljande lock kan som sagt anv\u00e4ndas i utf\u00f6randena Airborne Flap och Combat Flap, b\u00e5da med sina respektive f\u00f6rdelar.<\/p>\n<p>Botten i magasinfickan har inget dr\u00e4neringsh\u00e5l vilket g\u00f6r att om det regnar och det kommer in vatten s\u00e5 stannar det kvar d\u00e4r. Men i senare upplagor har tillverkaren satt dit ett dr\u00e4neringsh\u00e5l.<\/p>\n<p>Det finns ingen bruksanvisning f\u00f6r hur man \u00e4ndrar mellan de b\u00e5da utf\u00f6randena utan man f\u00e5r h\u00e5lla tillgodo med exempelvis bilder och instruktionsfilmen nedan.<\/p>\n<p>\n<object width=\"630\" height=\"344\">\n<param name=\"movie\" value=\"http:\/\/www.youtube.com\/v\/nXD99wrRnLk?version=3&amp;theme=dark&amp;fs=1&amp;rel=0&amp;cc_load_policy=1&amp;iv_load_policy=1&amp;modestbranding=1\"><\/param>\n<param name=\"allowScriptAccess\" value=\"always\"><\/param>\n<param name=\"allowFullScreen\" value=\"true\"><\/param>\n<embed src=\"http:\/\/www.youtube.com\/v\/nXD99wrRnLk?version=3&amp;theme=dark&amp;fs=1&amp;rel=0&amp;cc_load_policy=1&amp;iv_load_policy=1&amp;modestbranding=1\" type=\"application\/x-shockwave-flash\" allowScriptAccess=\"always\" allowfullscreen=\"true\" width=\"630\" height=\"344\"><\/embed>\n<\/object>\n<\/p>\n<h2>Slutsats<\/h2>\n<p>Av utf\u00f6randena Airborne Flap och Combat Flap s\u00e5 f\u00f6redrar vi det f\u00f6rstn\u00e4mnda, Airborne Flap.<\/p>\n<p>De flesta magasinfickor p\u00e5 marknaden h\u00e5ller kvar magasinen enbart med hj\u00e4lp av ett lock och om det \u00e4r \u00f6ppnat s\u00e5 finns risk att magasinen av misstag ramlar ut. Men tackvare tillverkaren Sagears innovativa l\u00f6sning s\u00e5 h\u00e5lls magasinen kvar trots skakningar och vinklingar som magasinfickan uts\u00e4ttsf\u00f6r, b\u00e5de med ett eller tv\u00e5 magasin i.<\/p>\n<p>Eftersom att det inte f\u00f6ljer med en bruksanvisning s\u00e5 kr\u00e4ver omknytningen en del studerande av bilder och film s\u00e5 att det blir r\u00e4tt och fyller sin funktion.<\/p>\n<p>Letar du efter en magasinficka f\u00f6r tv\u00e5 magasin s\u00e5 \u00e4r denna ett utm\u00e4rkt val.<\/p>\n<p>Magasinfickan &#8221;Sagear KDL Pouch for 2 M4 mags&#8221; finns i flera olika f\u00e4rger. Hos tillverkaren i Polen kostar den fr\u00e5n \u20ac 15,67 men finns \u00e4ven hos \u00e5terf\u00f6rs\u00e4ljare runt om i V\u00e4rlden.<\/p>\n<p>L\u00e4s mer om produkten:\u00a0<a href=\"http:\/\/www.sagear.eu\/en_US\/p\/KDL-Pouch-for-2-M4-mags\/1\/\" target=\"_blank\">www.sagear.eu\/en_US\/p\/KDL-Pouch-for-2-M4-mags\/1<\/a><\/p>\n<p>H\u00e4r i Sverige s\u00e4ljer butiken\u00a0<strong>Airsoftgun.se<\/strong>\u00a0tillverkarens hela produktsortiment:\u00a0<a href=\"http:\/\/shop.textalk.se\/se\/artgrp.php?id=29850&amp;grp=2007573\" target=\"_blank\">http:\/\/shop.textalk.se\/<wbr \/>se\/artgrp.php?id=29850&amp;grp=<wbr \/>2007573<\/a>.<\/p>\n<blockquote><p>Denna recension \u00e4r utf\u00f6rd av Daniel (Koordinator Produkttestning) och Johan (produkttestare) och tillverkaren SAGEAR i Polen har f\u00f6rsett oss med produkten.<\/p><\/blockquote>\n","protected":false},"excerpt":{"rendered":"<p>Airsoft.nu har testat magasinfickorna\u00a0KDL\u00a0och\u00a0KDS\u00a0fr\u00e5n den polska tillverkaren Sagear. Magasinfickorna har testats ute genom att de suttit p\u00e5 Johans mollev\u00e4st och chest rig vid n\u00e5gra tillf\u00e4llen under n\u00e5gra m\u00e5nader. KDL \u00e4r en magasinficka som rymmer tv\u00e5 magasin och \u00e4r st\u00e4ngbart. KDL finns i flera olika modeller f\u00f6r att passa vanligt f\u00f6rekommande magasin och vi har testat [&hellip;]<\/p>\n","protected":false},"author":3,"featured_media":0,"parent":0,"menu_order":0,"comment_status":"open","ping_status":"open","template":"","meta":{"footnotes":""},"class_list":["post-763","page","type-page","status-publish","hentry"],"_links":{"self":[{"href":"http:\/\/www.airsoft.nu\/recensioner\/wp-json\/wp\/v2\/pages\/763","targetHints":{"allow":["GET"]}}],"collection":[{"href":"http:\/\/www.airsoft.nu\/recensioner\/wp-json\/wp\/v2\/pages"}],"about":[{"href":"http:\/\/www.airsoft.nu\/recensioner\/wp-json\/wp\/v2\/types\/page"}],"author":[{"embeddable":true,"href":"http:\/\/www.airsoft.nu\/recensioner\/wp-json\/wp\/v2\/users\/3"}],"replies":[{"embeddable":true,"href":"http:\/\/www.airsoft.nu\/recensioner\/wp-json\/wp\/v2\/comments?post=763"}],"version-history":[{"count":27,"href":"http:\/\/www.airsoft.nu\/recensioner\/wp-json\/wp\/v2\/pages\/763\/revisions"}],"predecessor-version":[{"id":1510,"href":"http:\/\/www.airsoft.nu\/recensioner\/wp-json\/wp\/v2\/pages\/763\/revisions\/1510"}],"wp:attachment":[{"href":"http:\/\/www.airsoft.nu\/recensioner\/wp-json\/wp\/v2\/media?parent=763"}],"curies":[{"name":"wp","href":"https:\/\/api.w.org\/{rel}","templated":true}]}}