{"id":817,"date":"2012-07-27T18:34:50","date_gmt":"2012-07-27T16:34:50","guid":{"rendered":"http:\/\/www.airsoft.nu\/recensioner\/?page_id=817"},"modified":"2012-08-06T19:56:05","modified_gmt":"2012-08-06T17:56:05","slug":"shootmyash-smartash-4a","status":"publish","type":"page","link":"http:\/\/www.airsoft.nu\/recensioner\/shootmyash-smartash-4a\/","title":{"rendered":"SmartAsh 4A fr\u00e5n ShootMyAsh"},"content":{"rendered":"<p style=\"text-align: left;\"><img decoding=\"async\" class=\"aligncenter  wp-image-273\" title=\"SmartAsh 4A fr\u00e5n ShootMyAsh\" src=\"http:\/\/www.airsoft.nu\/blogg\/files\/2012\/07\/shootmyash_smartash4a.jpg\" alt=\"\" width=\"630\" height=\"312\" \/><strong>ShootM<\/strong><strong>yAsh heter ett f\u00f6retag i USA som tillverkar s\u00e5kallade smarta m\u00e5ltavlor f\u00f6r airsoft och Airsoft.nu har testat deras m\u00e5ltavla SmartAsh 4A. SMART st\u00e5r f\u00f6r\u00a0Solid Motion Alternative Reactive Targets.<\/strong><\/p>\n<p style=\"text-align: left;\"><strong>Konstruktionen SmartAsh 4A best\u00e5r till mesta dels av valn\u00f6tstr\u00e4 (Hickory) men i b\u00f6rjan n\u00e4r verksamheten startade anv\u00e4ndes tr\u00e4dslaget ask (Ash) och namnet Ash har d\u00e4rf\u00f6r h\u00e4ngt kvar. Tillverkningen av dessa sker i ShootMyAsh&#8217;s lokaler i Pennsylvania.<\/strong><\/p>\n<p><span style=\"color: #333333;\"><span style=\"color: #333333;\"><a title=\"Read the ShootMyAsh SmartAsh 4A review in English\" href=\"http:\/\/www.airsoft.nu\/reviews\/shootmyash-smartash-4a\"><img decoding=\"async\" title=\"Read the Shootmyash SmartAsh 4A review in English\" src=\"http:\/\/www.airsoft.nu\/images\/flags\/gb.gif\" alt=\"Read the Shootmyash SmartAsh 4A review in English\" width=\"16\" height=\"11\" \/> Read the ShootMyAsh SmartAsh 4A review in English<\/a><\/span><\/span><\/p>\n<h2>Inneh\u00e5ll<\/h2>\n<table style=\"width: 630px;\" cellspacing=\"0\" cellpadding=\"2\">\n<tbody>\n<tr>\n<td colspan=\"3\"><a title=\"SmartAsh 4A och vad som ing\u00e5r.\" href=\"http:\/\/www.airsoft.nu\/recensioner\/files\/2012\/07\/shootmyash_smartash_4a_01.jpg\" rel=\"lightbox\"><img decoding=\"async\" class=\"aligncenter size-full wp-image-114\" title=\"SmartAsh 4A och vad som ing\u00e5r.\" src=\"http:\/\/www.airsoft.nu\/recensioner\/files\/2012\/07\/shootmyash_smartash_4a_01_tn.jpg\" alt=\"SmartAsh 4A och vad som ing\u00e5r.\" width=\"630\" height=\"420\" \/><\/a><\/td>\n<\/tr>\n<tr>\n<td style=\"width: 33%;\"><a title=\"Kartongen med smartash 4A.\" href=\"http:\/\/www.airsoft.nu\/recensioner\/files\/2012\/07\/shootmyash_smartash_4a_02.jpg\" rel=\"lightbox\"><img decoding=\"async\" class=\"alignleft\" title=\"Kartongen med smartash 4A\" src=\"http:\/\/www.airsoft.nu\/recensioner\/files\/2012\/07\/shootmyash_smartash_4a_02_tn.jpg\" alt=\"Kartongen med smartash 4A\" width=\"205\" height=\"137\" \/><\/a><\/td>\n<td style=\"width: 33%;\"><a title=\"Inneh\u00e5llet i p\u00e5sar.\" href=\"http:\/\/www.airsoft.nu\/recensioner\/files\/2012\/07\/shootmyash_smartash_4a_03.jpg\" rel=\"lightbox\"><img decoding=\"async\" class=\"aligncenter\" title=\"Inneh\u00e5llet i p\u00e5sar.\" src=\"http:\/\/www.airsoft.nu\/recensioner\/files\/2012\/07\/shootmyash_smartash_4a_03_tn.jpg\" alt=\"Inneh\u00e5llet i p\u00e5sar.\" width=\"205\" height=\"137\" \/><\/a><\/td>\n<td style=\"width: 33%;\"><a title=\"Medf\u00f6ljande USB-mottagare.\" href=\"http:\/\/www.airsoft.nu\/recensioner\/files\/2012\/07\/shootmyash_smartash_4a_04.jpg\" rel=\"lightbox\"><img decoding=\"async\" class=\"alignright\" title=\"Medf\u00f6ljande USB-mottagare.\" src=\"http:\/\/www.airsoft.nu\/recensioner\/files\/2012\/07\/shootmyash_smartash_4a_04_tn.jpg\" alt=\"Medf\u00f6ljande USB-mottagare.\" width=\"205\" height=\"137\" \/><\/a><\/td>\n<\/tr>\n<\/tbody>\n<\/table>\n<p>SmartAsh 4A levereras i en kartongl\u00e5da. I l\u00e5dan finns m\u00e5ltavlan, tv\u00e5 AAA-batterier (isatta fr\u00e5n fabrik), bruksanvisning, USB-mottagare (fastsatt i m\u00e5ltavlan), f\u00f6rl\u00e4ngningssladd f\u00f6r USB-mottagaren p\u00e5 4,5 meter, fyra skruv\u00f6glor med tillh\u00f6rande mutter och tv\u00e5 sp\u00e4nnband.<\/p>\n<h2>Utseende och funktion<\/h2>\n<h3>Framsidan<\/h3>\n<table style=\"width: 630px;\" cellspacing=\"0\" cellpadding=\"2\">\n<tbody>\n<tr>\n<td colspan=\"3\"><a title=\"Framsidan med 4 stycken m\u00e5l.\" href=\"http:\/\/www.airsoft.nu\/recensioner\/files\/2012\/07\/shootmyash_smartash_4a_05.jpg\" rel=\"lightbox\"><img decoding=\"async\" class=\"aligncenter size-full wp-image-114\" title=\"Framsidan med 4 stycken m\u00e5l.\" src=\"http:\/\/www.airsoft.nu\/recensioner\/files\/2012\/07\/shootmyash_smartash_4a_05_tn.jpg\" alt=\"Framsidan med 4 stycken m\u00e5l.\" width=\"630\" height=\"420\" \/><\/a><\/td>\n<\/tr>\n<tr>\n<td style=\"width: 33%;\"><a title=\"Orange m\u00e5ltavla.\" href=\"http:\/\/www.airsoft.nu\/recensioner\/files\/2012\/07\/shootmyash_smartash_4a_010.jpg\" rel=\"lightbox\"><img decoding=\"async\" class=\"alignleft\" title=\"Orange m\u00e5ltavla.\" src=\"http:\/\/www.airsoft.nu\/recensioner\/files\/2012\/07\/shootmyash_smartash_4a_010_tn.jpg\" alt=\"Orange m\u00e5ltava.\" width=\"205\" height=\"137\" \/><\/a><\/td>\n<td style=\"width: 33%;\"><a title=\"Plexiglas.\" href=\"http:\/\/www.airsoft.nu\/recensioner\/files\/2012\/07\/shootmyash_smartash_4a_011.jpg\" rel=\"lightbox\"><img decoding=\"async\" class=\"aligncenter\" title=\"Plexiglas.\" src=\"http:\/\/www.airsoft.nu\/recensioner\/files\/2012\/07\/shootmyash_smartash_4a_011_tn.jpg\" alt=\"Plexiglas.\" width=\"205\" height=\"137\" \/><\/a><\/td>\n<td style=\"width: 33%;\"><a title=\"Skyddande plexiglas.\" href=\"http:\/\/www.airsoft.nu\/recensioner\/files\/2012\/07\/shootmyash_smartash_4a_012.jpg\" rel=\"lightbox\"><img decoding=\"async\" class=\"alignright\" title=\"Skyddande plexiglas.\" src=\"http:\/\/www.airsoft.nu\/recensioner\/files\/2012\/07\/shootmyash_smartash_4a_012_tn.jpg\" alt=\"Skyddande plexiglas.\" width=\"205\" height=\"137\" \/><\/a><\/td>\n<\/tr>\n<\/tbody>\n<\/table>\n<p>Framsidan av SmartAsh 4A best\u00e5r av fyra stycken plattor d\u00e4r varje \u00e4r en egen m\u00e5ltavla. Plattorna best\u00e5r av tr\u00e4 som har en orange tr\u00e4fftavla (finns flera olika f\u00e4rger, men vi fick en med orange f\u00e4rg). Varje platta har mellan en och fyra prickar s\u00e5 att man ser vem som \u00e4r vem. Ytterst \u00e4r det en plexiglas-skiva p\u00e5 varje f\u00f6r att skydda tr\u00e4et. Varje m\u00e5ltavla med tillh\u00f6rande plexiglas-bit \u00e4r fastskruvad. Plexiglas-skivorna \u00e4r v\u00e4ldigt glansiga s\u00e5 de speglar v\u00e4ldigt bra s\u00e5 att p\u00e5 en del av bilderna ser man taket d\u00e4r detta fotograferades. Varje plastskiva \u00e4r avfasad p\u00e5 ovansidan.<\/p>\n<h3>Baksidan<\/h3>\n<table style=\"width: 630px;\" cellspacing=\"0\" cellpadding=\"2\">\n<tbody>\n<tr>\n<td colspan=\"3\"><a title=\"Baksidan.\" href=\"http:\/\/www.airsoft.nu\/recensioner\/files\/2012\/07\/shootmyash_smartash_4a_06.jpg\" rel=\"lightbox\"><img decoding=\"async\" class=\"aligncenter size-full wp-image-114\" title=\"Baksidan.\" src=\"http:\/\/www.airsoft.nu\/recensioner\/files\/2012\/07\/shootmyash_smartash_4a_06_tn.jpg\" alt=\"Baksidan.\" width=\"630\" height=\"420\" \/><\/a><\/td>\n<\/tr>\n<tr>\n<td style=\"width: 33%;\"><a title=\"On-off-knappen.\" href=\"http:\/\/www.airsoft.nu\/recensioner\/files\/2012\/07\/shootmyash_smartash_4a_07.jpg\" rel=\"lightbox\"><img decoding=\"async\" class=\"alignleft\" title=\"On-off-knappen\" src=\"http:\/\/www.airsoft.nu\/recensioner\/files\/2012\/07\/shootmyash_smartash_4a_07_tn.jpg\" alt=\"On-off-knappen\" width=\"205\" height=\"137\" \/><\/a><\/td>\n<td style=\"width: 33%;\"><a title=\"Etikett p\u00e5 baksidan.\" href=\"http:\/\/www.airsoft.nu\/recensioner\/files\/2012\/07\/shootmyash_smartash_4a_08.jpg\" rel=\"lightbox\"><img decoding=\"async\" class=\"aligncenter\" title=\"Etikett p\u00e5 bakisidan.\" src=\"http:\/\/www.airsoft.nu\/recensioner\/files\/2012\/07\/shootmyash_smartash_4a_08_tn.jpg\" alt=\"Etikett p\u00e5 baksidan.\" width=\"205\" height=\"137\" \/><\/a><\/td>\n<td style=\"width: 33%;\"><a title=\"Sk\u00f6nhetsmiss.\" href=\"http:\/\/www.airsoft.nu\/recensioner\/files\/2012\/07\/shootmyash_smartash_4a_09.jpg\" rel=\"lightbox\"><img decoding=\"async\" class=\"alignright\" title=\"Sk\u00f6nhetsmiss.\" src=\"http:\/\/www.airsoft.nu\/recensioner\/files\/2012\/07\/shootmyash_smartash_4a_09_tn.jpg\" alt=\"Sk\u00f6nhetsmiss.\" width=\"205\" height=\"137\" \/><\/a><\/td>\n<\/tr>\n<\/tbody>\n<\/table>\n<p>P\u00e5 baksidan finns knappen f\u00f6r att starta tavlans fyra sensorer och s\u00e4ndare. P\u00e5 en stor orange dekal st\u00e5r det bland annat att denna enhet \u00e4r tillverkad i Maj 2012 i USA. I motst\u00e5ende h\u00f6rn till startknappen finns en sk\u00f6nhetsmiss av bottenplattan som uppkommit under tillverkningen. De fyra vita skruvarna som syns h\u00e5ller fast ett kretskort p\u00e5 andra sidan.<\/p>\n<h3>P\u00e5 sidorna<\/h3>\n<table style=\"width: 630px;\" cellspacing=\"0\" cellpadding=\"2\">\n<tbody>\n<tr>\n<td style=\"width: 33%;\"><a title=\"Skruv\u00f6glor att s\u00e4tta fast sp\u00e4nnbanden med.\" href=\"http:\/\/www.airsoft.nu\/recensioner\/files\/2012\/07\/shootmyash_smartash_4a_013.jpg\" rel=\"lightbox\"><img decoding=\"async\" class=\"alignleft\" title=\"Skruv\u00f6glor att s\u00e4tta fast sp\u00e4nnbanden med.\" src=\"http:\/\/www.airsoft.nu\/recensioner\/files\/2012\/07\/shootmyash_smartash_4a_013_tn.jpg\" alt=\"Skruv\u00f6glor att s\u00e4tta fast sp\u00e4nnbanden med.\" width=\"205\" height=\"137\" \/><\/a><\/td>\n<td style=\"width: 33%;\"><a title=\"P\u00e5 undersidan d\u00e4r USB-mottagaren sitter fast.\" href=\"http:\/\/www.airsoft.nu\/recensioner\/files\/2012\/07\/shootmyash_smartash_4a_014.jpg\" rel=\"lightbox\"><img decoding=\"async\" class=\"aligncenter\" title=\"P\u00e5 undersidan d\u00e4r USB-mottagaren sitter fast.\" src=\"http:\/\/www.airsoft.nu\/recensioner\/files\/2012\/07\/shootmyash_smartash_4a_014_tn.jpg\" alt=\"P\u00e5 undersidan d\u00e4r USB-mottagaren sitter fast.\" width=\"205\" height=\"137\" \/><\/a><\/td>\n<td style=\"width: 33%;\"><a title=\"USB-mottagaren.\" href=\"http:\/\/www.airsoft.nu\/recensioner\/files\/2012\/07\/shootmyash_smartash_4a_015.jpg\" rel=\"lightbox\"><img decoding=\"async\" class=\"alignright\" title=\"USB-mottagaren.\" src=\"http:\/\/www.airsoft.nu\/recensioner\/files\/2012\/07\/shootmyash_smartash_4a_015_tn.jpg\" alt=\"USB-mottagaren.\" width=\"205\" height=\"137\" \/><\/a><\/td>\n<\/tr>\n<\/tbody>\n<\/table>\n<p>P\u00e5 b\u00e5de nedersidan och ovansidan finns det tv\u00e5 h\u00e5l f\u00f6r att f\u00e4sta skruv\u00f6glorna som man f\u00e4ster sp\u00e4nnbanden i. P\u00e5 nedersidan finns h\u00e5let d\u00e4r USB-mottagaren f\u00f6rvaras n\u00e4r systemet inte anv\u00e4nds.<\/p>\n<h3>Inuti<\/h3>\n<table style=\"width: 630px;\" cellspacing=\"0\" cellpadding=\"2\">\n<tbody>\n<tr>\n<td colspan=\"3\"><a title=\"Kretskort med texten SmartAsh Rev2b.\" href=\"http:\/\/www.airsoft.nu\/recensioner\/files\/2012\/07\/shootmyash_smartash_4a_016.jpg\" rel=\"lightbox\"><img decoding=\"async\" class=\"aligncenter size-full wp-image-114\" title=\"Kretskort med texten SmartAsh Rev2b.\" src=\"http:\/\/www.airsoft.nu\/recensioner\/files\/2012\/07\/shootmyash_smartash_4a_016_tn.jpg\" alt=\"Kretskort med texten SmartAsh Rev2b.\" width=\"630\" height=\"420\" \/><\/a><\/td>\n<\/tr>\n<\/tbody>\n<\/table>\n<p>Bakom de fyra plattorna sitter det ett kretskort dit alla plattornas tr\u00e4ffsensorer \u00e4r kopplade och \u00e4ven en s\u00e4ndare. P\u00e5 kretskortet st\u00e5r det SmartAsh Rev2b.<\/p>\n<table style=\"width: 630px;\" cellspacing=\"0\" cellpadding=\"2\">\n<tbody>\n<tr>\n<td style=\"width: 33%;\"><a title=\"M\u00e5ltavla nr 4.\" href=\"http:\/\/www.airsoft.nu\/recensioner\/files\/2012\/07\/shootmyash_smartash_4a_017.jpg\" rel=\"lightbox\"><img decoding=\"async\" class=\"alignleft\" title=\"M\u00e5ltavla nr 4.\" src=\"http:\/\/www.airsoft.nu\/recensioner\/files\/2012\/07\/shootmyash_smartash_4a_017_tn.jpg\" alt=\"M\u00e5ltavla nr 4.\" width=\"205\" height=\"137\" \/><\/a><\/td>\n<td style=\"width: 33%;\"><a title=\"Bakom m\u00e5ltavla nr 4.\" href=\"http:\/\/www.airsoft.nu\/recensioner\/files\/2012\/07\/shootmyash_smartash_4a_018.jpg\" rel=\"lightbox\"><img decoding=\"async\" class=\"aligncenter\" title=\"Bakom m\u00e5ltavla nr 4.\" src=\"http:\/\/www.airsoft.nu\/recensioner\/files\/2012\/07\/shootmyash_smartash_4a_018_tn.jpg\" alt=\"Bakom m\u00e5ltavla nr 4.\" width=\"205\" height=\"137\" \/><\/a><\/td>\n<td style=\"width: 33%;\"><a title=\"De medf\u00f6ljande tv\u00e5 AAA-batterierna \u00e4r monterade fr\u00e5n fabrik.\" href=\"http:\/\/www.airsoft.nu\/recensioner\/files\/2012\/07\/shootmyash_smartash_4a_019.jpg\" rel=\"lightbox\"><img decoding=\"async\" class=\"alignright\" title=\"De medf\u00f6ljande tv\u00e5 AAA-batterierna \u00e4r monterade fr\u00e5n fabrik.\" src=\"http:\/\/www.airsoft.nu\/recensioner\/files\/2012\/07\/shootmyash_smartash_4a_019_tn.jpg\" alt=\"De medf\u00f6ljande tv\u00e5 AAA-batterierna \u00e4r monterade fr\u00e5n fabrik.\" width=\"205\" height=\"137\" \/><\/a><\/td>\n<\/tr>\n<\/tbody>\n<\/table>\n<p>Kretsen drivs av tv\u00e5 stycken AAA-batterier och som ing\u00e5r. Enligt tillverkaren ber\u00e4knas batterierna h\u00e5lla i ca ett \u00e5r eller ca 1 500 000 tr\u00e4ffar.\u00a0F\u00f6r att byta batteri s\u00e5 beh\u00f6ver man skruva bort skruvarna vid nr 4, lyfta f\u00f6rsiktigt p\u00e5 luckan s\u00e5 att inga svetsningar skadas och d\u00e4refter \u00f6ppna batteriluckan.<\/p>\n<h3>Programvara<\/h3>\n<p>Den medf\u00f6ljande USB-mottagaren kopplas in i en ledig USB-port i sin dator (och som installeras automatiskt) och d\u00e4refter trycker man p\u00e5 startknappen bakp\u00e5 SmartAsh 4A. Den medf\u00f6ljande USB-mottagaren\u00a0fungerar b\u00e5de med Windows och Mac. Vill man anv\u00e4nda en Ipad eller Android (dvs enhet utan USB-port) s\u00e5 beh\u00f6vs en enhet som kallas RangeCloud som beh\u00f6ver k\u00f6pas separat (vi har inte testat).<\/p>\n<p><a title=\"Programvaran.\" href=\"http:\/\/www.airsoft.nu\/recensioner\/files\/2012\/07\/shootmyash_smartash_4a_020.jpg\" rel=\"lightbox\"><img decoding=\"async\" class=\"alignnone size-full wp-image-878\" title=\"Programvaran.\" src=\"http:\/\/www.airsoft.nu\/recensioner\/files\/2012\/07\/shootmyash_smartash_4a_020_tn.jpg\" alt=\"Programvaran.\" width=\"630\" height=\"420\" \/><\/a><\/p>\n<p>D\u00e4refter bes\u00f6ker man sidan\u00a0<a href=\"http:\/\/www.shootmyash.com\/score-board.php\" target=\"_blank\">http:\/\/www.shootmyash.com\/score-board.php<\/a>\u00a0och v\u00e4ljer vilket spel man vill starta. Man kan \u00e4ven ladda ner s\u00e5 att man har programvaran offline. Ifall man vill s\u00e5 kan man v\u00e4lja att sitt resultat ska laddas upp p\u00e5 resultatlistan\u00a0<a href=\"http:\/\/www.shootmyash.net\/SMA\/Leaderboard.aspx\" target=\"_blank\">http:\/\/www.shootmyash.net\/SMA\/Leaderboard.aspx<\/a>.<\/p>\n<p>Det finns i nuvarande version \u00e5tta stycken spell\u00e4gen; Free play,\u00a0Target Practice, H-O-R-S-E, Quick Draw, Killer, Sniper Says, SSC style rules och Spartan Crucible, (l\u00e4s mer om spell\u00e4gena p\u00e5 l\u00e4nken till Score Board ovan). Flera av spell\u00e4gena \u00e4r i beta-stadie.\u00a0\u00a0P\u00e5 en platta kan man som mest vara fyra stycken spelare och flera spell\u00e4gen kr\u00e4ver flera enheter. Eftersom att detta \u00e4r en &#8221;smart&#8221; m\u00e5ltavla s\u00e5 kan man samtidigt ha flera SmartAsh 4A-enheter inkopplade samtidigt, nuvarande programvara st\u00f6djer upp till tio.<\/p>\n<p>Man kan genom inst\u00e4llningar v\u00e4lja om plattan ska vara v\u00e5gr\u00e4tt eller lodr\u00e4t, manlig eller kvinnlig speakerr\u00f6st och ljud vid tr\u00e4ff och miss mm.<\/p>\n<h2>F\u00e4lttest<\/h2>\n<p><a title=\"F\u00e4lttest av SmartAsh 4A.\" href=\"http:\/\/www.airsoft.nu\/recensioner\/files\/2012\/07\/shootmyash_smartash_4a_024.jpg\" rel=\"lightbox\"><img decoding=\"async\" class=\"alignnone size-full wp-image-900\" title=\"F\u00e4lttest av SmartAsh 4A.\" src=\"http:\/\/www.airsoft.nu\/recensioner\/files\/2012\/07\/shootmyash_smartash_4a_024_tn.jpg\" alt=\"F\u00e4lttest av SmartAsh 4A.\" width=\"630\" height=\"420\" \/><\/a><\/p>\n<p>F\u00e4lttest.<\/p>\n<p><a title=\"SmartAsh 4A uppsatt p\u00e5 ett tr\u00e4d.\" href=\"http:\/\/www.airsoft.nu\/recensioner\/files\/2012\/07\/shootmyash_smartash_4a_021.jpg\" rel=\"lightbox\"><img decoding=\"async\" class=\"alignnone size-full wp-image-892\" title=\"SmartAsh 4A uppsatt p\u00e5 ett tr\u00e4d.\" src=\"http:\/\/www.airsoft.nu\/recensioner\/files\/2012\/07\/shootmyash_smartash_4a_021_tn.jpg\" alt=\"SmartAsh 4A uppsatt p\u00e5 ett tr\u00e4d.\" width=\"630\" height=\"420\" \/><\/a><\/p>\n<p>Tavlan s\u00e4tts enkelt upp p\u00e5 ett tr\u00e4d, v\u00e5gr\u00e4tt eller lodr\u00e4tt med hj\u00e4lp av sp\u00e4nnbanden men innan dess komma ih\u00e5g att starta den genom knappen bakp\u00e5.<\/p>\n<p><a title=\"N\u00e4rbild p\u00e5 programvaran i datorn.\" href=\"http:\/\/www.airsoft.nu\/recensioner\/files\/2012\/07\/shootmyash_smartash_4a_022.jpg\" rel=\"lightbox\"><img decoding=\"async\" class=\"alignnone size-full wp-image-894\" title=\"N\u00e4rbild p\u00e5 programvaran i datorn.\" src=\"http:\/\/www.airsoft.nu\/recensioner\/files\/2012\/07\/shootmyash_smartash_4a_022_tn.jpg\" alt=\"N\u00e4rbild p\u00e5 programvaran i datorn.\" width=\"630\" height=\"420\" \/><\/a><\/p>\n<p>Programmet som anv\u00e4nds \u00e4r en vanlig webbsida. Om man har mark\u00f6ren i ett textf\u00e4lt och m\u00e5ltavlorna registrerar tr\u00e4ffar s\u00e5 skriver den ut siffrorna 1 till 4 beroende p\u00e5 vilken m\u00e5ltavla som \u00e4r tr\u00e4ffad, det hanteras allts\u00e5 som ett tangentbord av datorn.<\/p>\n<p><a title=\"Skjutning p\u00e5 m\u00e5l och observation p\u00e5 datorns sk\u00e4rm.\" href=\"http:\/\/www.airsoft.nu\/recensioner\/files\/2012\/07\/shootmyash_smartash_4a_023.jpg\" rel=\"lightbox\"><img decoding=\"async\" title=\"Skjutning p\u00e5 m\u00e5l och observation p\u00e5 datorns sk\u00e4rm.\" src=\"http:\/\/www.airsoft.nu\/recensioner\/files\/2012\/07\/shootmyash_smartash_4a_023_tn.jpg\" alt=\"Skjutning p\u00e5 m\u00e5l och observation p\u00e5 datorns sk\u00e4rm.\" width=\"630\" height=\"420\" \/><\/a><\/p>\n<p>Skjutning p\u00e5 m\u00e5l och observation p\u00e5 datorns sk\u00e4rm.<\/p>\n<p>F\u00f6rst s\u00e5 registrerades tr\u00e4ff b\u00e5de p\u00e5 det m\u00e5l som blev tr\u00e4ffat och den n\u00e4rmast intill men det l\u00f6stes genom att lossa lite grann p\u00e5 skruvarna f\u00f6r varje platta, enligt tidigare instruktioner vi f\u00e5tt av tillverkaren om detta skulle h\u00e4nda och efter det s\u00e5 registrerades alla tr\u00e4ffar korrekt.<\/p>\n<p>Enligt tillverkaren s\u00e5 finns det SmartAsh 4A med gummi mellan varje platta och ramen bakom och d\u00e5 blir den s\u00e4krad f\u00f6r fukt och det utf\u00f6randet har inte detta problem med dubbelregistrering. Plattor enligt det utf\u00f6randet kan h\u00e4nga ute i regn och rusk och \u00e4r d\u00e5 IP65-klassade.<\/p>\n<p>N\u00e4r det g\u00e4ller programvaran s\u00e5 \u00e4r flera spell\u00e4gen fortfarande i BETA. N\u00e4r det g\u00e4ller ljuden fr\u00e5n programvaran s\u00e5 gillar vi att de \u00e4r s\u00e5 tydliga s\u00e5 att varje spelare utan att kolla p\u00e5 datorsk\u00e4rmen kan f\u00f6lja vad som h\u00e4nder och n\u00e4r det \u00e4r sin tur osv. Men programmet har en viss tendens att lagga.<\/p>\n<p>Vi testade olika avst\u00e5nd mellan tavlan och USB-mottagaren f\u00f6r att kolla r\u00e4ckvidden och f\u00e5r en maximal str\u00e4cka p\u00e5 ca 30 meter. I de fall d\u00e4r n\u00e5gon av m\u00e5ltavlorna registrerar en tr\u00e4ff men avst\u00e5ndet \u00e4r f\u00f6r l\u00e5ngt till USB-mottagaren s\u00e5 att de tappar kontakten med varandra s\u00e5 \u00f6verf\u00f6rs registreringar n\u00e4r de b\u00e5da har f\u00e5tt kontakt igen.<\/p>\n<p style=\"text-align: center;\"><a title=\"M\u00e5ltavlan har blivit utsatt f\u00f6r airsoftkulor.\" href=\"http:\/\/www.airsoft.nu\/recensioner\/files\/2012\/07\/shootmyash_smartash_4a_025.jpg\" rel=\"lightbox\"><img decoding=\"async\" class=\"aligncenter size-full wp-image-913\" title=\"M\u00e5ltavlan har blivit utsatt f\u00f6r airsoftkulor.\" src=\"http:\/\/www.airsoft.nu\/recensioner\/files\/2012\/07\/shootmyash_smartash_4a_025_tn.jpg\" alt=\"M\u00e5ltavlan har blivit utsatt f\u00f6r airsoftkulor.\" width=\"630\" height=\"420\" \/><\/a><\/p>\n<p>Vi kan inte se n\u00e5gra kulm\u00e4rken i plexiglas-bitarna men d\u00e4remot mellan m\u00e5ltavelplattorna kan kulor komma \u00e5t tr\u00e4ramen bakom s\u00e5 att d\u00e4r ser man tydliga m\u00e4rken.<\/p>\n<h2>Slutsats<\/h2>\n<p>SmartAsh 4A \u00e4r en produkt vi Gillar!<\/p>\n<p>Denna produkt \u00e4r perfekt att tr\u00e4na prickskytte med (tex IPSC) b\u00e5de ensam och med kompisar p\u00e5 ett underh\u00e5llande s\u00e4tt. N\u00e5gra optimeringar av programvaran och denna produkt \u00e4r utm\u00e4rkt!<\/p>\n<p>SmartAsh 4A finnas att k\u00f6pa f\u00f6r $199 USD p\u00e5 tillverkarens hemsida (<a href=\"http:\/\/www.shootmyash.com\" target=\"_blank\">www.shootmyash.com<\/a>), men finns \u00e4ven hos en del \u00e5terf\u00f6rs\u00e4ljare i USA.<\/p>\n<blockquote><p>Denna recension \u00e4r skriven av Daniel (Koordinator produkttestning) och Johan (Produkttestare) samt n\u00e5gra till har varit med och testat den. Tillverkaren <a href=\"http:\/\/www.shootmyash.com\" target=\"_blank\">ShootMyAsh<\/a> har f\u00f6r sett oss med produkten.<\/p><\/blockquote>\n","protected":false},"excerpt":{"rendered":"<p>ShootMyAsh heter ett f\u00f6retag i USA som tillverkar s\u00e5kallade smarta m\u00e5ltavlor f\u00f6r airsoft och Airsoft.nu har testat deras m\u00e5ltavla SmartAsh 4A. SMART st\u00e5r f\u00f6r\u00a0Solid Motion Alternative Reactive Targets. Konstruktionen SmartAsh 4A best\u00e5r till mesta dels av valn\u00f6tstr\u00e4 (Hickory) men i b\u00f6rjan n\u00e4r verksamheten startade anv\u00e4ndes tr\u00e4dslaget ask (Ash) och namnet Ash har d\u00e4rf\u00f6r h\u00e4ngt kvar. [&hellip;]<\/p>\n","protected":false},"author":3,"featured_media":0,"parent":0,"menu_order":0,"comment_status":"open","ping_status":"open","template":"","meta":{"footnotes":""},"class_list":["post-817","page","type-page","status-publish","hentry"],"_links":{"self":[{"href":"http:\/\/www.airsoft.nu\/recensioner\/wp-json\/wp\/v2\/pages\/817","targetHints":{"allow":["GET"]}}],"collection":[{"href":"http:\/\/www.airsoft.nu\/recensioner\/wp-json\/wp\/v2\/pages"}],"about":[{"href":"http:\/\/www.airsoft.nu\/recensioner\/wp-json\/wp\/v2\/types\/page"}],"author":[{"embeddable":true,"href":"http:\/\/www.airsoft.nu\/recensioner\/wp-json\/wp\/v2\/users\/3"}],"replies":[{"embeddable":true,"href":"http:\/\/www.airsoft.nu\/recensioner\/wp-json\/wp\/v2\/comments?post=817"}],"version-history":[{"count":49,"href":"http:\/\/www.airsoft.nu\/recensioner\/wp-json\/wp\/v2\/pages\/817\/revisions"}],"predecessor-version":[{"id":873,"href":"http:\/\/www.airsoft.nu\/recensioner\/wp-json\/wp\/v2\/pages\/817\/revisions\/873"}],"wp:attachment":[{"href":"http:\/\/www.airsoft.nu\/recensioner\/wp-json\/wp\/v2\/media?parent=817"}],"curies":[{"name":"wp","href":"https:\/\/api.w.org\/{rel}","templated":true}]}}